{"id":3945,"date":"2017-10-31T11:01:13","date_gmt":"2017-10-31T14:01:13","guid":{"rendered":"http:\/\/aabbjf.com.br\/novo\/?page_id=3945"},"modified":"2023-05-25T07:31:46","modified_gmt":"2023-05-25T10:31:46","slug":"o-xaveco","status":"publish","type":"page","link":"https:\/\/aabbjf.com.br\/novo\/o-xaveco\/","title":{"rendered":"O Xaveco"},"content":{"rendered":"<p style=\"text-align: justify;\">O CH<em>AVECO<\/em>, time \u201coficial\u201d de futebol da AABB Juiz de Fora, foi fundado no final dos anos 1960. Seu curioso nome foi uma corruptela criada em cima de <em>CHAVECOPOS<\/em> (sobre copos de cerveja). Posteriormente surgiu outro <em>XAVECO<\/em> (com X), formado por jogadores mais jovens. O time dos veteranos jogava nas noites de quinta-feira, enquanto, o dos mais novos, atua at\u00e9 hoje nas tardes de s\u00e1bado, quando realiza partidas amistosas com advers\u00e1rios da cidade.<\/p>\n<p style=\"text-align: center;\"><strong>Diversas forma\u00e7\u00f5es do XAVECO ao longo dos anos:<\/strong><\/p>\n<p style=\"text-align: center;\"><a href=\"https:\/\/aabbjf.com.br\/novo\/wp-content\/uploads\/2017\/10\/historiaxaveco2.jpg\"><img fetchpriority=\"high\" decoding=\"async\" class=\"alignnone wp-image-3946 size-full\" src=\"https:\/\/aabbjf.com.br\/novo\/wp-content\/uploads\/2017\/10\/historiaxaveco2.jpg\" alt=\"\" width=\"800\" height=\"528\" srcset=\"https:\/\/aabbjf.com.br\/novo\/wp-content\/uploads\/2017\/10\/historiaxaveco2.jpg 800w, https:\/\/aabbjf.com.br\/novo\/wp-content\/uploads\/2017\/10\/historiaxaveco2-300x198.jpg 300w, https:\/\/aabbjf.com.br\/novo\/wp-content\/uploads\/2017\/10\/historiaxaveco2-768x507.jpg 768w\" sizes=\"(max-width: 800px) 100vw, 800px\" \/><\/a> <a href=\"https:\/\/aabbjf.com.br\/novo\/wp-content\/uploads\/2017\/10\/historiaxaveco3.jpg\"><img decoding=\"async\" class=\"alignnone wp-image-3947 size-full\" src=\"https:\/\/aabbjf.com.br\/novo\/wp-content\/uploads\/2017\/10\/historiaxaveco3.jpg\" alt=\"\" width=\"800\" height=\"626\" srcset=\"https:\/\/aabbjf.com.br\/novo\/wp-content\/uploads\/2017\/10\/historiaxaveco3.jpg 800w, https:\/\/aabbjf.com.br\/novo\/wp-content\/uploads\/2017\/10\/historiaxaveco3-300x235.jpg 300w, https:\/\/aabbjf.com.br\/novo\/wp-content\/uploads\/2017\/10\/historiaxaveco3-768x601.jpg 768w\" sizes=\"(max-width: 800px) 100vw, 800px\" \/><\/a> <a href=\"https:\/\/aabbjf.com.br\/novo\/wp-content\/uploads\/2017\/10\/historiaxaveco4.jpg\"><img decoding=\"async\" class=\"alignnone wp-image-3948 size-full\" src=\"https:\/\/aabbjf.com.br\/novo\/wp-content\/uploads\/2017\/10\/historiaxaveco4.jpg\" alt=\"\" width=\"800\" height=\"579\" srcset=\"https:\/\/aabbjf.com.br\/novo\/wp-content\/uploads\/2017\/10\/historiaxaveco4.jpg 800w, https:\/\/aabbjf.com.br\/novo\/wp-content\/uploads\/2017\/10\/historiaxaveco4-300x217.jpg 300w, https:\/\/aabbjf.com.br\/novo\/wp-content\/uploads\/2017\/10\/historiaxaveco4-768x556.jpg 768w\" sizes=\"(max-width: 800px) 100vw, 800px\" \/><\/a> <a href=\"https:\/\/aabbjf.com.br\/novo\/wp-content\/uploads\/2017\/10\/historiaxaveco5.jpg\"><img loading=\"lazy\" decoding=\"async\" class=\"alignnone wp-image-3949 size-full\" src=\"https:\/\/aabbjf.com.br\/novo\/wp-content\/uploads\/2017\/10\/historiaxaveco5.jpg\" alt=\"\" width=\"800\" height=\"548\" srcset=\"https:\/\/aabbjf.com.br\/novo\/wp-content\/uploads\/2017\/10\/historiaxaveco5.jpg 800w, https:\/\/aabbjf.com.br\/novo\/wp-content\/uploads\/2017\/10\/historiaxaveco5-300x206.jpg 300w, https:\/\/aabbjf.com.br\/novo\/wp-content\/uploads\/2017\/10\/historiaxaveco5-768x526.jpg 768w\" sizes=\"(max-width: 800px) 100vw, 800px\" \/><\/a> <a href=\"https:\/\/aabbjf.com.br\/novo\/wp-content\/uploads\/2017\/10\/historiaxaveco6.jpg\"><img loading=\"lazy\" decoding=\"async\" class=\"alignnone wp-image-3950 size-full\" src=\"https:\/\/aabbjf.com.br\/novo\/wp-content\/uploads\/2017\/10\/historiaxaveco6.jpg\" alt=\"\" width=\"800\" height=\"667\" srcset=\"https:\/\/aabbjf.com.br\/novo\/wp-content\/uploads\/2017\/10\/historiaxaveco6.jpg 800w, https:\/\/aabbjf.com.br\/novo\/wp-content\/uploads\/2017\/10\/historiaxaveco6-300x250.jpg 300w, https:\/\/aabbjf.com.br\/novo\/wp-content\/uploads\/2017\/10\/historiaxaveco6-768x640.jpg 768w\" sizes=\"(max-width: 800px) 100vw, 800px\" \/><\/a><br \/>\n<a href=\"https:\/\/aabbjf.com.br\/novo\/wp-content\/uploads\/2023\/05\/1-16.jpg\"><img loading=\"lazy\" decoding=\"async\" class=\"alignnone size-full wp-image-25853\" src=\"https:\/\/aabbjf.com.br\/novo\/wp-content\/uploads\/2023\/05\/1-16.jpg\" alt=\"\" width=\"1200\" height=\"900\" srcset=\"https:\/\/aabbjf.com.br\/novo\/wp-content\/uploads\/2023\/05\/1-16.jpg 1200w, https:\/\/aabbjf.com.br\/novo\/wp-content\/uploads\/2023\/05\/1-16-300x225.jpg 300w, https:\/\/aabbjf.com.br\/novo\/wp-content\/uploads\/2023\/05\/1-16-1024x768.jpg 1024w, https:\/\/aabbjf.com.br\/novo\/wp-content\/uploads\/2023\/05\/1-16-768x576.jpg 768w\" sizes=\"(max-width: 1200px) 100vw, 1200px\" \/><\/a> <a href=\"https:\/\/aabbjf.com.br\/novo\/wp-content\/uploads\/2023\/05\/2-20.jpg\"><img loading=\"lazy\" decoding=\"async\" class=\"alignnone size-full wp-image-25854\" src=\"https:\/\/aabbjf.com.br\/novo\/wp-content\/uploads\/2023\/05\/2-20.jpg\" alt=\"\" width=\"1200\" height=\"813\" srcset=\"https:\/\/aabbjf.com.br\/novo\/wp-content\/uploads\/2023\/05\/2-20.jpg 1200w, https:\/\/aabbjf.com.br\/novo\/wp-content\/uploads\/2023\/05\/2-20-300x203.jpg 300w, https:\/\/aabbjf.com.br\/novo\/wp-content\/uploads\/2023\/05\/2-20-1024x694.jpg 1024w, https:\/\/aabbjf.com.br\/novo\/wp-content\/uploads\/2023\/05\/2-20-768x520.jpg 768w\" sizes=\"(max-width: 1200px) 100vw, 1200px\" \/><\/a> <a href=\"https:\/\/aabbjf.com.br\/novo\/wp-content\/uploads\/2023\/05\/3-14.jpg\"><img loading=\"lazy\" decoding=\"async\" class=\"alignnone size-full wp-image-25855\" src=\"https:\/\/aabbjf.com.br\/novo\/wp-content\/uploads\/2023\/05\/3-14.jpg\" alt=\"\" width=\"1206\" height=\"863\" srcset=\"https:\/\/aabbjf.com.br\/novo\/wp-content\/uploads\/2023\/05\/3-14.jpg 1206w, https:\/\/aabbjf.com.br\/novo\/wp-content\/uploads\/2023\/05\/3-14-300x215.jpg 300w, https:\/\/aabbjf.com.br\/novo\/wp-content\/uploads\/2023\/05\/3-14-1024x733.jpg 1024w, https:\/\/aabbjf.com.br\/novo\/wp-content\/uploads\/2023\/05\/3-14-768x550.jpg 768w\" sizes=\"(max-width: 1206px) 100vw, 1206px\" \/><\/a><\/p>\n","protected":false},"excerpt":{"rendered":"<p>O CHAVECO, time \u201coficial\u201d de futebol da AABB Juiz de Fora, foi fundado no final dos anos 1960. Seu curioso nome foi uma corruptela criada em cima de CHAVECOPOS (sobre copos de cerveja). Posteriormente surgiu outro XAVECO (com X), formado por jogadores mais jovens. O time dos veteranos jogava nas noites de quinta-feira, enquanto, o [&hellip;]<\/p>\n","protected":false},"author":2,"featured_media":3951,"parent":0,"menu_order":0,"comment_status":"closed","ping_status":"closed","template":"","meta":{"footnotes":""},"_links":{"self":[{"href":"https:\/\/aabbjf.com.br\/novo\/wp-json\/wp\/v2\/pages\/3945"}],"collection":[{"href":"https:\/\/aabbjf.com.br\/novo\/wp-json\/wp\/v2\/pages"}],"about":[{"href":"https:\/\/aabbjf.com.br\/novo\/wp-json\/wp\/v2\/types\/page"}],"author":[{"embeddable":true,"href":"https:\/\/aabbjf.com.br\/novo\/wp-json\/wp\/v2\/users\/2"}],"replies":[{"embeddable":true,"href":"https:\/\/aabbjf.com.br\/novo\/wp-json\/wp\/v2\/comments?post=3945"}],"version-history":[{"count":3,"href":"https:\/\/aabbjf.com.br\/novo\/wp-json\/wp\/v2\/pages\/3945\/revisions"}],"predecessor-version":[{"id":25857,"href":"https:\/\/aabbjf.com.br\/novo\/wp-json\/wp\/v2\/pages\/3945\/revisions\/25857"}],"wp:featuredmedia":[{"embeddable":true,"href":"https:\/\/aabbjf.com.br\/novo\/wp-json\/wp\/v2\/media\/3951"}],"wp:attachment":[{"href":"https:\/\/aabbjf.com.br\/novo\/wp-json\/wp\/v2\/media?parent=3945"}],"curies":[{"name":"wp","href":"https:\/\/api.w.org\/{rel}","templated":true}]}}