{"id":3618,"date":"2017-10-21T09:31:52","date_gmt":"2017-10-21T12:31:52","guid":{"rendered":"http:\/\/aabbjf.com.br\/novo\/?page_id=3618"},"modified":"2023-05-25T07:45:39","modified_gmt":"2023-05-25T10:45:39","slug":"a-charanga","status":"publish","type":"page","link":"https:\/\/aabbjf.com.br\/novo\/a-charanga\/","title":{"rendered":"A Charanga"},"content":{"rendered":"<p style=\"text-align: justify;\" align=\"center\"><span style=\"color: #453a3a; line-height: 115%; font-family: 'Arial','sans-serif'; font-size: 12pt;\">A <em><span style=\"font-family: 'Arial','sans-serif';\">Charanga<\/span><\/em>, torcida organizada da AABB Juiz de Fora, come\u00e7ou timidamente em Curitiba, em 1980, durante a realiza\u00e7\u00e3o da JENAB (Jornada Nacional de AABBs). Mas, com o apoio da diretoria da AABB e de diversos associados, que ajudaram a custear as despesas, pode-se viajar para v\u00e1rias cidades para torcer\u00a0pela Associa\u00e7\u00e3o, como: Ituiutaba, Governador Valadares, Ub\u00e1, Bras\u00edlia, Belo Horizonte e Niter\u00f3i.<\/span><\/p>\n<p style=\"text-align: center;\" align=\"center\"><a href=\"https:\/\/aabbjf.com.br\/novo\/wp-content\/uploads\/2023\/05\/1-18.jpg\"><img fetchpriority=\"high\" decoding=\"async\" class=\"alignnone size-full wp-image-25861\" src=\"https:\/\/aabbjf.com.br\/novo\/wp-content\/uploads\/2023\/05\/1-18.jpg\" alt=\"\" width=\"1200\" height=\"846\" srcset=\"https:\/\/aabbjf.com.br\/novo\/wp-content\/uploads\/2023\/05\/1-18.jpg 1200w, https:\/\/aabbjf.com.br\/novo\/wp-content\/uploads\/2023\/05\/1-18-300x212.jpg 300w, https:\/\/aabbjf.com.br\/novo\/wp-content\/uploads\/2023\/05\/1-18-1024x722.jpg 1024w, https:\/\/aabbjf.com.br\/novo\/wp-content\/uploads\/2023\/05\/1-18-768x541.jpg 768w\" sizes=\"(max-width: 1200px) 100vw, 1200px\" \/><\/a> <a href=\"https:\/\/aabbjf.com.br\/novo\/wp-content\/uploads\/2023\/05\/2-22.jpg\"><img decoding=\"async\" class=\"alignnone size-full wp-image-25862\" src=\"https:\/\/aabbjf.com.br\/novo\/wp-content\/uploads\/2023\/05\/2-22.jpg\" alt=\"\" width=\"1200\" height=\"850\" srcset=\"https:\/\/aabbjf.com.br\/novo\/wp-content\/uploads\/2023\/05\/2-22.jpg 1200w, https:\/\/aabbjf.com.br\/novo\/wp-content\/uploads\/2023\/05\/2-22-300x213.jpg 300w, https:\/\/aabbjf.com.br\/novo\/wp-content\/uploads\/2023\/05\/2-22-1024x725.jpg 1024w, https:\/\/aabbjf.com.br\/novo\/wp-content\/uploads\/2023\/05\/2-22-768x544.jpg 768w\" sizes=\"(max-width: 1200px) 100vw, 1200px\" \/><\/a> <a href=\"https:\/\/aabbjf.com.br\/novo\/wp-content\/uploads\/2023\/05\/3-15.jpg\"><img decoding=\"async\" class=\"alignnone size-full wp-image-25863\" src=\"https:\/\/aabbjf.com.br\/novo\/wp-content\/uploads\/2023\/05\/3-15.jpg\" alt=\"\" width=\"1200\" height=\"781\" srcset=\"https:\/\/aabbjf.com.br\/novo\/wp-content\/uploads\/2023\/05\/3-15.jpg 1200w, https:\/\/aabbjf.com.br\/novo\/wp-content\/uploads\/2023\/05\/3-15-300x195.jpg 300w, https:\/\/aabbjf.com.br\/novo\/wp-content\/uploads\/2023\/05\/3-15-1024x666.jpg 1024w, https:\/\/aabbjf.com.br\/novo\/wp-content\/uploads\/2023\/05\/3-15-768x500.jpg 768w\" sizes=\"(max-width: 1200px) 100vw, 1200px\" \/><\/a> <a href=\"https:\/\/aabbjf.com.br\/novo\/wp-content\/uploads\/2023\/05\/4-11.jpg\"><img loading=\"lazy\" decoding=\"async\" class=\"alignnone size-full wp-image-25864\" src=\"https:\/\/aabbjf.com.br\/novo\/wp-content\/uploads\/2023\/05\/4-11.jpg\" alt=\"\" width=\"1200\" height=\"854\" srcset=\"https:\/\/aabbjf.com.br\/novo\/wp-content\/uploads\/2023\/05\/4-11.jpg 1200w, https:\/\/aabbjf.com.br\/novo\/wp-content\/uploads\/2023\/05\/4-11-300x214.jpg 300w, https:\/\/aabbjf.com.br\/novo\/wp-content\/uploads\/2023\/05\/4-11-1024x729.jpg 1024w, https:\/\/aabbjf.com.br\/novo\/wp-content\/uploads\/2023\/05\/4-11-768x547.jpg 768w\" sizes=\"(max-width: 1200px) 100vw, 1200px\" \/><\/a> <a href=\"https:\/\/aabbjf.com.br\/novo\/wp-content\/uploads\/2023\/05\/5-8.jpg\"><img loading=\"lazy\" decoding=\"async\" class=\"alignnone size-full wp-image-25865\" src=\"https:\/\/aabbjf.com.br\/novo\/wp-content\/uploads\/2023\/05\/5-8.jpg\" alt=\"\" width=\"1200\" height=\"840\" srcset=\"https:\/\/aabbjf.com.br\/novo\/wp-content\/uploads\/2023\/05\/5-8.jpg 1200w, https:\/\/aabbjf.com.br\/novo\/wp-content\/uploads\/2023\/05\/5-8-300x210.jpg 300w, https:\/\/aabbjf.com.br\/novo\/wp-content\/uploads\/2023\/05\/5-8-1024x717.jpg 1024w, https:\/\/aabbjf.com.br\/novo\/wp-content\/uploads\/2023\/05\/5-8-768x538.jpg 768w\" sizes=\"(max-width: 1200px) 100vw, 1200px\" \/><\/a><\/p>\n","protected":false},"excerpt":{"rendered":"<p>A Charanga, torcida organizada da AABB Juiz de Fora, come\u00e7ou timidamente em Curitiba, em 1980, durante a realiza\u00e7\u00e3o da JENAB (Jornada Nacional de AABBs). Mas, com o apoio da diretoria da AABB e de diversos associados, que ajudaram a custear as despesas, pode-se viajar para v\u00e1rias cidades para torcer\u00a0pela Associa\u00e7\u00e3o, como: Ituiutaba, Governador Valadares, Ub\u00e1, [&hellip;]<\/p>\n","protected":false},"author":2,"featured_media":3619,"parent":0,"menu_order":0,"comment_status":"closed","ping_status":"closed","template":"","meta":{"footnotes":""},"_links":{"self":[{"href":"https:\/\/aabbjf.com.br\/novo\/wp-json\/wp\/v2\/pages\/3618"}],"collection":[{"href":"https:\/\/aabbjf.com.br\/novo\/wp-json\/wp\/v2\/pages"}],"about":[{"href":"https:\/\/aabbjf.com.br\/novo\/wp-json\/wp\/v2\/types\/page"}],"author":[{"embeddable":true,"href":"https:\/\/aabbjf.com.br\/novo\/wp-json\/wp\/v2\/users\/2"}],"replies":[{"embeddable":true,"href":"https:\/\/aabbjf.com.br\/novo\/wp-json\/wp\/v2\/comments?post=3618"}],"version-history":[{"count":3,"href":"https:\/\/aabbjf.com.br\/novo\/wp-json\/wp\/v2\/pages\/3618\/revisions"}],"predecessor-version":[{"id":25866,"href":"https:\/\/aabbjf.com.br\/novo\/wp-json\/wp\/v2\/pages\/3618\/revisions\/25866"}],"wp:featuredmedia":[{"embeddable":true,"href":"https:\/\/aabbjf.com.br\/novo\/wp-json\/wp\/v2\/media\/3619"}],"wp:attachment":[{"href":"https:\/\/aabbjf.com.br\/novo\/wp-json\/wp\/v2\/media?parent=3618"}],"curies":[{"name":"wp","href":"https:\/\/api.w.org\/{rel}","templated":true}]}}