{"id":3588,"date":"2017-10-20T13:26:53","date_gmt":"2017-10-20T16:26:53","guid":{"rendered":"http:\/\/aabbjf.com.br\/novo\/?page_id=3588"},"modified":"2022-12-21T08:35:23","modified_gmt":"2022-12-21T11:35:23","slug":"volei-dos-aposentados","status":"publish","type":"page","link":"https:\/\/aabbjf.com.br\/novo\/volei-dos-aposentados\/","title":{"rendered":"V\u00f4lei dos Aposentados"},"content":{"rendered":"<p style=\"text-align: justify;\" align=\"center\"><span style=\"color: #453a3a; line-height: 115%; font-family: 'Arial','sans-serif'; font-size: 12pt;\">O V\u00f4lei dos Aposentados, iniciado no clube em 1979, foi com o tempo reunindo mais adeptos nas manh\u00e3s de ter\u00e7as e quintas-feiras. Com o passamento de alguns e a desist\u00eancia de outros, o v\u00f4lei por vezes dava a impress\u00e3o de que poderia acabar, mas, com o incentivo de muitos outros e a ades\u00e3o de novos jogadores, as partidas se mant\u00e9m em plena atividade no clube.<\/span><\/p>\n<p style=\"text-align: justify;\" align=\"center\">O V\u00f4lei dos Aposentados e convidados \u00e9 aberto aos associados da AABB de todas as idades. Todos s\u00e3o muito bem-vindos. \u00c9 s\u00f3 chegar e participar!<\/p>\n<p style=\"text-align: center;\" align=\"center\"><strong>Dias e hor\u00e1rios dos jogos:<\/strong><\/p>\n<p style=\"text-align: center;\" align=\"center\">Ter\u00e7a e Quinta, a partir das 10h, no gin\u00e1sio poliesportivo.<\/p>\n<p style=\"text-align: center;\" align=\"center\">[divider]<\/p>\n<p style=\"text-align: center;\" align=\"center\"><a href=\"https:\/\/aabbjf.com.br\/novo\/wp-content\/uploads\/2017\/10\/voleiaposentadohist2.jpeg\"><img fetchpriority=\"high\" decoding=\"async\" class=\"alignnone wp-image-3590 size-full\" src=\"https:\/\/aabbjf.com.br\/novo\/wp-content\/uploads\/2017\/10\/voleiaposentadohist2.jpeg\" alt=\"\" width=\"800\" height=\"600\" srcset=\"https:\/\/aabbjf.com.br\/novo\/wp-content\/uploads\/2017\/10\/voleiaposentadohist2.jpeg 800w, https:\/\/aabbjf.com.br\/novo\/wp-content\/uploads\/2017\/10\/voleiaposentadohist2-300x225.jpeg 300w, https:\/\/aabbjf.com.br\/novo\/wp-content\/uploads\/2017\/10\/voleiaposentadohist2-768x576.jpeg 768w\" sizes=\"(max-width: 800px) 100vw, 800px\" \/><\/a><br \/>\n<a href=\"https:\/\/aabbjf.com.br\/novo\/wp-content\/uploads\/2022\/12\/1-9.jpg\"><img decoding=\"async\" class=\"alignnone size-full wp-image-24777\" src=\"https:\/\/aabbjf.com.br\/novo\/wp-content\/uploads\/2022\/12\/1-9.jpg\" alt=\"\" width=\"1200\" height=\"900\" srcset=\"https:\/\/aabbjf.com.br\/novo\/wp-content\/uploads\/2022\/12\/1-9.jpg 1200w, https:\/\/aabbjf.com.br\/novo\/wp-content\/uploads\/2022\/12\/1-9-300x225.jpg 300w, https:\/\/aabbjf.com.br\/novo\/wp-content\/uploads\/2022\/12\/1-9-1024x768.jpg 1024w, https:\/\/aabbjf.com.br\/novo\/wp-content\/uploads\/2022\/12\/1-9-768x576.jpg 768w\" sizes=\"(max-width: 1200px) 100vw, 1200px\" \/><\/a> <a href=\"https:\/\/aabbjf.com.br\/novo\/wp-content\/uploads\/2022\/12\/2-19.jpg\"><img decoding=\"async\" class=\"alignnone size-full wp-image-24778\" src=\"https:\/\/aabbjf.com.br\/novo\/wp-content\/uploads\/2022\/12\/2-19.jpg\" alt=\"\" width=\"1200\" height=\"811\" srcset=\"https:\/\/aabbjf.com.br\/novo\/wp-content\/uploads\/2022\/12\/2-19.jpg 1200w, https:\/\/aabbjf.com.br\/novo\/wp-content\/uploads\/2022\/12\/2-19-300x203.jpg 300w, https:\/\/aabbjf.com.br\/novo\/wp-content\/uploads\/2022\/12\/2-19-1024x692.jpg 1024w, https:\/\/aabbjf.com.br\/novo\/wp-content\/uploads\/2022\/12\/2-19-768x519.jpg 768w\" sizes=\"(max-width: 1200px) 100vw, 1200px\" \/><\/a> <a href=\"https:\/\/aabbjf.com.br\/novo\/wp-content\/uploads\/2022\/12\/3-18.jpg\"><img loading=\"lazy\" decoding=\"async\" class=\"alignnone size-full wp-image-24779\" src=\"https:\/\/aabbjf.com.br\/novo\/wp-content\/uploads\/2022\/12\/3-18.jpg\" alt=\"\" width=\"1200\" height=\"861\" srcset=\"https:\/\/aabbjf.com.br\/novo\/wp-content\/uploads\/2022\/12\/3-18.jpg 1200w, https:\/\/aabbjf.com.br\/novo\/wp-content\/uploads\/2022\/12\/3-18-300x215.jpg 300w, https:\/\/aabbjf.com.br\/novo\/wp-content\/uploads\/2022\/12\/3-18-1024x735.jpg 1024w, https:\/\/aabbjf.com.br\/novo\/wp-content\/uploads\/2022\/12\/3-18-768x551.jpg 768w\" sizes=\"(max-width: 1200px) 100vw, 1200px\" \/><\/a> <a href=\"https:\/\/aabbjf.com.br\/novo\/wp-content\/uploads\/2022\/12\/4-14.jpg\"><img loading=\"lazy\" decoding=\"async\" class=\"alignnone size-full wp-image-24780\" src=\"https:\/\/aabbjf.com.br\/novo\/wp-content\/uploads\/2022\/12\/4-14.jpg\" alt=\"\" width=\"1200\" height=\"920\" srcset=\"https:\/\/aabbjf.com.br\/novo\/wp-content\/uploads\/2022\/12\/4-14.jpg 1200w, https:\/\/aabbjf.com.br\/novo\/wp-content\/uploads\/2022\/12\/4-14-300x230.jpg 300w, https:\/\/aabbjf.com.br\/novo\/wp-content\/uploads\/2022\/12\/4-14-1024x785.jpg 1024w, https:\/\/aabbjf.com.br\/novo\/wp-content\/uploads\/2022\/12\/4-14-768x589.jpg 768w\" sizes=\"(max-width: 1200px) 100vw, 1200px\" \/><\/a> <a href=\"https:\/\/aabbjf.com.br\/novo\/wp-content\/uploads\/2022\/12\/5-13.jpg\"><img loading=\"lazy\" decoding=\"async\" class=\"alignnone size-full wp-image-24781\" src=\"https:\/\/aabbjf.com.br\/novo\/wp-content\/uploads\/2022\/12\/5-13.jpg\" alt=\"\" width=\"1200\" height=\"994\" srcset=\"https:\/\/aabbjf.com.br\/novo\/wp-content\/uploads\/2022\/12\/5-13.jpg 1200w, https:\/\/aabbjf.com.br\/novo\/wp-content\/uploads\/2022\/12\/5-13-300x249.jpg 300w, https:\/\/aabbjf.com.br\/novo\/wp-content\/uploads\/2022\/12\/5-13-1024x848.jpg 1024w, https:\/\/aabbjf.com.br\/novo\/wp-content\/uploads\/2022\/12\/5-13-768x636.jpg 768w\" sizes=\"(max-width: 1200px) 100vw, 1200px\" \/><\/a><br \/>\n<a href=\"https:\/\/aabbjf.com.br\/novo\/wp-content\/uploads\/2017\/10\/voleiaposentadohist3.jpg\"><img loading=\"lazy\" decoding=\"async\" class=\"alignnone wp-image-3591 size-full\" src=\"https:\/\/aabbjf.com.br\/novo\/wp-content\/uploads\/2017\/10\/voleiaposentadohist3.jpg\" alt=\"\" width=\"800\" height=\"600\" srcset=\"https:\/\/aabbjf.com.br\/novo\/wp-content\/uploads\/2017\/10\/voleiaposentadohist3.jpg 800w, https:\/\/aabbjf.com.br\/novo\/wp-content\/uploads\/2017\/10\/voleiaposentadohist3-300x225.jpg 300w, https:\/\/aabbjf.com.br\/novo\/wp-content\/uploads\/2017\/10\/voleiaposentadohist3-768x576.jpg 768w\" sizes=\"(max-width: 800px) 100vw, 800px\" \/><\/a><br \/>\n<a href=\"https:\/\/aabbjf.com.br\/novo\/wp-content\/uploads\/2022\/12\/6-11.jpg\"><img loading=\"lazy\" decoding=\"async\" class=\"alignnone size-full wp-image-24783\" src=\"https:\/\/aabbjf.com.br\/novo\/wp-content\/uploads\/2022\/12\/6-11.jpg\" alt=\"\" width=\"1200\" height=\"900\" srcset=\"https:\/\/aabbjf.com.br\/novo\/wp-content\/uploads\/2022\/12\/6-11.jpg 1200w, https:\/\/aabbjf.com.br\/novo\/wp-content\/uploads\/2022\/12\/6-11-300x225.jpg 300w, https:\/\/aabbjf.com.br\/novo\/wp-content\/uploads\/2022\/12\/6-11-1024x768.jpg 1024w, https:\/\/aabbjf.com.br\/novo\/wp-content\/uploads\/2022\/12\/6-11-768x576.jpg 768w\" sizes=\"(max-width: 1200px) 100vw, 1200px\" \/><\/a><br \/>\n<a href=\"https:\/\/aabbjf.com.br\/novo\/wp-content\/uploads\/2017\/10\/voleiaposentadohist4.jpg\"><img loading=\"lazy\" decoding=\"async\" class=\"alignnone wp-image-3592 size-full\" src=\"https:\/\/aabbjf.com.br\/novo\/wp-content\/uploads\/2017\/10\/voleiaposentadohist4.jpg\" alt=\"\" width=\"800\" height=\"600\" srcset=\"https:\/\/aabbjf.com.br\/novo\/wp-content\/uploads\/2017\/10\/voleiaposentadohist4.jpg 800w, https:\/\/aabbjf.com.br\/novo\/wp-content\/uploads\/2017\/10\/voleiaposentadohist4-300x225.jpg 300w, https:\/\/aabbjf.com.br\/novo\/wp-content\/uploads\/2017\/10\/voleiaposentadohist4-768x576.jpg 768w\" sizes=\"(max-width: 800px) 100vw, 800px\" \/><\/a> <a href=\"https:\/\/aabbjf.com.br\/novo\/wp-content\/uploads\/2017\/10\/voleiaposentadohist5.jpg\"><img loading=\"lazy\" decoding=\"async\" class=\"alignnone wp-image-3593 size-full\" src=\"https:\/\/aabbjf.com.br\/novo\/wp-content\/uploads\/2017\/10\/voleiaposentadohist5.jpg\" alt=\"\" width=\"800\" height=\"600\" srcset=\"https:\/\/aabbjf.com.br\/novo\/wp-content\/uploads\/2017\/10\/voleiaposentadohist5.jpg 800w, https:\/\/aabbjf.com.br\/novo\/wp-content\/uploads\/2017\/10\/voleiaposentadohist5-300x225.jpg 300w, https:\/\/aabbjf.com.br\/novo\/wp-content\/uploads\/2017\/10\/voleiaposentadohist5-768x576.jpg 768w\" sizes=\"(max-width: 800px) 100vw, 800px\" \/><br \/>\n<\/a><a href=\"https:\/\/aabbjf.com.br\/novo\/wp-content\/uploads\/2017\/12\/voleiaposentadosdez17.jpg\"><img loading=\"lazy\" decoding=\"async\" class=\"alignnone wp-image-4867 size-full\" src=\"https:\/\/aabbjf.com.br\/novo\/wp-content\/uploads\/2017\/12\/voleiaposentadosdez17.jpg\" alt=\"\" width=\"900\" height=\"658\" srcset=\"https:\/\/aabbjf.com.br\/novo\/wp-content\/uploads\/2017\/12\/voleiaposentadosdez17.jpg 900w, https:\/\/aabbjf.com.br\/novo\/wp-content\/uploads\/2017\/12\/voleiaposentadosdez17-300x219.jpg 300w, https:\/\/aabbjf.com.br\/novo\/wp-content\/uploads\/2017\/12\/voleiaposentadosdez17-768x561.jpg 768w\" sizes=\"(max-width: 900px) 100vw, 900px\" \/><\/a><br \/>\n<a href=\"https:\/\/aabbjf.com.br\/novo\/wp-content\/uploads\/2022\/12\/8-8.jpg\"><img loading=\"lazy\" decoding=\"async\" class=\"alignnone size-full wp-image-24785\" src=\"https:\/\/aabbjf.com.br\/novo\/wp-content\/uploads\/2022\/12\/8-8.jpg\" alt=\"\" width=\"1200\" height=\"900\" srcset=\"https:\/\/aabbjf.com.br\/novo\/wp-content\/uploads\/2022\/12\/8-8.jpg 1200w, https:\/\/aabbjf.com.br\/novo\/wp-content\/uploads\/2022\/12\/8-8-300x225.jpg 300w, https:\/\/aabbjf.com.br\/novo\/wp-content\/uploads\/2022\/12\/8-8-1024x768.jpg 1024w, https:\/\/aabbjf.com.br\/novo\/wp-content\/uploads\/2022\/12\/8-8-768x576.jpg 768w\" sizes=\"(max-width: 1200px) 100vw, 1200px\" \/><\/a> <a href=\"https:\/\/aabbjf.com.br\/novo\/wp-content\/uploads\/2022\/12\/9-7.jpg\"><img loading=\"lazy\" decoding=\"async\" class=\"alignnone size-full wp-image-24786\" src=\"https:\/\/aabbjf.com.br\/novo\/wp-content\/uploads\/2022\/12\/9-7.jpg\" alt=\"\" width=\"1200\" height=\"900\" srcset=\"https:\/\/aabbjf.com.br\/novo\/wp-content\/uploads\/2022\/12\/9-7.jpg 1200w, https:\/\/aabbjf.com.br\/novo\/wp-content\/uploads\/2022\/12\/9-7-300x225.jpg 300w, https:\/\/aabbjf.com.br\/novo\/wp-content\/uploads\/2022\/12\/9-7-1024x768.jpg 1024w, https:\/\/aabbjf.com.br\/novo\/wp-content\/uploads\/2022\/12\/9-7-768x576.jpg 768w\" sizes=\"(max-width: 1200px) 100vw, 1200px\" \/><\/a> <a href=\"https:\/\/aabbjf.com.br\/novo\/wp-content\/uploads\/2022\/12\/10-7.jpg\"><img loading=\"lazy\" decoding=\"async\" class=\"alignnone size-full wp-image-24787\" src=\"https:\/\/aabbjf.com.br\/novo\/wp-content\/uploads\/2022\/12\/10-7.jpg\" alt=\"\" width=\"1200\" height=\"1004\" srcset=\"https:\/\/aabbjf.com.br\/novo\/wp-content\/uploads\/2022\/12\/10-7.jpg 1200w, https:\/\/aabbjf.com.br\/novo\/wp-content\/uploads\/2022\/12\/10-7-300x251.jpg 300w, https:\/\/aabbjf.com.br\/novo\/wp-content\/uploads\/2022\/12\/10-7-1024x857.jpg 1024w, https:\/\/aabbjf.com.br\/novo\/wp-content\/uploads\/2022\/12\/10-7-768x643.jpg 768w\" sizes=\"(max-width: 1200px) 100vw, 1200px\" \/><\/a> <a href=\"https:\/\/aabbjf.com.br\/novo\/wp-content\/uploads\/2022\/12\/11-6.jpg\"><img loading=\"lazy\" decoding=\"async\" class=\"alignnone size-full wp-image-24788\" src=\"https:\/\/aabbjf.com.br\/novo\/wp-content\/uploads\/2022\/12\/11-6.jpg\" alt=\"\" width=\"1200\" height=\"900\" srcset=\"https:\/\/aabbjf.com.br\/novo\/wp-content\/uploads\/2022\/12\/11-6.jpg 1200w, https:\/\/aabbjf.com.br\/novo\/wp-content\/uploads\/2022\/12\/11-6-300x225.jpg 300w, https:\/\/aabbjf.com.br\/novo\/wp-content\/uploads\/2022\/12\/11-6-1024x768.jpg 1024w, https:\/\/aabbjf.com.br\/novo\/wp-content\/uploads\/2022\/12\/11-6-768x576.jpg 768w\" sizes=\"(max-width: 1200px) 100vw, 1200px\" \/><\/a><\/p>\n","protected":false},"excerpt":{"rendered":"<p>O V\u00f4lei dos Aposentados, iniciado no clube em 1979, foi com o tempo reunindo mais adeptos nas manh\u00e3s de ter\u00e7as e quintas-feiras. Com o passamento de alguns e a desist\u00eancia de outros, o v\u00f4lei por vezes dava a impress\u00e3o de que poderia acabar, mas, com o incentivo de muitos outros e a ades\u00e3o de novos [&hellip;]<\/p>\n","protected":false},"author":2,"featured_media":3589,"parent":0,"menu_order":0,"comment_status":"closed","ping_status":"closed","template":"","meta":{"footnotes":""},"_links":{"self":[{"href":"https:\/\/aabbjf.com.br\/novo\/wp-json\/wp\/v2\/pages\/3588"}],"collection":[{"href":"https:\/\/aabbjf.com.br\/novo\/wp-json\/wp\/v2\/pages"}],"about":[{"href":"https:\/\/aabbjf.com.br\/novo\/wp-json\/wp\/v2\/types\/page"}],"author":[{"embeddable":true,"href":"https:\/\/aabbjf.com.br\/novo\/wp-json\/wp\/v2\/users\/2"}],"replies":[{"embeddable":true,"href":"https:\/\/aabbjf.com.br\/novo\/wp-json\/wp\/v2\/comments?post=3588"}],"version-history":[{"count":9,"href":"https:\/\/aabbjf.com.br\/novo\/wp-json\/wp\/v2\/pages\/3588\/revisions"}],"predecessor-version":[{"id":24790,"href":"https:\/\/aabbjf.com.br\/novo\/wp-json\/wp\/v2\/pages\/3588\/revisions\/24790"}],"wp:featuredmedia":[{"embeddable":true,"href":"https:\/\/aabbjf.com.br\/novo\/wp-json\/wp\/v2\/media\/3589"}],"wp:attachment":[{"href":"https:\/\/aabbjf.com.br\/novo\/wp-json\/wp\/v2\/media?parent=3588"}],"curies":[{"name":"wp","href":"https:\/\/api.w.org\/{rel}","templated":true}]}}