{"id":3564,"date":"2017-10-20T12:52:30","date_gmt":"2017-10-20T15:52:30","guid":{"rendered":"http:\/\/aabbjf.com.br\/novo\/?page_id=3564"},"modified":"2017-10-25T18:13:56","modified_gmt":"2017-10-25T21:13:56","slug":"o-colegao","status":"publish","type":"page","link":"https:\/\/aabbjf.com.br\/novo\/o-colegao\/","title":{"rendered":"O Coleg\u00e3o"},"content":{"rendered":"<p style=\"text-align: justify;\">Surgido em vinte de abril de 1968, o informativo <em>O COLEG\u00c3O<\/em> era direcionado aos funcion\u00e1rios do <em>BANCO DO BRASIL<\/em> e seus dependentes. Sob a presid\u00eancia de Jos\u00e9 M\u00e1rcio Cyrino Peralva, a publica\u00e7\u00e3o, com quatro p\u00e1ginas em formato 16,5&#215;23,0cm, era comandada pelo Diretor de Divulga\u00e7\u00e3o, Ary Geraldo. A revis\u00e3o estava a cargo de Ant\u00f4nio Henrique Weitzel, funcion\u00e1rio do Banco do Brasil e professor da Faculdade de Filosofia de Juiz de Fora. Pelas suas p\u00e1ginas passaram ainda diversos colaboradores, como: Alo\u00edsio Alfredo Silva, Roberto Cintra, Jo\u00e3o Bolinha, Jos\u00e9 Henrique Maia, Jairo Santiago (fotos) e Osmar Faulhaber. Colaboraram tamb\u00e9m: Ernane Mour\u00e3o, Dem\u00e9trio Pavel Bastos, Arlindo Daibert, Afonso Soares (Ilustra\u00e7\u00f5es), Sebasti\u00e3o Longato, Jo\u00e3o Fel\u00edcio Loures, Luiz Ant\u00f4nio Almeida, Guilherme, o Tall e tantos outros.<\/p>\n<p style=\"text-align: center;\"><strong>Confira alguns textos publicados em suas p\u00e1ginas:<\/strong><\/p>\n<p style=\"text-align: justify;\">O editorial do primeiro n\u00famero come\u00e7ava assim: \u201cDizia-me um amigo pastor: Quando um crist\u00e3o n\u00e3o vai \u00e0 Igreja, ela deve ir ao crist\u00e3o\u201d. Essa frase sintetizou o objetivo de <em>O COLEG\u00c3O<\/em>, que era a louv\u00e1vel inten\u00e7\u00e3o de enaltecer a AABB a seus associados. Objetivava tamb\u00e9m divulgar as not\u00edcias do PLANAUTO (Plano para Aquisi\u00e7\u00e3o de Autom\u00f3veis), cons\u00f3rcio de carros patrocinado pela Associa\u00e7\u00e3o de Juiz de Fora e que era direcionado aos funcion\u00e1rios do <em>BANCO DO BRASIL<\/em> de todo o Brasil.<\/p>\n<p style=\"text-align: justify;\">Havia inclusive dicas de turismo voltadas aos colegas de ag\u00eancias de outras cidades, organizadas pelo Alciones Amaral e pelo Luiz Afonso Pedreira.<\/p>\n<p style=\"text-align: justify;\">O nome do informativo foi escolhido atrav\u00e9s de concurso realizado entre os funcion\u00e1rios do Banco. Tr\u00eas nomes foram \u00e0 final: <em>O COLEG\u00c3O<\/em> (Sebasti\u00e3o Longato<em>)<\/em>, O <em>PLANAUTO<\/em> (Alo\u00edsio Alfredo e Afonso Soares) e <em>A CIGARRA<\/em> (Carlos Ladeira). O Longato tamb\u00e9m emprestou sua criatividade em diversas \u201cquadrinhas\u201d inseridas em suas p\u00e1ginas. Na oportunidade, o Diretor de Divulga\u00e7\u00e3o deu um \u201cpux\u00e3o de orelhas\u201d nos funcion\u00e1rios do Banco, pois, segundo publicado, \u201cdos 160 colegas na ag\u00eancia, apenas 28 se interessaram pela publica\u00e7\u00e3o de um jornal interno\u201d. Apenas a t\u00edtulo de curiosidade, foram enviadas ainda as seguintes sugest\u00f5es de nomes para o jornal:<\/p>\n<p style=\"text-align: left;\"><strong>O INFORMATIVO<\/strong> (Jo\u00e3o Batista Bastos);<\/p>\n<p style=\"text-align: left;\"><strong>ARAUTO<\/strong> (Ant\u00f4nio Weitzel);<\/p>\n<p style=\"text-align: left;\"><strong>O COLAGOGO<\/strong> (Celso Damasceno);<\/p>\n<p style=\"text-align: left;\"><strong>VOZES DA AABB<\/strong> (M\u00e1rio Chaves);<\/p>\n<p style=\"text-align: left;\"><strong>O REALIZADOR<\/strong> (Aristides Castro);<\/p>\n<p style=\"text-align: left;\"><strong>AABB NA MANCHESTER<\/strong> (Ayrton Teixeira);<\/p>\n<p style=\"text-align: left;\"><strong>O DI\u00c1LOGO<\/strong> (Jos\u00e9 Carlos Cruz);<\/p>\n<p style=\"text-align: left;\"><strong>O LIAME<\/strong> (Ary Geraldo);<\/p>\n<p style=\"text-align: left;\"><strong>JORNAABB<\/strong> (Heiler Soares);<\/p>\n<p style=\"text-align: left;\"><strong>BARBALIMPA<\/strong> (Anderson Mega);<\/p>\n<p style=\"text-align: left;\"><strong>O BOATEIRO<\/strong> (Ernani Mour\u00e3o);<\/p>\n<p style=\"text-align: left;\"><strong>FOFOQUINHA<\/strong> (Alciones Amaral);<\/p>\n<p style=\"text-align: left;\"><strong>JORNAL DO BANCO<\/strong> (Pedro Barbosa);<\/p>\n<p style=\"text-align: left;\"><strong>O CASTORZINHO<\/strong> (Olavo Aguiar);<\/p>\n<p style=\"text-align: left;\"><strong>FRATERNIDADE (<\/strong>Paulo Concei\u00e7\u00e3o);<\/p>\n<p style=\"text-align: left;\"><strong>O AQU\u00c1RIO<\/strong> (Gilbert de Paula);<\/p>\n<p style=\"text-align: left;\"><strong>O ARAUTO<\/strong> (Leon Merhey);<\/p>\n<p style=\"text-align: left;\"><strong>SANTELMO DA AABB<\/strong> (Jos\u00e9 Carlos Tortura);<\/p>\n<p style=\"text-align: left;\"><strong>PIPA<\/strong> (Ant\u00f4nio Her\u00e9dia);<\/p>\n<p style=\"text-align: left;\"><strong>ALICERCE<\/strong> (Edmond Abdo);<\/p>\n<p style=\"text-align: left;\"><strong>AS BOAS<\/strong> (Cl\u00e1udio Coelho e S\u00e9rgio Maestrini) e<\/p>\n<p style=\"text-align: left;\"><strong>CAMPE\u00c3O<\/strong> (Mauro Polini).<\/p>\n<p style=\"text-align: justify;\">A partir do segundo n\u00famero, O COLEG\u00c3O passou a oferecer o dobro de p\u00e1ginas (no mesmo formato) a seus leitores, que, segundo o editorial, \u201cfoi uma exig\u00eancia do PLANAUTO (Plano de Autom\u00f3veis da AABB) para divulgar o resultado das Assembl\u00e9ias\u201d.<\/p>\n<p style=\"text-align: justify;\">Nessa edi\u00e7\u00e3o O COLEG\u00c3O fez uma bela divulga\u00e7\u00e3o da AABB a seus associados: localizada a apenas dez minutos do Centro; possui recantos agradabil\u00edssimos para se passar o final de semana; disp\u00f5e tamb\u00e9m de um campo de pelada, com providencial barranco para facilitar as \u2019tabelinhas\u2019, dois campos de v\u00f4lei, um de futebol de sal\u00e3o e uma excelente piscina; passatempos \u2018menos exaustivos\u2019 como bilhar, sinuca, xadrez, dama etc; espetacular biblioteca; variado servi\u00e7o de bar; pequeno, mas equipado parque infantil; banho de sauna e frutas, muita \u00e1gua e espa\u00e7o para os soltadores de \u2018papagaio\u2019.<\/p>\n<p style=\"text-align: justify;\">Havia tamb\u00e9m os neologismos do prof\u00ba Ant\u00f4nio Henrique Weitzel para designar os diversos tipos de funcion\u00e1rios do Banco, como:<\/p>\n<p style=\"text-align: left;\"><strong>FUNCIONATO<\/strong> (Nasceu para funcion\u00e1rio, pois s\u00f3 fala em Banco, s\u00f3 entende de Banco);<\/p>\n<p style=\"text-align: left;\"><strong>FUNCIONADA<\/strong> (O inverso do anterior. O Banco \u00e9 o \u00faltimo lugar onde deveria estar);<\/p>\n<p style=\"text-align: left;\"><strong>FUNCIONOR\u00c1RIO<\/strong> (Est\u00e1 apenas contando o tempo para aposentar, fingindo que est\u00e1 trabalhando);<\/p>\n<p style=\"text-align: left;\"><strong>FUNCIOR\u00c1RIO<\/strong> (Escravo do rel\u00f3gio. N\u00e3o come\u00e7a antes do hor\u00e1rio e n\u00e3o continua depois de encerrado o expediente);<\/p>\n<p style=\"text-align: left;\"><strong>FUNCIOM\u00c1XIMO<\/strong> (Ningu\u00e9m sabe mais do que ele. N\u00e3o d\u00e1 raz\u00e3o a colega algum);<\/p>\n<p style=\"text-align: left;\"><strong>FUNCIUSU\u00c1RIO<\/strong> (\u201cSocorre\u201d os colegas em apertos financeiros, com juros \u201cm\u00f3dicos\u201d de 10% ao m\u00eas);<\/p>\n<p style=\"text-align: left;\"><strong>FUNCIONAIPE<\/strong> (N\u00e3o perde um joguinho de carteado);<\/p>\n<p style=\"text-align: left;\"><strong>FUNCION\u00c1RTICO<\/strong> (Colegas que trabalham nas regi\u00f5es mais frias do pa\u00eds);<\/p>\n<p style=\"text-align: left;\"><strong>FUNCIONINHO<\/strong> (Suas gavetas parecem ninhos de ratos com tanta desordem);<\/p>\n<p style=\"text-align: left;\"><strong>FUNCIONOTA<\/strong> (A turma da Tesouraria. S\u00f3 mexe com dinheiro) e<\/p>\n<p style=\"text-align: left;\"><strong>FUNCIOSACO<\/strong> (Funcion\u00e1rio que adora o chefe).<\/p>\n<p style=\"text-align: justify;\">Vale destacar que Alo\u00edsio Alfredo Silva foi o criador da logomarca (s\u00edmbolo, na \u00e9poca) de O COLEG\u00c3O e a confec\u00e7\u00e3o ficou a cargo de Afonso Soares. Detalhe interessante tamb\u00e9m \u00e9 que diversos ilustra\u00e7\u00f5es do informativo da AABB foram criados por Arlindo Daibert, filho do Alciones Amaral, e que veio a se tornar um dos artistas pl\u00e1sticos mais importantes do pa\u00eds, falecido prematuramente. A genialidade de Daibert foi percebida pelo O COLEG\u00c3O (edi\u00e7\u00e3o n\u00ba. 4 de julho de 1968): \u201cO garoto \u00e9 mesmo talentoso. Fez duas linhas de COLEG\u00d5ES para irmos revezando\u201d. \u201cOs bonequinhos do Arlindo est\u00e3o dando uma nova gra\u00e7a ao jornalzinho\u201d.<\/p>\n<p style=\"text-align: center;\"><strong>Di\u00e1logos (1968)<\/strong><\/p>\n<p style=\"text-align: justify;\">Tortura \u2013 <em>Voc\u00ea tem medo de andar no meu carro?<\/em> Marcondes \u2013 <em>Medo, n\u00e3o! Tenho vergonha.<\/em><\/p>\n<p style=\"text-align: justify;\">Alo\u00edsio \u2013 <em>Agora, colega, \u201capele\u201d.<\/em> Marcondes \u2013 <em>\u201cA pele\u201d, voc\u00ea j\u00e1 me arrancou&#8230;<\/em><\/p>\n<p style=\"text-align: justify;\">O Britto se queimou quando o Rubens perguntou se vendia frango abatido em sua fazenda, respondendo que em sua propriedade os frangos gozam de boa sa\u00fade, pois s\u00e3o bem alimentados.<\/p>\n<p style=\"text-align: justify;\">Provavelmente para testar a paci\u00eancia e boa vontade de seus leitores, o COLEG\u00c3O de novembro de 1968 convidou-os a participar de uma enqu\u00eate. At\u00e9 a\u00ed nada demais. O problema \u00e9 que a tal enqu\u00eate continha 387 perguntas distribu\u00eddas em 50 p\u00e1ginas! Pedia ainda \u201cconsci\u00eancia, pondera\u00e7\u00e3o e sinceridade\u201d nas suas respostas. Os temas abordados foram: Vida social, Vida Banc\u00e1ria, Artes, Esportes e Diversos. Para decep\u00e7\u00e3o de seus idealizadores, dos 160 question\u00e1rios enviados, apenas 55 foram respondidos. Detalhe interessante da enquete \u00e9 que, dos 55 entrevistas, simplesmente 49 eram casados. Tamb\u00e9m chamou a aten\u00e7\u00e3o o fato de que apenas oito c\u00f4njuges dos entrevistados trabalham fora. 37 deles t\u00eam casa pr\u00f3pria. 35 possuem autom\u00f3vel. Perguntados se gostariam que seus filhos fossem banc\u00e1rios, 42 responderam que n\u00e3o, ao mesmo tempo em que 44 se disseram felizes sendo funcion\u00e1rios do BANCO DO BRASIL. E 34 disseram gostar da profiss\u00e3o de banc\u00e1rio. 37 disserem n\u00e3o ter incentivo no trabalho. 36 disseram n\u00e3o ser favor\u00e1veis ao ingresso de mulheres no Banco. 54 funcion\u00e1rios do Banco eram associados da AABB. 43 acharam \u00f3tima a Sede Campestre.<\/p>\n<p style=\"text-align: justify;\">Existia tamb\u00e9m o CLUBE DA COLEGONA, dedicado a assuntos femininos. Era assinado por Donalda (pseud\u00f4nimo da esposa de um funcion\u00e1rio do Banco). Em sua primeira coluna, Donalda passa uma receita de gelatina de guaran\u00e1 e ma\u00e7\u00e3.<\/p>\n<p style=\"text-align: justify;\">Havia inclusive em O COLEG\u00c3O os INSTANT\u00c2NEOS INTERNACIONAIS, com Dimitrius, que relata as \u00faltimas novidades no exterior.<\/p>\n<p style=\"text-align: justify;\">O COLEG\u00c3O destaca, em junho de 1968, o baile de anivers\u00e1rio dos 15 anos da AABB. Organizado pelo Diretor Social, Galileu Lisboa, que segundo ele, foi \u201cum estouro\u201d, a banda ZAMBO FOUR come\u00e7ou animando a festa. O ponto alto das comemora\u00e7\u00f5es foi o show de D\u00f3ris Monteiro, que brindou a todos os presentes \u201ccom sua maravilhosa e afinada voz\u201d, permanecendo no Clube at\u00e9 quase o amanhecer, \u201cincorporando-se \u00e0 fam\u00edlia abebeana\u201d. Na ocasi\u00e3o, Galileu prometeu, ainda para o m\u00eas, animadas e alegres festas juninas, al\u00e9m da realiza\u00e7\u00e3o mensal de jantares dan\u00e7antes.<\/p>\n<p style=\"text-align: justify;\">J\u00e1 as comemora\u00e7\u00f5es do 16\u00ba anivers\u00e1rio tiveram uma extensa agenda: torneio interno de futebol de sal\u00e3o, voleibol e buraco; torneio aberto de futebol de sal\u00e3o e mini-futebol de sal\u00e3o; churrasco nas novas instala\u00e7\u00f5es do bar-boate e baile-show com a participa\u00e7\u00e3o de destacados artistas nacionais, \u201cabrilhantado por sensacional conjunto de y\u00ea-y\u00ea-y\u00ea\u201d.<\/p>\n<p style=\"text-align: justify;\"><em>\u201cN\u00e3o \u00e9 \u2018bafo\u2019 n\u00e3o, mas o COLEG\u00c3O j\u00e1 \u00e9 procurado nas bancas do Caruso\u201d. Dizia orgulhoso seu editor na edi\u00e7\u00e3o de julho de 1968.<\/em><\/p>\n<p style=\"text-align: justify;\">No mesmo m\u00eas o COLEG\u00c3O publicou nota em que a AABB tinha a inten\u00e7\u00e3o de convidar a \u201cSele\u00e7\u00e3o Canarinho\u201d para disputar uma animada pelada para testar nosso campo. Ficou na vontade&#8230;<\/p>\n<p style=\"text-align: justify;\">Em novembro de 1969, a diretoria da AABB tomou a feliz e prudente iniciativa de deixar um diretor de plant\u00e3o no Clube para atender o associado a respeito de qualquer assunto. A primeira escala foi a seguinte: Jo\u00e3o Bosco, Galileu Lisboa, Oct\u00e1vio Brasil, Haroldo Vidal, Carlos Afonso, Saul Magalh\u00e3es, Aristides Castro, Luis Ant\u00f4nio, M\u00e1rcio Peralva, Jos\u00e9 Carlos e Lery C\u00e9sar, que se alternavam nos finais de semana.<\/p>\n<p style=\"text-align: justify;\">Em julho de 1968 o COLEG\u00c3O divulgava com satisfa\u00e7\u00e3o que havia sido assinada a planta para a constru\u00e7\u00e3o de um \u201cgin\u00e1sio espetacular\u201d. Tamb\u00e9m divulgou que o Clube iria ajardinar toda a sede, assunto que \u201dvai interessar muito \u00e0s madames\u201d. Finalizando, a nota dizia ainda: \u201cVamos torcer para que a natureza ajude. Assim teremos um pequeno \u2018para\u00edso\u2019 de flores dentro em breve\u201d. Dito e feito.<\/p>\n<p style=\"text-align: justify;\">Outra boa not\u00edcia foi dada em novembro de 1968: a AABB encomendara uma Kombi, que serviria para, entre outros servi\u00e7os, transportar os associados do Centro da cidade para a ent\u00e3o long\u00ednqua sede campestre. Ainda teve gracejo no final da nota: \u201cKOMBInado?\u201d. A Kombi realmente serviu a seu prop\u00f3sito, que era dar conforto ao associado. Buscava os s\u00f3cios em frente ao Parque Halfeld ao custo de NCr$0,10.<\/p>\n<p style=\"text-align: justify;\"><em>Carniceiros do \u201cPeralv\u00e3o\u201d: Peralva, Helv\u00e9cio, Ronaldo, Olavo, Pontes, Sarandy, etc.<\/em><\/p>\n<p style=\"text-align: center;\"><strong>Goza\u00e7\u00f5es<\/strong><\/p>\n<p style=\"text-align: justify;\">Mandaram o Marcondes \u201cdescarregar\u201d a m\u00e1quina de somar e ele a levou ao terreiro de um parente.<\/p>\n<p style=\"text-align: justify;\">O Alo\u00edsio \u00eda andando e&#8230; sumiu&#8230; N\u00e3o foi \u201cdesmaterializado\u201d&#8230; foi um buraco.<\/p>\n<p style=\"text-align: justify;\">O Arn\u00e9lsio continua tentando \u201cinventar\u201d uma m\u00e1quina de achar diferen\u00e7a.<\/p>\n<p style=\"text-align: justify;\">O COLEG\u00c3O tamb\u00e9m dava seus \u201cpux\u00f5es de orelha\u201d na diretoria da AABB. Em mar\u00e7o de 1969 alertava-a sobre os riscos na piscina, pois alguns estavam se cortando com os azulejos e outros escorregando na escada de acesso. A diretoria atendeu o recado, revestindo com borracha os degraus da escada e, chegando o inverno, esvaziou a piscina e substituiu os azulejos quebrados.<\/p>\n<p style=\"text-align: justify;\">Iguarias das mais requisitadas no Clube antigamente, os deliciosos queijinhos fritos no espeto eram divulgados na edi\u00e7\u00e3o de abril de 1969.<\/p>\n<p style=\"text-align: justify;\">Havia o COLUN\u00c3O DO IR, com dicas do Osmar Faulhaber sobre Imposto de Renda.<\/p>\n<p style=\"text-align: justify;\">O informativo deu algumas \u201cbarrigadas\u201d, como a nota dada na edi\u00e7\u00e3o n\u00ba. 6 de setembro de 1968: \u201cJuiz de Fora ter\u00e1 dentro de tr\u00eas anos um dos est\u00e1dios mais modernos do Brasil\u201d. A afirma\u00e7\u00e3o do Dr. Gil C\u00e9sar Abreu, respons\u00e1vel pela constru\u00e7\u00e3o do Mineir\u00e3o, dizia tamb\u00e9m que o est\u00e1dio, a ser constru\u00eddo no bairro J\u00f3quei Clube, teria capacidade para 80.000 espectadores. O COLEG\u00c3O chegou inclusive a divulgar a venda de cadeiras cativas a serem pagas a prazo \u201cde \u00e9gua\u201d. A nota teve como fonte mat\u00e9ria publicada na revista \u201cLINCE\u201d de agosto\/1968, que apresentava tamb\u00e9m a maquete do est\u00e1dio.<\/p>\n<p style=\"text-align: justify;\">Em janeiro de 1969, a AABB foi presenteada pela Prefeitura de Juiz de Fora com um bonde. Esse tipo de transporte havia sa\u00eddo de circula\u00e7\u00e3o na cidade. O prefeito era Itamar Franco, que acolheu proposta do vereador Cl\u00e1udio Renault. O bonde s\u00f3 foi entregue em meados de 1971.<\/p>\n<p style=\"text-align: justify;\">Nessa mesma edi\u00e7\u00e3o foi dada outra boa not\u00edcia. A constru\u00e7\u00e3o de uma \u201cboite\u201d sobre os vesti\u00e1rios da piscina.<\/p>\n<p style=\"text-align: justify;\">A edi\u00e7\u00e3o n\u00ba. 14, de maio de 1969 foi especial. Dentro das comemora\u00e7\u00f5es do 16\u00ba. Anivers\u00e1rio da AABB de Juiz de Fora, a edi\u00e7\u00e3o saiu em formato de revista, colorida e com 24 p\u00e1ginas.<\/p>\n<p style=\"text-align: justify;\">O churrasco comemorativo ao anivers\u00e1rio do clube, realizado em 25 de maio de 1969, teve presen\u00e7a maci\u00e7a dos associados. Servido pelo \u201cmaitre\u201d Gentil, o churrasco foi acompanhado por muitos chopes. Em seguida fez-se ouvir o \u201cCoral Aabebeense\u201d (formado na hora) composto por Maur\u00edcio Cardoso, Pato, Lery, Peruzzi, Am\u00e9rico, Alo\u00edsio, Cl\u00e1udio Coelho, Z\u00e9 Carlos Menezes e outros, que, segundo Ary Geraldo, \u201ca n\u00e9voa do chopp n\u00e3o nos permitiu distinguir\u201c.<\/p>\n<p style=\"text-align: justify;\">J\u00e1 o baile-show contou com as apresenta\u00e7\u00f5es de Manoel da Concei\u00e7\u00e3o e \u201cesta not\u00e1vel voz feminina que vem despontando no cen\u00e1rio nacional\u201d, Terezinha Khury. Mas, segundo nota no O COLEG\u00c3O (n\u00ba. 15 de junho de 1969), \u201co que agradou mesmo foi o buffet gratuito\u201d.<\/p>\n<p style=\"text-align: justify;\">Resposta de funcion\u00e1rio convocado pelo Chefe para fazer \u201clevantamento\u201d na se\u00e7\u00e3o: -N\u00e3o posso Chefe. Sofro de h\u00e9rnia e meu m\u00e9dico me proibiu de levantar qualquer coisa.<\/p>\n<p style=\"text-align: justify;\">Fazendo ficha de cadastro para a CREAI: -Onde mora? -Em S\u00e3o Jos\u00e9 dos Tr\u00eas com Gosma, sim sinh\u00f4. -H\u00e1 quanto tempo? -Uai! Eu nunca sa\u00ed de l\u00e1, n\u00e3o sinh\u00f4. -Seu nome. -\u00c9 nerso Batista, sim sinh\u00f4. -Mas&#8230; \u00e9 BaTISta ou BaPTISta? -???!!!<\/p>\n<p style=\"text-align: justify;\">O Torneio Interno de V\u00f4lei, realizado em maio de 1969, teve seu resultado final pra l\u00e1 de suspeito na s\u00e9rie A. A equipe campe\u00e3 era composta pelo Presidente do Clube (Jos\u00e9 M\u00e1rcio Peralva), sua esposa (Marly), seu irm\u00e3o (Aloysio) Alo\u00edsio Costa (amigo do Presidente), Helv\u00e9cio (Botafoguense como o Presidente) e Heitor (Bem&#8230; algu\u00e9m tinha que estar inocente&#8230;) e o pr\u00f3prio: Na s\u00e9rie B venceu a equipe do Brasil, que formou com Carmem, Galileu Vidal, Virg\u00edlio Jr., Helo\u00edsa, Dalva e Aristides.<\/p>\n<p style=\"text-align: center;\"><strong><em>Se voc\u00ea n\u00e3o faz sauna, n\u00e3o joga v\u00f4lei, nem futebol, nem sinuca, n\u00e3o pratica nata\u00e7\u00e3o e n\u00e3o gosta de sol. Se voc\u00ea n\u00e3o gosta de um bate papo, n\u00e3o gosta de ler nem de boa m\u00fasica, puxa vida, deve pelo menos gostar de tomar uma \u201ccerva\u201d geladinha e sossegado&#8230; Na AABB voc\u00ea encontra \u201caquela\u201d cerveja de que voc\u00ea gosta, pagando o pre\u00e7o mais baixo da cidade. <\/em><\/strong><strong>Reproduzido de an\u00fancio no O COLEG\u00c3O de outubro de 1969, mas que continua atual.<\/strong><\/p>\n<p style=\"text-align: justify;\"><strong><em>PROMO\u00c7\u00c3O: <\/em><\/strong><em>Aten\u00e7\u00e3o garotada! Toda garrafa, copo ou prato entregue no bar da piscina vale uma gostos\u00edssima bala. <\/em>Id\u00e9ia genial da diretoria da AABB em 1969, e que poderia ser colocada em pr\u00e1tica novamente.<\/p>\n<p style=\"text-align: left;\"><strong>Fonte:<\/strong> <em>O COLEG\u00c3O<\/em><\/p>\n","protected":false},"excerpt":{"rendered":"<p>Surgido em vinte de abril de 1968, o informativo O COLEG\u00c3O era direcionado aos funcion\u00e1rios do BANCO DO BRASIL e seus dependentes. Sob a presid\u00eancia de Jos\u00e9 M\u00e1rcio Cyrino Peralva, a publica\u00e7\u00e3o, com quatro p\u00e1ginas em formato 16,5&#215;23,0cm, era comandada pelo Diretor de Divulga\u00e7\u00e3o, Ary Geraldo. A revis\u00e3o estava a cargo de Ant\u00f4nio Henrique Weitzel, [&hellip;]<\/p>\n","protected":false},"author":2,"featured_media":3598,"parent":0,"menu_order":0,"comment_status":"closed","ping_status":"closed","template":"","meta":{"footnotes":""},"_links":{"self":[{"href":"https:\/\/aabbjf.com.br\/novo\/wp-json\/wp\/v2\/pages\/3564"}],"collection":[{"href":"https:\/\/aabbjf.com.br\/novo\/wp-json\/wp\/v2\/pages"}],"about":[{"href":"https:\/\/aabbjf.com.br\/novo\/wp-json\/wp\/v2\/types\/page"}],"author":[{"embeddable":true,"href":"https:\/\/aabbjf.com.br\/novo\/wp-json\/wp\/v2\/users\/2"}],"replies":[{"embeddable":true,"href":"https:\/\/aabbjf.com.br\/novo\/wp-json\/wp\/v2\/comments?post=3564"}],"version-history":[{"count":5,"href":"https:\/\/aabbjf.com.br\/novo\/wp-json\/wp\/v2\/pages\/3564\/revisions"}],"predecessor-version":[{"id":3795,"href":"https:\/\/aabbjf.com.br\/novo\/wp-json\/wp\/v2\/pages\/3564\/revisions\/3795"}],"wp:featuredmedia":[{"embeddable":true,"href":"https:\/\/aabbjf.com.br\/novo\/wp-json\/wp\/v2\/media\/3598"}],"wp:attachment":[{"href":"https:\/\/aabbjf.com.br\/novo\/wp-json\/wp\/v2\/media?parent=3564"}],"curies":[{"name":"wp","href":"https:\/\/api.w.org\/{rel}","templated":true}]}}