{"id":1924,"date":"2017-09-28T18:38:28","date_gmt":"2017-09-28T21:38:28","guid":{"rendered":"http:\/\/aabbjf.com.br\/novo\/?page_id=1924"},"modified":"2024-07-23T10:23:01","modified_gmt":"2024-07-23T13:23:01","slug":"normas-do-barrestaurante-e-piscina","status":"publish","type":"page","link":"https:\/\/aabbjf.com.br\/novo\/normas-do-barrestaurante-e-piscina\/","title":{"rendered":"Normas Bar\/Restaurante, Piscinas e Saunas"},"content":{"rendered":"<p align=\"center\"><strong>BAR\/RESTAURANTE<\/strong><\/p>\n<p style=\"text-align: justify;\">Obrigat\u00f3ria a apresenta\u00e7\u00e3o da Carteirinha de Associado da AABB-JF ou Documento de Identidade na portaria ou quando solicitado no clube.<\/p>\n<p style=\"text-align: justify;\">N\u00e3o \u00e9 permitido guardar produtos de terceiros nos freezers da AABB-JF nem emprestar qualquer tipo de utens\u00edlios para alimentos ou bebidas que n\u00e3o s\u00e3o adquiridos nos bares e restaurante do clube, assim como a utiliza\u00e7\u00e3o de equipamentos para preparo de alimentos em locais n\u00e3o autorizados pela diretoria.<\/p>\n<p style=\"text-align: justify;\">\u00c9 expressamente proibido permanecer sem camisa na \u00e1rea do restaurante (mesas e rich\u00f4s).<\/p>\n<p style=\"text-align: justify;\">N\u00e3o \u00e9 permitido trazer alimentos e bebidas para serem consumidos no clube, salvo na \u00e1rea das churrasqueiras.<\/p>\n<p style=\"text-align: justify;\">N\u00e3o \u00e9 permitido circular com bicicletas, skates e similares nas depend\u00eancias do clube, exceto em locais espec\u00edficos para estes fins.<\/p>\n<p style=\"text-align: justify;\">Mesmo que solicitados por seus respons\u00e1veis, menores de idade n\u00e3o podem adquirir ou transportar bebidas alco\u00f3licas no clube.<\/p>\n<p style=\"text-align: justify;\">N\u00e3o \u00e9 permitido colocar uma cadeira sobre a outra e se sentar nas mesmas.<\/p>\n<p style=\"text-align: justify;\">N\u00e3o \u00e9 permitido colocar crian\u00e7as sentadas no balc\u00e3o do bar.<\/p>\n<p style=\"text-align: justify;\">N\u00e3o \u00e9 permitido inserir ou retirar avisos nos murais do clube sem pr\u00e9via autoriza\u00e7\u00e3o da diretoria ou de seu departamento de comunica\u00e7\u00e3o.<\/p>\n<p style=\"text-align: justify;\">N\u00e3o \u00e9 permitido desconectar equipamentos do clube para utilizar sua tomada para carregar aparelhos pessoais, como celulares e equipamentos de som.<\/p>\n<p align=\"center\"><strong>PISCINAS<\/strong><\/p>\n<p style=\"text-align: justify;\">\u00c9 obrigat\u00f3rio o uso da ducha antes de entrar nas piscinas daqueles que estiverem suados ou sujos de barro ou areia.<\/p>\n<p style=\"text-align: justify;\">O uso de bronzeador e protetor solar deve ser feito com responsabilidade e consci\u00eancia, a fim de n\u00e3o prejudicar a manuten\u00e7\u00e3o das piscinas e a sa\u00fade e o bem estar dos demais banhistas e nadadores.<\/p>\n<p style=\"text-align: justify;\">N\u00e3o \u00e9 permitido no recinto das piscinas o uso de objetos sujeitos a quebras, como copos, frascos, garrafas, metais, porcelanas ou similares, que possam atentar contra a seguran\u00e7a dos usu\u00e1rios.<\/p>\n<p style=\"text-align: justify;\">N\u00e3o \u00e9 permitido levar cadeiras e\/ou mesas para a \u00e1rea das piscinas.<\/p>\n<p style=\"text-align: justify;\">N\u00e3o \u00e9 permitido reservar com objetos mesas, cadeiras e espregui\u00e7adeiras e se ausentar destas por longos per\u00edodos. Ocorrendo o fato, funcion\u00e1rios do clube est\u00e3o autorizados e liber\u00e1-las para outras pessoas utilizarem.<\/p>\n<p style=\"text-align: justify;\">N\u00e3o s\u00e3o permitidas no recinto das piscinas jogos, brincadeiras e a utiliza\u00e7\u00e3o de objetos que comprometam a seguran\u00e7a dos banhistas e nadadores.<\/p>\n<p style=\"text-align: justify;\">Solicitamos a prud\u00eancia de todos para que evitem permanecer nas piscinas do clube durante a incid\u00eancia de tempestades com raios e trovoadas.<\/p>\n<p style=\"text-align: justify;\">Crian\u00e7as menores de 10 (dez) anos s\u00f3 podem acessar as piscinas acompanhadas de seus pais ou respons\u00e1veis.<\/p>\n<p style=\"text-align: center;\"><strong>SAUNAS<\/strong><\/p>\n<p style=\"text-align: justify;\">N\u00c3O FUMAR.<\/p>\n<p style=\"text-align: justify;\">PROIBIDA A ENTRADA COM GARRAFAS E COPOS DE VIDRO.<\/p>\n<p style=\"text-align: justify;\">N\u00c3O MEXER NOS TERMOSTATOS DAS SAUNAS.<\/p>\n<p style=\"text-align: justify;\">N\u00c3O JOGAR \u00c1GUA NO TERMOSTATO DA SAUNA A VAPOR.<\/p>\n<p style=\"text-align: justify;\">N\u00c3O FAZER ALGAZARRA OU BARULHO.<\/p>\n<p style=\"text-align: justify;\">N\u00c3O FAZER SAUNA DESPIDO.<\/p>\n<p style=\"text-align: justify;\">N\u00c3O ENTRAR SUJO OU COM AREIA NO CORPO (PASSAR ANTES PELO CHUVEIRO DO BANHEIRO).<\/p>\n<p style=\"text-align: justify;\">USAR BARBEADOR APENAS NA PIA DA SAUNA SECA.<\/p>\n<p style=\"text-align: justify;\">IDADE M\u00cdNIMA: 14 ANOS.<\/p>\n","protected":false},"excerpt":{"rendered":"<p>BAR\/RESTAURANTE Obrigat\u00f3ria a apresenta\u00e7\u00e3o da Carteirinha de Associado da AABB-JF ou Documento de Identidade na portaria ou quando solicitado no clube. N\u00e3o \u00e9 permitido guardar produtos de terceiros nos freezers da AABB-JF nem emprestar qualquer tipo de utens\u00edlios para alimentos ou bebidas que n\u00e3o s\u00e3o adquiridos nos bares e restaurante do clube, assim como a [&hellip;]<\/p>\n","protected":false},"author":1,"featured_media":2427,"parent":0,"menu_order":0,"comment_status":"closed","ping_status":"closed","template":"","meta":{"footnotes":""},"_links":{"self":[{"href":"https:\/\/aabbjf.com.br\/novo\/wp-json\/wp\/v2\/pages\/1924"}],"collection":[{"href":"https:\/\/aabbjf.com.br\/novo\/wp-json\/wp\/v2\/pages"}],"about":[{"href":"https:\/\/aabbjf.com.br\/novo\/wp-json\/wp\/v2\/types\/page"}],"author":[{"embeddable":true,"href":"https:\/\/aabbjf.com.br\/novo\/wp-json\/wp\/v2\/users\/1"}],"replies":[{"embeddable":true,"href":"https:\/\/aabbjf.com.br\/novo\/wp-json\/wp\/v2\/comments?post=1924"}],"version-history":[{"count":9,"href":"https:\/\/aabbjf.com.br\/novo\/wp-json\/wp\/v2\/pages\/1924\/revisions"}],"predecessor-version":[{"id":31705,"href":"https:\/\/aabbjf.com.br\/novo\/wp-json\/wp\/v2\/pages\/1924\/revisions\/31705"}],"wp:featuredmedia":[{"embeddable":true,"href":"https:\/\/aabbjf.com.br\/novo\/wp-json\/wp\/v2\/media\/2427"}],"wp:attachment":[{"href":"https:\/\/aabbjf.com.br\/novo\/wp-json\/wp\/v2\/media?parent=1924"}],"curies":[{"name":"wp","href":"https:\/\/api.w.org\/{rel}","templated":true}]}}