{"id":1920,"date":"2017-09-28T18:32:07","date_gmt":"2017-09-28T21:32:07","guid":{"rendered":"http:\/\/aabbjf.com.br\/novo\/?page_id=1920"},"modified":"2026-03-12T12:51:27","modified_gmt":"2026-03-12T15:51:27","slug":"balancete","status":"publish","type":"page","link":"https:\/\/aabbjf.com.br\/novo\/balancete\/","title":{"rendered":"Balancetes"},"content":{"rendered":"<p style=\"text-align: center;\"><strong>BALAN\u00c7OS PATRIMONIAIS:<\/strong><\/p>\n<p style=\"text-align: center;\"><a href=\"https:\/\/aabbjf.com.br\/novo\/wp-content\/uploads\/2017\/09\/balanco2016.pdf\" target=\"_blank\" rel=\"noopener noreferrer\">BALAN\u00c7O<\/a><a href=\"https:\/\/aabbjf.com.br\/novo\/wp-content\/uploads\/2017\/09\/balanco2016.pdf\" target=\"_blank\" rel=\"noopener noreferrer\"> PATRIMONIAL ANO\u00a02016<\/a><\/p>\n<p style=\"text-align: center;\"><a href=\"https:\/\/aabbjf.com.br\/novo\/wp-content\/uploads\/2018\/05\/BALAN\u00c7O-PATRIMONIAL-2017.pdf\">BALAN\u00c7O PATRIMONIAL ANO 2017<\/a><\/p>\n<p style=\"text-align: center;\"><a href=\"https:\/\/aabbjf.com.br\/novo\/wp-content\/uploads\/2019\/04\/BALAN\u00c7O-PATRIMONIAL-ANO-2018.pdf\">BALAN\u00c7O PATRIMONIAL ANO 2018<\/a><\/p>\n<p style=\"text-align: center;\"><a href=\"https:\/\/aabbjf.com.br\/novo\/wp-content\/uploads\/2020\/01\/BALAN\u00c7O-PATRIMONIAL-ANO-2019.pdf\">BALAN\u00c7O PATRIMONIAL ANO 2019<\/a><\/p>\n<p style=\"text-align: center;\"><a href=\"https:\/\/aabbjf.com.br\/novo\/wp-content\/uploads\/2021\/08\/BALANCO-PATRIMONIAL-ANO-2020.pdf\">BALAN\u00c7O PATRIMONIAL ANO 2020<\/a><\/p>\n<p style=\"text-align: center;\"><a href=\"https:\/\/aabbjf.com.br\/novo\/wp-content\/uploads\/2022\/12\/BALANCO-PATRIMONIAL-ANO-2021.pdf\">BALAN\u00c7O PATRIMONIAL ANO 2021<\/a><\/p>\n<p style=\"text-align: center;\"><a href=\"https:\/\/aabbjf.com.br\/novo\/wp-content\/uploads\/2023\/05\/BALANCO-PATRIMONIAL-ANO-2022.pdf\">BALAN\u00c7O PATRIMONIAL ANO 2022<\/a><\/p>\n\n\n<p class=\"has-text-align-center\"><a href=\"https:\/\/aabbjf.com.br\/novo\/wp-content\/uploads\/2024\/05\/BALANCO-PATRIMONIAL-ANO-2023-2.pdf\">https:\/\/aabbjf.com.br\/novo\/wp-content\/uploads\/2024\/05\/BALANCO-PATRIMONIAL-ANO-2023-2.pdf<\/a><\/p>\n\n\n\n<p class=\"has-text-align-center\">BALAN\u00c7O PATRIMONIAL 2024<\/p>\n\n\n\n<figure class=\"wp-block-image size-large\"><a href=\"https:\/\/aabbjf.com.br\/novo\/wp-content\/uploads\/2025\/11\/Balanco-Patrimonial-2024.pdf\"><img fetchpriority=\"high\" decoding=\"async\" width=\"725\" height=\"1024\" src=\"https:\/\/aabbjf.com.br\/novo\/wp-content\/uploads\/2025\/11\/Balanco-Patrimonial-2024-pdf-725x1024.jpg\" alt=\"\" class=\"wp-image-36316\"\/><\/a><\/figure>\n\n\n\n<p class=\"has-text-align-center\"><strong>BALANCETES 2025:<\/strong><\/p>\n\n\n\n<p class=\"has-text-align-center\">Janeiro<\/p>\n\n\n\n<figure class=\"wp-block-image size-large\"><a href=\"https:\/\/aabbjf.com.br\/novo\/wp-content\/uploads\/2025\/11\/1-3-scaled.jpg\"><img decoding=\"async\" width=\"724\" height=\"1024\" src=\"https:\/\/aabbjf.com.br\/novo\/wp-content\/uploads\/2025\/11\/1-3-724x1024.jpg\" alt=\"\" class=\"wp-image-36348\" srcset=\"https:\/\/aabbjf.com.br\/novo\/wp-content\/uploads\/2025\/11\/1-3-724x1024.jpg 724w, https:\/\/aabbjf.com.br\/novo\/wp-content\/uploads\/2025\/11\/1-3-212x300.jpg 212w, https:\/\/aabbjf.com.br\/novo\/wp-content\/uploads\/2025\/11\/1-3-768x1086.jpg 768w, https:\/\/aabbjf.com.br\/novo\/wp-content\/uploads\/2025\/11\/1-3-1087x1536.jpg 1087w, https:\/\/aabbjf.com.br\/novo\/wp-content\/uploads\/2025\/11\/1-3-1449x2048.jpg 1449w, https:\/\/aabbjf.com.br\/novo\/wp-content\/uploads\/2025\/11\/1-3-scaled.jpg 1811w\" sizes=\"(max-width: 724px) 100vw, 724px\" \/><\/a><\/figure>\n\n\n\n<figure class=\"wp-block-image size-large\"><a href=\"https:\/\/aabbjf.com.br\/novo\/wp-content\/uploads\/2025\/11\/2-3-scaled.jpg\"><img decoding=\"async\" width=\"724\" height=\"1024\" src=\"https:\/\/aabbjf.com.br\/novo\/wp-content\/uploads\/2025\/11\/2-3-724x1024.jpg\" alt=\"\" class=\"wp-image-36350\" srcset=\"https:\/\/aabbjf.com.br\/novo\/wp-content\/uploads\/2025\/11\/2-3-724x1024.jpg 724w, https:\/\/aabbjf.com.br\/novo\/wp-content\/uploads\/2025\/11\/2-3-212x300.jpg 212w, https:\/\/aabbjf.com.br\/novo\/wp-content\/uploads\/2025\/11\/2-3-768x1086.jpg 768w, https:\/\/aabbjf.com.br\/novo\/wp-content\/uploads\/2025\/11\/2-3-1087x1536.jpg 1087w, https:\/\/aabbjf.com.br\/novo\/wp-content\/uploads\/2025\/11\/2-3-1449x2048.jpg 1449w, https:\/\/aabbjf.com.br\/novo\/wp-content\/uploads\/2025\/11\/2-3-scaled.jpg 1811w\" sizes=\"(max-width: 724px) 100vw, 724px\" \/><\/a><\/figure>\n\n\n\n<p class=\"has-text-align-center\">Fevereiro<\/p>\n\n\n\n<figure class=\"wp-block-image size-large\"><a href=\"https:\/\/aabbjf.com.br\/novo\/wp-content\/uploads\/2025\/11\/3-3-scaled.jpg\"><img loading=\"lazy\" decoding=\"async\" width=\"724\" height=\"1024\" src=\"https:\/\/aabbjf.com.br\/novo\/wp-content\/uploads\/2025\/11\/3-3-724x1024.jpg\" alt=\"\" class=\"wp-image-36351\" srcset=\"https:\/\/aabbjf.com.br\/novo\/wp-content\/uploads\/2025\/11\/3-3-724x1024.jpg 724w, https:\/\/aabbjf.com.br\/novo\/wp-content\/uploads\/2025\/11\/3-3-212x300.jpg 212w, https:\/\/aabbjf.com.br\/novo\/wp-content\/uploads\/2025\/11\/3-3-768x1086.jpg 768w, https:\/\/aabbjf.com.br\/novo\/wp-content\/uploads\/2025\/11\/3-3-1087x1536.jpg 1087w, https:\/\/aabbjf.com.br\/novo\/wp-content\/uploads\/2025\/11\/3-3-1449x2048.jpg 1449w, https:\/\/aabbjf.com.br\/novo\/wp-content\/uploads\/2025\/11\/3-3-scaled.jpg 1811w\" sizes=\"(max-width: 724px) 100vw, 724px\" \/><\/a><\/figure>\n\n\n\n<figure class=\"wp-block-image size-large\"><a href=\"https:\/\/aabbjf.com.br\/novo\/wp-content\/uploads\/2025\/11\/4-2-scaled.jpg\"><img loading=\"lazy\" decoding=\"async\" width=\"724\" height=\"1024\" src=\"https:\/\/aabbjf.com.br\/novo\/wp-content\/uploads\/2025\/11\/4-2-724x1024.jpg\" alt=\"\" class=\"wp-image-36352\" srcset=\"https:\/\/aabbjf.com.br\/novo\/wp-content\/uploads\/2025\/11\/4-2-724x1024.jpg 724w, https:\/\/aabbjf.com.br\/novo\/wp-content\/uploads\/2025\/11\/4-2-212x300.jpg 212w, https:\/\/aabbjf.com.br\/novo\/wp-content\/uploads\/2025\/11\/4-2-768x1086.jpg 768w, https:\/\/aabbjf.com.br\/novo\/wp-content\/uploads\/2025\/11\/4-2-1087x1536.jpg 1087w, https:\/\/aabbjf.com.br\/novo\/wp-content\/uploads\/2025\/11\/4-2-1449x2048.jpg 1449w, https:\/\/aabbjf.com.br\/novo\/wp-content\/uploads\/2025\/11\/4-2-scaled.jpg 1811w\" sizes=\"(max-width: 724px) 100vw, 724px\" \/><\/a><\/figure>\n\n\n\n<p class=\"has-text-align-center\">Mar\u00e7o<\/p>\n\n\n\n<figure class=\"wp-block-image size-large\"><a href=\"https:\/\/aabbjf.com.br\/novo\/wp-content\/uploads\/2025\/11\/5-2-scaled.jpg\"><img loading=\"lazy\" decoding=\"async\" width=\"724\" height=\"1024\" src=\"https:\/\/aabbjf.com.br\/novo\/wp-content\/uploads\/2025\/11\/5-2-724x1024.jpg\" alt=\"\" class=\"wp-image-36353\" srcset=\"https:\/\/aabbjf.com.br\/novo\/wp-content\/uploads\/2025\/11\/5-2-724x1024.jpg 724w, https:\/\/aabbjf.com.br\/novo\/wp-content\/uploads\/2025\/11\/5-2-212x300.jpg 212w, https:\/\/aabbjf.com.br\/novo\/wp-content\/uploads\/2025\/11\/5-2-768x1086.jpg 768w, https:\/\/aabbjf.com.br\/novo\/wp-content\/uploads\/2025\/11\/5-2-1087x1536.jpg 1087w, https:\/\/aabbjf.com.br\/novo\/wp-content\/uploads\/2025\/11\/5-2-1449x2048.jpg 1449w, https:\/\/aabbjf.com.br\/novo\/wp-content\/uploads\/2025\/11\/5-2-scaled.jpg 1811w\" sizes=\"(max-width: 724px) 100vw, 724px\" \/><\/a><\/figure>\n\n\n\n<figure class=\"wp-block-image size-large\"><a href=\"https:\/\/aabbjf.com.br\/novo\/wp-content\/uploads\/2025\/11\/6-2-scaled.jpg\"><img loading=\"lazy\" decoding=\"async\" width=\"724\" height=\"1024\" src=\"https:\/\/aabbjf.com.br\/novo\/wp-content\/uploads\/2025\/11\/6-2-724x1024.jpg\" alt=\"\" class=\"wp-image-36354\" srcset=\"https:\/\/aabbjf.com.br\/novo\/wp-content\/uploads\/2025\/11\/6-2-724x1024.jpg 724w, https:\/\/aabbjf.com.br\/novo\/wp-content\/uploads\/2025\/11\/6-2-212x300.jpg 212w, https:\/\/aabbjf.com.br\/novo\/wp-content\/uploads\/2025\/11\/6-2-768x1086.jpg 768w, https:\/\/aabbjf.com.br\/novo\/wp-content\/uploads\/2025\/11\/6-2-1087x1536.jpg 1087w, https:\/\/aabbjf.com.br\/novo\/wp-content\/uploads\/2025\/11\/6-2-1449x2048.jpg 1449w, https:\/\/aabbjf.com.br\/novo\/wp-content\/uploads\/2025\/11\/6-2-scaled.jpg 1811w\" sizes=\"(max-width: 724px) 100vw, 724px\" \/><\/a><\/figure>\n\n\n\n<p class=\"has-text-align-center\">Abril<\/p>\n\n\n\n<figure class=\"wp-block-image size-large\"><a href=\"https:\/\/aabbjf.com.br\/novo\/wp-content\/uploads\/2025\/11\/7-2-scaled.jpg\"><img loading=\"lazy\" decoding=\"async\" width=\"724\" height=\"1024\" src=\"https:\/\/aabbjf.com.br\/novo\/wp-content\/uploads\/2025\/11\/7-2-724x1024.jpg\" alt=\"\" class=\"wp-image-36355\" srcset=\"https:\/\/aabbjf.com.br\/novo\/wp-content\/uploads\/2025\/11\/7-2-724x1024.jpg 724w, https:\/\/aabbjf.com.br\/novo\/wp-content\/uploads\/2025\/11\/7-2-212x300.jpg 212w, https:\/\/aabbjf.com.br\/novo\/wp-content\/uploads\/2025\/11\/7-2-768x1086.jpg 768w, https:\/\/aabbjf.com.br\/novo\/wp-content\/uploads\/2025\/11\/7-2-1087x1536.jpg 1087w, https:\/\/aabbjf.com.br\/novo\/wp-content\/uploads\/2025\/11\/7-2-1449x2048.jpg 1449w, https:\/\/aabbjf.com.br\/novo\/wp-content\/uploads\/2025\/11\/7-2-scaled.jpg 1811w\" sizes=\"(max-width: 724px) 100vw, 724px\" \/><\/a><\/figure>\n\n\n\n<figure class=\"wp-block-image size-large\"><a href=\"https:\/\/aabbjf.com.br\/novo\/wp-content\/uploads\/2025\/11\/8-1-scaled.jpg\"><img loading=\"lazy\" decoding=\"async\" width=\"724\" height=\"1024\" src=\"https:\/\/aabbjf.com.br\/novo\/wp-content\/uploads\/2025\/11\/8-1-724x1024.jpg\" alt=\"\" class=\"wp-image-36356\" srcset=\"https:\/\/aabbjf.com.br\/novo\/wp-content\/uploads\/2025\/11\/8-1-724x1024.jpg 724w, https:\/\/aabbjf.com.br\/novo\/wp-content\/uploads\/2025\/11\/8-1-212x300.jpg 212w, https:\/\/aabbjf.com.br\/novo\/wp-content\/uploads\/2025\/11\/8-1-768x1086.jpg 768w, https:\/\/aabbjf.com.br\/novo\/wp-content\/uploads\/2025\/11\/8-1-1087x1536.jpg 1087w, https:\/\/aabbjf.com.br\/novo\/wp-content\/uploads\/2025\/11\/8-1-1449x2048.jpg 1449w, https:\/\/aabbjf.com.br\/novo\/wp-content\/uploads\/2025\/11\/8-1-scaled.jpg 1811w\" sizes=\"(max-width: 724px) 100vw, 724px\" \/><\/a><\/figure>\n\n\n\n<p class=\"has-text-align-center\">Maio<\/p>\n\n\n\n<figure class=\"wp-block-image size-large\"><a href=\"https:\/\/aabbjf.com.br\/novo\/wp-content\/uploads\/2025\/11\/9-1-scaled.jpg\"><img loading=\"lazy\" decoding=\"async\" width=\"724\" height=\"1024\" src=\"https:\/\/aabbjf.com.br\/novo\/wp-content\/uploads\/2025\/11\/9-1-724x1024.jpg\" alt=\"\" class=\"wp-image-36357\" srcset=\"https:\/\/aabbjf.com.br\/novo\/wp-content\/uploads\/2025\/11\/9-1-724x1024.jpg 724w, https:\/\/aabbjf.com.br\/novo\/wp-content\/uploads\/2025\/11\/9-1-212x300.jpg 212w, https:\/\/aabbjf.com.br\/novo\/wp-content\/uploads\/2025\/11\/9-1-768x1086.jpg 768w, https:\/\/aabbjf.com.br\/novo\/wp-content\/uploads\/2025\/11\/9-1-1087x1536.jpg 1087w, https:\/\/aabbjf.com.br\/novo\/wp-content\/uploads\/2025\/11\/9-1-1449x2048.jpg 1449w, https:\/\/aabbjf.com.br\/novo\/wp-content\/uploads\/2025\/11\/9-1-scaled.jpg 1811w\" sizes=\"(max-width: 724px) 100vw, 724px\" \/><\/a><\/figure>\n\n\n\n<figure class=\"wp-block-image size-large\"><a href=\"https:\/\/aabbjf.com.br\/novo\/wp-content\/uploads\/2025\/11\/10-scaled.jpg\"><img loading=\"lazy\" decoding=\"async\" width=\"724\" height=\"1024\" src=\"https:\/\/aabbjf.com.br\/novo\/wp-content\/uploads\/2025\/11\/10-724x1024.jpg\" alt=\"\" class=\"wp-image-36358\" srcset=\"https:\/\/aabbjf.com.br\/novo\/wp-content\/uploads\/2025\/11\/10-724x1024.jpg 724w, https:\/\/aabbjf.com.br\/novo\/wp-content\/uploads\/2025\/11\/10-212x300.jpg 212w, https:\/\/aabbjf.com.br\/novo\/wp-content\/uploads\/2025\/11\/10-768x1086.jpg 768w, https:\/\/aabbjf.com.br\/novo\/wp-content\/uploads\/2025\/11\/10-1087x1536.jpg 1087w, https:\/\/aabbjf.com.br\/novo\/wp-content\/uploads\/2025\/11\/10-1449x2048.jpg 1449w, https:\/\/aabbjf.com.br\/novo\/wp-content\/uploads\/2025\/11\/10-scaled.jpg 1811w\" sizes=\"(max-width: 724px) 100vw, 724px\" \/><\/a><\/figure>\n\n\n\n<p class=\"has-text-align-center\">Junho<\/p>\n\n\n\n<figure class=\"wp-block-image size-large\"><a href=\"https:\/\/aabbjf.com.br\/novo\/wp-content\/uploads\/2025\/11\/11-scaled.jpg\"><img loading=\"lazy\" decoding=\"async\" width=\"724\" height=\"1024\" src=\"https:\/\/aabbjf.com.br\/novo\/wp-content\/uploads\/2025\/11\/11-724x1024.jpg\" alt=\"\" class=\"wp-image-36359\" srcset=\"https:\/\/aabbjf.com.br\/novo\/wp-content\/uploads\/2025\/11\/11-724x1024.jpg 724w, https:\/\/aabbjf.com.br\/novo\/wp-content\/uploads\/2025\/11\/11-212x300.jpg 212w, https:\/\/aabbjf.com.br\/novo\/wp-content\/uploads\/2025\/11\/11-768x1086.jpg 768w, https:\/\/aabbjf.com.br\/novo\/wp-content\/uploads\/2025\/11\/11-1086x1536.jpg 1086w, https:\/\/aabbjf.com.br\/novo\/wp-content\/uploads\/2025\/11\/11-1448x2048.jpg 1448w, https:\/\/aabbjf.com.br\/novo\/wp-content\/uploads\/2025\/11\/11-scaled.jpg 1810w\" sizes=\"(max-width: 724px) 100vw, 724px\" \/><\/a><\/figure>\n\n\n\n<figure class=\"wp-block-image size-large\"><a href=\"https:\/\/aabbjf.com.br\/novo\/wp-content\/uploads\/2025\/11\/12-scaled.jpg\"><img loading=\"lazy\" decoding=\"async\" width=\"724\" height=\"1024\" src=\"https:\/\/aabbjf.com.br\/novo\/wp-content\/uploads\/2025\/11\/12-724x1024.jpg\" alt=\"\" class=\"wp-image-36360\" srcset=\"https:\/\/aabbjf.com.br\/novo\/wp-content\/uploads\/2025\/11\/12-724x1024.jpg 724w, https:\/\/aabbjf.com.br\/novo\/wp-content\/uploads\/2025\/11\/12-212x300.jpg 212w, https:\/\/aabbjf.com.br\/novo\/wp-content\/uploads\/2025\/11\/12-768x1086.jpg 768w, https:\/\/aabbjf.com.br\/novo\/wp-content\/uploads\/2025\/11\/12-1086x1536.jpg 1086w, https:\/\/aabbjf.com.br\/novo\/wp-content\/uploads\/2025\/11\/12-1448x2048.jpg 1448w, https:\/\/aabbjf.com.br\/novo\/wp-content\/uploads\/2025\/11\/12-scaled.jpg 1810w\" sizes=\"(max-width: 724px) 100vw, 724px\" \/><\/a><\/figure>\n\n\n\n<p class=\"has-text-align-center\">Julho<\/p>\n\n\n\n<figure class=\"wp-block-image size-large\"><a href=\"https:\/\/aabbjf.com.br\/novo\/wp-content\/uploads\/2025\/11\/13-scaled.jpg\"><img loading=\"lazy\" decoding=\"async\" width=\"724\" height=\"1024\" src=\"https:\/\/aabbjf.com.br\/novo\/wp-content\/uploads\/2025\/11\/13-724x1024.jpg\" alt=\"\" class=\"wp-image-36361\" srcset=\"https:\/\/aabbjf.com.br\/novo\/wp-content\/uploads\/2025\/11\/13-724x1024.jpg 724w, https:\/\/aabbjf.com.br\/novo\/wp-content\/uploads\/2025\/11\/13-212x300.jpg 212w, https:\/\/aabbjf.com.br\/novo\/wp-content\/uploads\/2025\/11\/13-768x1086.jpg 768w, https:\/\/aabbjf.com.br\/novo\/wp-content\/uploads\/2025\/11\/13-1086x1536.jpg 1086w, https:\/\/aabbjf.com.br\/novo\/wp-content\/uploads\/2025\/11\/13-1448x2048.jpg 1448w, https:\/\/aabbjf.com.br\/novo\/wp-content\/uploads\/2025\/11\/13-scaled.jpg 1810w\" sizes=\"(max-width: 724px) 100vw, 724px\" \/><\/a><\/figure>\n\n\n\n<figure class=\"wp-block-image size-large\"><a href=\"https:\/\/aabbjf.com.br\/novo\/wp-content\/uploads\/2025\/11\/14-scaled.jpg\"><img loading=\"lazy\" decoding=\"async\" width=\"724\" height=\"1024\" src=\"https:\/\/aabbjf.com.br\/novo\/wp-content\/uploads\/2025\/11\/14-724x1024.jpg\" alt=\"\" class=\"wp-image-36362\" srcset=\"https:\/\/aabbjf.com.br\/novo\/wp-content\/uploads\/2025\/11\/14-724x1024.jpg 724w, https:\/\/aabbjf.com.br\/novo\/wp-content\/uploads\/2025\/11\/14-212x300.jpg 212w, https:\/\/aabbjf.com.br\/novo\/wp-content\/uploads\/2025\/11\/14-768x1086.jpg 768w, https:\/\/aabbjf.com.br\/novo\/wp-content\/uploads\/2025\/11\/14-1086x1536.jpg 1086w, https:\/\/aabbjf.com.br\/novo\/wp-content\/uploads\/2025\/11\/14-1448x2048.jpg 1448w, https:\/\/aabbjf.com.br\/novo\/wp-content\/uploads\/2025\/11\/14-scaled.jpg 1810w\" sizes=\"(max-width: 724px) 100vw, 724px\" \/><\/a><\/figure>\n\n\n\n<p class=\"has-text-align-center\">Agosto<\/p>\n\n\n\n<figure class=\"wp-block-image size-large\"><a href=\"https:\/\/aabbjf.com.br\/novo\/wp-content\/uploads\/2025\/11\/15-scaled.jpg\"><img loading=\"lazy\" decoding=\"async\" width=\"724\" height=\"1024\" src=\"https:\/\/aabbjf.com.br\/novo\/wp-content\/uploads\/2025\/11\/15-724x1024.jpg\" alt=\"\" class=\"wp-image-36363\" srcset=\"https:\/\/aabbjf.com.br\/novo\/wp-content\/uploads\/2025\/11\/15-724x1024.jpg 724w, https:\/\/aabbjf.com.br\/novo\/wp-content\/uploads\/2025\/11\/15-212x300.jpg 212w, https:\/\/aabbjf.com.br\/novo\/wp-content\/uploads\/2025\/11\/15-768x1086.jpg 768w, https:\/\/aabbjf.com.br\/novo\/wp-content\/uploads\/2025\/11\/15-1086x1536.jpg 1086w, https:\/\/aabbjf.com.br\/novo\/wp-content\/uploads\/2025\/11\/15-1448x2048.jpg 1448w, https:\/\/aabbjf.com.br\/novo\/wp-content\/uploads\/2025\/11\/15-scaled.jpg 1810w\" sizes=\"(max-width: 724px) 100vw, 724px\" \/><\/a><\/figure>\n\n\n\n<figure class=\"wp-block-image size-large\"><a href=\"https:\/\/aabbjf.com.br\/novo\/wp-content\/uploads\/2025\/11\/16-scaled.jpg\"><img loading=\"lazy\" decoding=\"async\" width=\"724\" height=\"1024\" src=\"https:\/\/aabbjf.com.br\/novo\/wp-content\/uploads\/2025\/11\/16-724x1024.jpg\" alt=\"\" class=\"wp-image-36364\" srcset=\"https:\/\/aabbjf.com.br\/novo\/wp-content\/uploads\/2025\/11\/16-724x1024.jpg 724w, https:\/\/aabbjf.com.br\/novo\/wp-content\/uploads\/2025\/11\/16-212x300.jpg 212w, https:\/\/aabbjf.com.br\/novo\/wp-content\/uploads\/2025\/11\/16-768x1086.jpg 768w, https:\/\/aabbjf.com.br\/novo\/wp-content\/uploads\/2025\/11\/16-1086x1536.jpg 1086w, https:\/\/aabbjf.com.br\/novo\/wp-content\/uploads\/2025\/11\/16-1448x2048.jpg 1448w, https:\/\/aabbjf.com.br\/novo\/wp-content\/uploads\/2025\/11\/16-scaled.jpg 1810w\" sizes=\"(max-width: 724px) 100vw, 724px\" \/><\/a><\/figure>\n\n\n\n<p class=\"has-text-align-center\">Setembro<\/p>\n\n\n\n<figure class=\"wp-block-image size-large\"><a href=\"https:\/\/aabbjf.com.br\/novo\/wp-content\/uploads\/2025\/11\/17-scaled.jpg\"><img loading=\"lazy\" decoding=\"async\" width=\"730\" height=\"1024\" src=\"https:\/\/aabbjf.com.br\/novo\/wp-content\/uploads\/2025\/11\/17-730x1024.jpg\" alt=\"\" class=\"wp-image-36365\" srcset=\"https:\/\/aabbjf.com.br\/novo\/wp-content\/uploads\/2025\/11\/17-730x1024.jpg 730w, https:\/\/aabbjf.com.br\/novo\/wp-content\/uploads\/2025\/11\/17-214x300.jpg 214w, https:\/\/aabbjf.com.br\/novo\/wp-content\/uploads\/2025\/11\/17-768x1078.jpg 768w, https:\/\/aabbjf.com.br\/novo\/wp-content\/uploads\/2025\/11\/17-1095x1536.jpg 1095w, https:\/\/aabbjf.com.br\/novo\/wp-content\/uploads\/2025\/11\/17-1459x2048.jpg 1459w, https:\/\/aabbjf.com.br\/novo\/wp-content\/uploads\/2025\/11\/17-scaled.jpg 1824w\" sizes=\"(max-width: 730px) 100vw, 730px\" \/><\/a><\/figure>\n\n\n\n<figure class=\"wp-block-image size-large\"><a href=\"https:\/\/aabbjf.com.br\/novo\/wp-content\/uploads\/2025\/11\/18-scaled.jpg\"><img loading=\"lazy\" decoding=\"async\" width=\"805\" height=\"1024\" src=\"https:\/\/aabbjf.com.br\/novo\/wp-content\/uploads\/2025\/11\/18-805x1024.jpg\" alt=\"\" class=\"wp-image-36366\" srcset=\"https:\/\/aabbjf.com.br\/novo\/wp-content\/uploads\/2025\/11\/18-805x1024.jpg 805w, https:\/\/aabbjf.com.br\/novo\/wp-content\/uploads\/2025\/11\/18-236x300.jpg 236w, https:\/\/aabbjf.com.br\/novo\/wp-content\/uploads\/2025\/11\/18-768x977.jpg 768w, https:\/\/aabbjf.com.br\/novo\/wp-content\/uploads\/2025\/11\/18-1207x1536.jpg 1207w, https:\/\/aabbjf.com.br\/novo\/wp-content\/uploads\/2025\/11\/18-1609x2048.jpg 1609w, https:\/\/aabbjf.com.br\/novo\/wp-content\/uploads\/2025\/11\/18-scaled.jpg 2012w\" sizes=\"(max-width: 805px) 100vw, 805px\" \/><\/a><\/figure>\n\n\n\n<p class=\"has-text-align-center\">Outubro<\/p>\n\n\n\n<figure class=\"wp-block-image size-large\"><a href=\"https:\/\/aabbjf.com.br\/novo\/wp-content\/uploads\/2025\/12\/19.png\"><img loading=\"lazy\" decoding=\"async\" width=\"764\" height=\"1024\" src=\"https:\/\/aabbjf.com.br\/novo\/wp-content\/uploads\/2025\/12\/19-764x1024.png\" alt=\"\" class=\"wp-image-37128\" srcset=\"https:\/\/aabbjf.com.br\/novo\/wp-content\/uploads\/2025\/12\/19-764x1024.png 764w, https:\/\/aabbjf.com.br\/novo\/wp-content\/uploads\/2025\/12\/19-224x300.png 224w, https:\/\/aabbjf.com.br\/novo\/wp-content\/uploads\/2025\/12\/19-768x1030.png 768w, https:\/\/aabbjf.com.br\/novo\/wp-content\/uploads\/2025\/12\/19.png 1080w\" sizes=\"(max-width: 764px) 100vw, 764px\" \/><\/a><\/figure>\n\n\n\n<p class=\"has-text-align-center\"><\/p>\n\n\n\n<figure class=\"wp-block-image size-large\"><a href=\"https:\/\/aabbjf.com.br\/novo\/wp-content\/uploads\/2025\/12\/20.png\"><img loading=\"lazy\" decoding=\"async\" width=\"898\" height=\"1024\" src=\"https:\/\/aabbjf.com.br\/novo\/wp-content\/uploads\/2025\/12\/20-898x1024.png\" alt=\"\" class=\"wp-image-37129\" srcset=\"https:\/\/aabbjf.com.br\/novo\/wp-content\/uploads\/2025\/12\/20-898x1024.png 898w, https:\/\/aabbjf.com.br\/novo\/wp-content\/uploads\/2025\/12\/20-263x300.png 263w, https:\/\/aabbjf.com.br\/novo\/wp-content\/uploads\/2025\/12\/20-768x876.png 768w, https:\/\/aabbjf.com.br\/novo\/wp-content\/uploads\/2025\/12\/20.png 1080w\" sizes=\"(max-width: 898px) 100vw, 898px\" \/><\/a><\/figure>\n\n\n\n<p class=\"has-text-align-center\">Novembro<\/p>\n\n\n\n<p class=\"has-text-align-center\">A INSERIR<\/p>\n\n\n\n<p class=\"has-text-align-center\">Dezembro<\/p>\n\n\n\n<p class=\"has-text-align-center\">A INSERIR<\/p>\n","protected":false},"excerpt":{"rendered":"<p>BALAN\u00c7OS PATRIMONIAIS: BALAN\u00c7O PATRIMONIAL ANO\u00a02016 BALAN\u00c7O PATRIMONIAL ANO 2017 BALAN\u00c7O PATRIMONIAL ANO 2018 BALAN\u00c7O PATRIMONIAL ANO 2019 BALAN\u00c7O PATRIMONIAL ANO 2020 BALAN\u00c7O PATRIMONIAL ANO 2021 BALAN\u00c7O PATRIMONIAL ANO 2022 https:\/\/aabbjf.com.br\/novo\/wp-content\/uploads\/2024\/05\/BALANCO-PATRIMONIAL-ANO-2023-2.pdf BALAN\u00c7O PATRIMONIAL 2024 BALANCETES 2025: Janeiro Fevereiro Mar\u00e7o Abril Maio Junho Julho Agosto Setembro Outubro Novembro A INSERIR Dezembro A INSERIR<\/p>\n","protected":false},"author":1,"featured_media":3598,"parent":0,"menu_order":0,"comment_status":"closed","ping_status":"closed","template":"","meta":{"footnotes":""},"_links":{"self":[{"href":"https:\/\/aabbjf.com.br\/novo\/wp-json\/wp\/v2\/pages\/1920"}],"collection":[{"href":"https:\/\/aabbjf.com.br\/novo\/wp-json\/wp\/v2\/pages"}],"about":[{"href":"https:\/\/aabbjf.com.br\/novo\/wp-json\/wp\/v2\/types\/page"}],"author":[{"embeddable":true,"href":"https:\/\/aabbjf.com.br\/novo\/wp-json\/wp\/v2\/users\/1"}],"replies":[{"embeddable":true,"href":"https:\/\/aabbjf.com.br\/novo\/wp-json\/wp\/v2\/comments?post=1920"}],"version-history":[{"count":63,"href":"https:\/\/aabbjf.com.br\/novo\/wp-json\/wp\/v2\/pages\/1920\/revisions"}],"predecessor-version":[{"id":37130,"href":"https:\/\/aabbjf.com.br\/novo\/wp-json\/wp\/v2\/pages\/1920\/revisions\/37130"}],"wp:featuredmedia":[{"embeddable":true,"href":"https:\/\/aabbjf.com.br\/novo\/wp-json\/wp\/v2\/media\/3598"}],"wp:attachment":[{"href":"https:\/\/aabbjf.com.br\/novo\/wp-json\/wp\/v2\/media?parent=1920"}],"curies":[{"name":"wp","href":"https:\/\/api.w.org\/{rel}","templated":true}]}}