{"id":1741,"date":"2017-09-27T19:06:49","date_gmt":"2017-09-27T22:06:49","guid":{"rendered":"http:\/\/aabbjf.com.br\/novo\/?page_id=1741"},"modified":"2025-10-16T11:44:12","modified_gmt":"2025-10-16T14:44:12","slug":"presidentes","status":"publish","type":"page","link":"https:\/\/aabbjf.com.br\/novo\/presidentes\/","title":{"rendered":"Presidentes"},"content":{"rendered":"<h3 style=\"text-align: center;\"><a href=\"https:\/\/aabbjf.com.br\/novo\/wp-content\/uploads\/2023\/05\/01-Luiz-de-Gonzaga-Monteiro-.jpg\"><img fetchpriority=\"high\" decoding=\"async\" class=\"alignnone wp-image-25867 size-medium\" src=\"https:\/\/aabbjf.com.br\/novo\/wp-content\/uploads\/2023\/05\/01-Luiz-de-Gonzaga-Monteiro--275x300.jpg\" alt=\"\" width=\"275\" height=\"300\" srcset=\"https:\/\/aabbjf.com.br\/novo\/wp-content\/uploads\/2023\/05\/01-Luiz-de-Gonzaga-Monteiro--275x300.jpg 275w, https:\/\/aabbjf.com.br\/novo\/wp-content\/uploads\/2023\/05\/01-Luiz-de-Gonzaga-Monteiro--939x1024.jpg 939w, https:\/\/aabbjf.com.br\/novo\/wp-content\/uploads\/2023\/05\/01-Luiz-de-Gonzaga-Monteiro--768x838.jpg 768w, https:\/\/aabbjf.com.br\/novo\/wp-content\/uploads\/2023\/05\/01-Luiz-de-Gonzaga-Monteiro-.jpg 1299w\" sizes=\"(max-width: 275px) 100vw, 275px\" \/><\/a><\/h3>\n<h3 style=\"text-align: center;\"><strong>Luiz de Gonzaga Monteiro<br \/><\/strong><em>1954\/1955<\/em><\/h3>\n<h3 style=\"text-align: center;\"><a href=\"https:\/\/aabbjf.com.br\/novo\/wp-content\/uploads\/2023\/05\/02-Carlos-Alberto-Menna-Barreto-Franco.jpg\"><img decoding=\"async\" class=\"alignnone wp-image-25868 size-medium\" src=\"https:\/\/aabbjf.com.br\/novo\/wp-content\/uploads\/2023\/05\/02-Carlos-Alberto-Menna-Barreto-Franco-275x300.jpg\" alt=\"\" width=\"275\" height=\"300\" srcset=\"https:\/\/aabbjf.com.br\/novo\/wp-content\/uploads\/2023\/05\/02-Carlos-Alberto-Menna-Barreto-Franco-275x300.jpg 275w, https:\/\/aabbjf.com.br\/novo\/wp-content\/uploads\/2023\/05\/02-Carlos-Alberto-Menna-Barreto-Franco-939x1024.jpg 939w, https:\/\/aabbjf.com.br\/novo\/wp-content\/uploads\/2023\/05\/02-Carlos-Alberto-Menna-Barreto-Franco-768x838.jpg 768w, https:\/\/aabbjf.com.br\/novo\/wp-content\/uploads\/2023\/05\/02-Carlos-Alberto-Menna-Barreto-Franco.jpg 1299w\" sizes=\"(max-width: 275px) 100vw, 275px\" \/><\/a><\/h3>\n<h3 style=\"text-align: center;\"><strong>Carlos Alberto Menna Barreto Franco<br \/><\/strong><em>1956\/1957<\/em><\/h3>\n<h3 style=\"text-align: center;\"><a href=\"https:\/\/aabbjf.com.br\/novo\/wp-content\/uploads\/2023\/05\/03-Virgilio-de-Assis-Pereira-da-Silva.jpg\"><img decoding=\"async\" class=\"alignnone wp-image-25869 size-medium\" src=\"https:\/\/aabbjf.com.br\/novo\/wp-content\/uploads\/2023\/05\/03-Virgilio-de-Assis-Pereira-da-Silva-275x300.jpg\" alt=\"\" width=\"275\" height=\"300\" srcset=\"https:\/\/aabbjf.com.br\/novo\/wp-content\/uploads\/2023\/05\/03-Virgilio-de-Assis-Pereira-da-Silva-275x300.jpg 275w, https:\/\/aabbjf.com.br\/novo\/wp-content\/uploads\/2023\/05\/03-Virgilio-de-Assis-Pereira-da-Silva-939x1024.jpg 939w, https:\/\/aabbjf.com.br\/novo\/wp-content\/uploads\/2023\/05\/03-Virgilio-de-Assis-Pereira-da-Silva-768x838.jpg 768w, https:\/\/aabbjf.com.br\/novo\/wp-content\/uploads\/2023\/05\/03-Virgilio-de-Assis-Pereira-da-Silva.jpg 1299w\" sizes=\"(max-width: 275px) 100vw, 275px\" \/><\/a><\/h3>\n<h3 style=\"text-align: center;\"><strong>Virg\u00edlio de Assis Pereira Silva J\u00fanior<br \/><\/strong><em>1958\/1959<\/em><\/h3>\n<h3 style=\"text-align: center;\"><a href=\"https:\/\/aabbjf.com.br\/novo\/wp-content\/uploads\/2023\/05\/04-Jahy-Franca-de-Almeida.jpg\"><img loading=\"lazy\" decoding=\"async\" class=\"alignnone wp-image-25870 size-medium\" src=\"https:\/\/aabbjf.com.br\/novo\/wp-content\/uploads\/2023\/05\/04-Jahy-Franca-de-Almeida-275x300.jpg\" alt=\"\" width=\"275\" height=\"300\" srcset=\"https:\/\/aabbjf.com.br\/novo\/wp-content\/uploads\/2023\/05\/04-Jahy-Franca-de-Almeida-275x300.jpg 275w, https:\/\/aabbjf.com.br\/novo\/wp-content\/uploads\/2023\/05\/04-Jahy-Franca-de-Almeida-939x1024.jpg 939w, https:\/\/aabbjf.com.br\/novo\/wp-content\/uploads\/2023\/05\/04-Jahy-Franca-de-Almeida-768x838.jpg 768w, https:\/\/aabbjf.com.br\/novo\/wp-content\/uploads\/2023\/05\/04-Jahy-Franca-de-Almeida.jpg 1299w\" sizes=\"(max-width: 275px) 100vw, 275px\" \/><\/a><\/h3>\n<h3 style=\"text-align: center;\"><strong>Jahy Fran\u00e7a de Almeida<br \/><\/strong><em>1960\/1961<\/em><\/h3>\n<h3 style=\"text-align: center;\"><a href=\"https:\/\/aabbjf.com.br\/novo\/wp-content\/uploads\/2023\/05\/05-Jose-Marcio-Cyrino-Peralva.jpg\"><img loading=\"lazy\" decoding=\"async\" class=\"alignnone wp-image-25871 size-medium\" src=\"https:\/\/aabbjf.com.br\/novo\/wp-content\/uploads\/2023\/05\/05-Jose-Marcio-Cyrino-Peralva-275x300.jpg\" alt=\"\" width=\"275\" height=\"300\" srcset=\"https:\/\/aabbjf.com.br\/novo\/wp-content\/uploads\/2023\/05\/05-Jose-Marcio-Cyrino-Peralva-275x300.jpg 275w, https:\/\/aabbjf.com.br\/novo\/wp-content\/uploads\/2023\/05\/05-Jose-Marcio-Cyrino-Peralva-939x1024.jpg 939w, https:\/\/aabbjf.com.br\/novo\/wp-content\/uploads\/2023\/05\/05-Jose-Marcio-Cyrino-Peralva-768x838.jpg 768w, https:\/\/aabbjf.com.br\/novo\/wp-content\/uploads\/2023\/05\/05-Jose-Marcio-Cyrino-Peralva.jpg 1299w\" sizes=\"(max-width: 275px) 100vw, 275px\" \/><\/a><\/h3>\n<h3 style=\"text-align: center;\"><strong>Jos\u00e9 M\u00e1rcio Cyrino Peralva<br \/><\/strong><em>1962\/1965<\/em><\/h3>\n<h3 style=\"text-align: center;\"><a href=\"https:\/\/aabbjf.com.br\/novo\/wp-content\/uploads\/2023\/05\/06-Sergio-Alberto-Maestrini.jpg\"><img loading=\"lazy\" decoding=\"async\" class=\"alignnone wp-image-25872 size-medium\" src=\"https:\/\/aabbjf.com.br\/novo\/wp-content\/uploads\/2023\/05\/06-Sergio-Alberto-Maestrini-275x300.jpg\" alt=\"\" width=\"275\" height=\"300\" srcset=\"https:\/\/aabbjf.com.br\/novo\/wp-content\/uploads\/2023\/05\/06-Sergio-Alberto-Maestrini-275x300.jpg 275w, https:\/\/aabbjf.com.br\/novo\/wp-content\/uploads\/2023\/05\/06-Sergio-Alberto-Maestrini-939x1024.jpg 939w, https:\/\/aabbjf.com.br\/novo\/wp-content\/uploads\/2023\/05\/06-Sergio-Alberto-Maestrini-768x838.jpg 768w, https:\/\/aabbjf.com.br\/novo\/wp-content\/uploads\/2023\/05\/06-Sergio-Alberto-Maestrini.jpg 1299w\" sizes=\"(max-width: 275px) 100vw, 275px\" \/><\/a><\/h3>\n<h3 style=\"text-align: center;\"><strong>S\u00e9rgio Alberto Maestrini<br \/><\/strong><em>1966<\/em><\/h3>\n<h3 style=\"text-align: center;\"><a href=\"https:\/\/aabbjf.com.br\/novo\/wp-content\/uploads\/2023\/05\/07-Evandro-de-Almeida-Lourenco.jpg\"><img loading=\"lazy\" decoding=\"async\" class=\"alignnone wp-image-25873 size-medium\" src=\"https:\/\/aabbjf.com.br\/novo\/wp-content\/uploads\/2023\/05\/07-Evandro-de-Almeida-Lourenco-275x300.jpg\" alt=\"\" width=\"275\" height=\"300\" srcset=\"https:\/\/aabbjf.com.br\/novo\/wp-content\/uploads\/2023\/05\/07-Evandro-de-Almeida-Lourenco-275x300.jpg 275w, https:\/\/aabbjf.com.br\/novo\/wp-content\/uploads\/2023\/05\/07-Evandro-de-Almeida-Lourenco-939x1024.jpg 939w, https:\/\/aabbjf.com.br\/novo\/wp-content\/uploads\/2023\/05\/07-Evandro-de-Almeida-Lourenco-768x838.jpg 768w, https:\/\/aabbjf.com.br\/novo\/wp-content\/uploads\/2023\/05\/07-Evandro-de-Almeida-Lourenco.jpg 1299w\" sizes=\"(max-width: 275px) 100vw, 275px\" \/><\/a><\/h3>\n<h3 style=\"text-align: center;\"><strong>Evandro de Toledo Louren\u00e7o<br \/><\/strong><em>1967<\/em><\/h3>\n<h3 style=\"text-align: center;\"><a href=\"https:\/\/aabbjf.com.br\/novo\/wp-content\/uploads\/2023\/05\/05-Jose-Marcio-Cyrino-Peralva-1.jpg\"><img loading=\"lazy\" decoding=\"async\" class=\"alignnone wp-image-25894 size-medium\" src=\"https:\/\/aabbjf.com.br\/novo\/wp-content\/uploads\/2023\/05\/05-Jose-Marcio-Cyrino-Peralva-1-275x300.jpg\" alt=\"\" width=\"275\" height=\"300\" srcset=\"https:\/\/aabbjf.com.br\/novo\/wp-content\/uploads\/2023\/05\/05-Jose-Marcio-Cyrino-Peralva-1-275x300.jpg 275w, https:\/\/aabbjf.com.br\/novo\/wp-content\/uploads\/2023\/05\/05-Jose-Marcio-Cyrino-Peralva-1-939x1024.jpg 939w, https:\/\/aabbjf.com.br\/novo\/wp-content\/uploads\/2023\/05\/05-Jose-Marcio-Cyrino-Peralva-1-768x838.jpg 768w, https:\/\/aabbjf.com.br\/novo\/wp-content\/uploads\/2023\/05\/05-Jose-Marcio-Cyrino-Peralva-1.jpg 1299w\" sizes=\"(max-width: 275px) 100vw, 275px\" \/><\/a><\/h3>\n<h3 style=\"text-align: center;\"><strong>Jos\u00e9 M\u00e1rcio Cyrino Peralva<br \/><\/strong><em>1968\/1971<\/em><\/h3>\n<h3 style=\"text-align: center;\"><a href=\"https:\/\/aabbjf.com.br\/novo\/wp-content\/uploads\/2023\/05\/08-Jose-Carlos-Cruz.jpg\"><img loading=\"lazy\" decoding=\"async\" class=\"alignnone wp-image-25874 size-medium\" src=\"https:\/\/aabbjf.com.br\/novo\/wp-content\/uploads\/2023\/05\/08-Jose-Carlos-Cruz-275x300.jpg\" alt=\"\" width=\"275\" height=\"300\" srcset=\"https:\/\/aabbjf.com.br\/novo\/wp-content\/uploads\/2023\/05\/08-Jose-Carlos-Cruz-275x300.jpg 275w, https:\/\/aabbjf.com.br\/novo\/wp-content\/uploads\/2023\/05\/08-Jose-Carlos-Cruz-939x1024.jpg 939w, https:\/\/aabbjf.com.br\/novo\/wp-content\/uploads\/2023\/05\/08-Jose-Carlos-Cruz-768x838.jpg 768w, https:\/\/aabbjf.com.br\/novo\/wp-content\/uploads\/2023\/05\/08-Jose-Carlos-Cruz.jpg 1299w\" sizes=\"(max-width: 275px) 100vw, 275px\" \/><\/a><\/h3>\n<h3 style=\"text-align: center;\"><strong>Jos\u00e9 Carlos da Cruz<br \/><\/strong><em>1972\/1973<\/em><\/h3>\n<h3 style=\"text-align: center;\"><a href=\"https:\/\/aabbjf.com.br\/novo\/wp-content\/uploads\/2023\/05\/05-Jose-Marcio-Cyrino-Peralva-1.jpg\"><img loading=\"lazy\" decoding=\"async\" class=\"alignnone wp-image-25894 size-medium\" src=\"https:\/\/aabbjf.com.br\/novo\/wp-content\/uploads\/2023\/05\/05-Jose-Marcio-Cyrino-Peralva-1-275x300.jpg\" alt=\"\" width=\"275\" height=\"300\" srcset=\"https:\/\/aabbjf.com.br\/novo\/wp-content\/uploads\/2023\/05\/05-Jose-Marcio-Cyrino-Peralva-1-275x300.jpg 275w, https:\/\/aabbjf.com.br\/novo\/wp-content\/uploads\/2023\/05\/05-Jose-Marcio-Cyrino-Peralva-1-939x1024.jpg 939w, https:\/\/aabbjf.com.br\/novo\/wp-content\/uploads\/2023\/05\/05-Jose-Marcio-Cyrino-Peralva-1-768x838.jpg 768w, https:\/\/aabbjf.com.br\/novo\/wp-content\/uploads\/2023\/05\/05-Jose-Marcio-Cyrino-Peralva-1.jpg 1299w\" sizes=\"(max-width: 275px) 100vw, 275px\" \/><\/a><\/h3>\n<h3 style=\"text-align: center;\"><strong>Jos\u00e9 M\u00e1rcio Cyrino Peralva<br \/><\/strong><em>1974\/1975<\/em><\/h3>\n<h3 style=\"text-align: center;\"><a href=\"https:\/\/aabbjf.com.br\/novo\/wp-content\/uploads\/2023\/05\/09-Mauricio-Cardoso-da-Silva.jpg\"><img loading=\"lazy\" decoding=\"async\" class=\"alignnone wp-image-25875 size-medium\" src=\"https:\/\/aabbjf.com.br\/novo\/wp-content\/uploads\/2023\/05\/09-Mauricio-Cardoso-da-Silva-275x300.jpg\" alt=\"\" width=\"275\" height=\"300\" srcset=\"https:\/\/aabbjf.com.br\/novo\/wp-content\/uploads\/2023\/05\/09-Mauricio-Cardoso-da-Silva-275x300.jpg 275w, https:\/\/aabbjf.com.br\/novo\/wp-content\/uploads\/2023\/05\/09-Mauricio-Cardoso-da-Silva-939x1024.jpg 939w, https:\/\/aabbjf.com.br\/novo\/wp-content\/uploads\/2023\/05\/09-Mauricio-Cardoso-da-Silva-768x838.jpg 768w, https:\/\/aabbjf.com.br\/novo\/wp-content\/uploads\/2023\/05\/09-Mauricio-Cardoso-da-Silva.jpg 1299w\" sizes=\"(max-width: 275px) 100vw, 275px\" \/><\/a><\/h3>\n<h3 style=\"text-align: center;\"><strong>Maur\u00edcio Cardoso da Silva<br \/><\/strong><em>1976\/1980<\/em><\/h3>\n<h3 style=\"text-align: center;\"><a href=\"https:\/\/aabbjf.com.br\/novo\/wp-content\/uploads\/2023\/05\/10-Dirceu-Pereira-de-Souza.jpg\"><img loading=\"lazy\" decoding=\"async\" class=\"alignnone wp-image-25876 size-medium\" src=\"https:\/\/aabbjf.com.br\/novo\/wp-content\/uploads\/2023\/05\/10-Dirceu-Pereira-de-Souza-275x300.jpg\" alt=\"\" width=\"275\" height=\"300\" srcset=\"https:\/\/aabbjf.com.br\/novo\/wp-content\/uploads\/2023\/05\/10-Dirceu-Pereira-de-Souza-275x300.jpg 275w, https:\/\/aabbjf.com.br\/novo\/wp-content\/uploads\/2023\/05\/10-Dirceu-Pereira-de-Souza-939x1024.jpg 939w, https:\/\/aabbjf.com.br\/novo\/wp-content\/uploads\/2023\/05\/10-Dirceu-Pereira-de-Souza-768x838.jpg 768w, https:\/\/aabbjf.com.br\/novo\/wp-content\/uploads\/2023\/05\/10-Dirceu-Pereira-de-Souza.jpg 1299w\" sizes=\"(max-width: 275px) 100vw, 275px\" \/><\/a><\/h3>\n<h3 style=\"text-align: center;\"><strong>Dirceu Pereira de Souza<br \/><\/strong><em>1981\/1983<\/em><\/h3>\n<h3 style=\"text-align: center;\"><a href=\"https:\/\/aabbjf.com.br\/novo\/wp-content\/uploads\/2023\/05\/11-Antonio-Pereira-de-Carvalho-Filho.jpg\"><img loading=\"lazy\" decoding=\"async\" class=\"alignnone wp-image-25877 size-medium\" src=\"https:\/\/aabbjf.com.br\/novo\/wp-content\/uploads\/2023\/05\/11-Antonio-Pereira-de-Carvalho-Filho-275x300.jpg\" alt=\"\" width=\"275\" height=\"300\" srcset=\"https:\/\/aabbjf.com.br\/novo\/wp-content\/uploads\/2023\/05\/11-Antonio-Pereira-de-Carvalho-Filho-275x300.jpg 275w, https:\/\/aabbjf.com.br\/novo\/wp-content\/uploads\/2023\/05\/11-Antonio-Pereira-de-Carvalho-Filho-939x1024.jpg 939w, https:\/\/aabbjf.com.br\/novo\/wp-content\/uploads\/2023\/05\/11-Antonio-Pereira-de-Carvalho-Filho-768x838.jpg 768w, https:\/\/aabbjf.com.br\/novo\/wp-content\/uploads\/2023\/05\/11-Antonio-Pereira-de-Carvalho-Filho.jpg 1299w\" sizes=\"(max-width: 275px) 100vw, 275px\" \/><\/a><\/h3>\n<h3 style=\"text-align: center;\"><strong>Ant\u00f4nio Pereira de Carvalho Filho<br \/><\/strong><em>1984\/1986<br \/><\/em><em>1987\/1989<\/em><\/h3>\n<h3 style=\"text-align: center;\"><a href=\"https:\/\/aabbjf.com.br\/novo\/wp-content\/uploads\/2023\/05\/12-Waldir-Vitorino-Alvim.jpg\"><img loading=\"lazy\" decoding=\"async\" class=\"alignnone wp-image-25878 size-medium\" src=\"https:\/\/aabbjf.com.br\/novo\/wp-content\/uploads\/2023\/05\/12-Waldir-Vitorino-Alvim-275x300.jpg\" alt=\"\" width=\"275\" height=\"300\" srcset=\"https:\/\/aabbjf.com.br\/novo\/wp-content\/uploads\/2023\/05\/12-Waldir-Vitorino-Alvim-275x300.jpg 275w, https:\/\/aabbjf.com.br\/novo\/wp-content\/uploads\/2023\/05\/12-Waldir-Vitorino-Alvim-939x1024.jpg 939w, https:\/\/aabbjf.com.br\/novo\/wp-content\/uploads\/2023\/05\/12-Waldir-Vitorino-Alvim-768x838.jpg 768w, https:\/\/aabbjf.com.br\/novo\/wp-content\/uploads\/2023\/05\/12-Waldir-Vitorino-Alvim.jpg 1299w\" sizes=\"(max-width: 275px) 100vw, 275px\" \/><\/a><\/h3>\n<h3 style=\"text-align: center;\"><strong>Waldir Vitorino Alvim<br \/><\/strong><em>1990\/1993<\/em><\/h3>\n<h3 style=\"text-align: center;\"><a href=\"https:\/\/aabbjf.com.br\/novo\/wp-content\/uploads\/2023\/05\/13-Paulo-Roberto-Xavier-Goncalves.jpg\"><img loading=\"lazy\" decoding=\"async\" class=\"alignnone wp-image-25879 size-medium\" src=\"https:\/\/aabbjf.com.br\/novo\/wp-content\/uploads\/2023\/05\/13-Paulo-Roberto-Xavier-Goncalves-275x300.jpg\" alt=\"\" width=\"275\" height=\"300\" srcset=\"https:\/\/aabbjf.com.br\/novo\/wp-content\/uploads\/2023\/05\/13-Paulo-Roberto-Xavier-Goncalves-275x300.jpg 275w, https:\/\/aabbjf.com.br\/novo\/wp-content\/uploads\/2023\/05\/13-Paulo-Roberto-Xavier-Goncalves-939x1024.jpg 939w, https:\/\/aabbjf.com.br\/novo\/wp-content\/uploads\/2023\/05\/13-Paulo-Roberto-Xavier-Goncalves-768x838.jpg 768w, https:\/\/aabbjf.com.br\/novo\/wp-content\/uploads\/2023\/05\/13-Paulo-Roberto-Xavier-Goncalves.jpg 1299w\" sizes=\"(max-width: 275px) 100vw, 275px\" \/><\/a><\/h3>\n<h3 style=\"text-align: center;\"><strong>Paulo Roberto Xavier Gon\u00e7alves<br \/><\/strong><em>1993\/1995<\/em><\/h3>\n<h3 style=\"text-align: center;\"><a href=\"https:\/\/aabbjf.com.br\/novo\/wp-content\/uploads\/2023\/05\/14-Jorge-Moreira-de-Freitas.jpg\"><img loading=\"lazy\" decoding=\"async\" class=\"alignnone wp-image-25880 size-medium\" src=\"https:\/\/aabbjf.com.br\/novo\/wp-content\/uploads\/2023\/05\/14-Jorge-Moreira-de-Freitas-275x300.jpg\" alt=\"\" width=\"275\" height=\"300\" srcset=\"https:\/\/aabbjf.com.br\/novo\/wp-content\/uploads\/2023\/05\/14-Jorge-Moreira-de-Freitas-275x300.jpg 275w, https:\/\/aabbjf.com.br\/novo\/wp-content\/uploads\/2023\/05\/14-Jorge-Moreira-de-Freitas-939x1024.jpg 939w, https:\/\/aabbjf.com.br\/novo\/wp-content\/uploads\/2023\/05\/14-Jorge-Moreira-de-Freitas-768x838.jpg 768w, https:\/\/aabbjf.com.br\/novo\/wp-content\/uploads\/2023\/05\/14-Jorge-Moreira-de-Freitas.jpg 1299w\" sizes=\"(max-width: 275px) 100vw, 275px\" \/><\/a><\/h3>\n<h3 style=\"text-align: center;\"><strong>Jorge Moreira de Freitas<br \/><\/strong><em>1995\/1998<br \/><\/em><em>1999\/2001<\/em><\/h3>\n<h3 style=\"text-align: center;\"><a href=\"https:\/\/aabbjf.com.br\/novo\/wp-content\/uploads\/2023\/05\/15-Sergio-Alair-Moreira-Ribeiro.jpg\"><img loading=\"lazy\" decoding=\"async\" class=\"alignnone wp-image-25881 size-medium\" src=\"https:\/\/aabbjf.com.br\/novo\/wp-content\/uploads\/2023\/05\/15-Sergio-Alair-Moreira-Ribeiro-275x300.jpg\" alt=\"\" width=\"275\" height=\"300\" srcset=\"https:\/\/aabbjf.com.br\/novo\/wp-content\/uploads\/2023\/05\/15-Sergio-Alair-Moreira-Ribeiro-275x300.jpg 275w, https:\/\/aabbjf.com.br\/novo\/wp-content\/uploads\/2023\/05\/15-Sergio-Alair-Moreira-Ribeiro-939x1024.jpg 939w, https:\/\/aabbjf.com.br\/novo\/wp-content\/uploads\/2023\/05\/15-Sergio-Alair-Moreira-Ribeiro-768x838.jpg 768w, https:\/\/aabbjf.com.br\/novo\/wp-content\/uploads\/2023\/05\/15-Sergio-Alair-Moreira-Ribeiro.jpg 1299w\" sizes=\"(max-width: 275px) 100vw, 275px\" \/><\/a><\/h3>\n<h3 style=\"text-align: center;\"><strong>S\u00e9rgio Alair Moreira Ribeiro<br \/><\/strong><em>2001\/2004<\/em><\/h3>\n<h3 style=\"text-align: center;\"><a href=\"https:\/\/aabbjf.com.br\/novo\/wp-content\/uploads\/2023\/05\/16-Walesca-Pereira-Costa.jpg\"><img loading=\"lazy\" decoding=\"async\" class=\"alignnone wp-image-25882 size-medium\" src=\"https:\/\/aabbjf.com.br\/novo\/wp-content\/uploads\/2023\/05\/16-Walesca-Pereira-Costa-275x300.jpg\" alt=\"\" width=\"275\" height=\"300\" srcset=\"https:\/\/aabbjf.com.br\/novo\/wp-content\/uploads\/2023\/05\/16-Walesca-Pereira-Costa-275x300.jpg 275w, https:\/\/aabbjf.com.br\/novo\/wp-content\/uploads\/2023\/05\/16-Walesca-Pereira-Costa-939x1024.jpg 939w, https:\/\/aabbjf.com.br\/novo\/wp-content\/uploads\/2023\/05\/16-Walesca-Pereira-Costa-768x838.jpg 768w, https:\/\/aabbjf.com.br\/novo\/wp-content\/uploads\/2023\/05\/16-Walesca-Pereira-Costa.jpg 1299w\" sizes=\"(max-width: 275px) 100vw, 275px\" \/><\/a><\/h3>\n<h3 style=\"text-align: center;\"><strong>Waleska Pereira da Costa<br \/><\/strong><em>2004\/2007<\/em><\/h3>\n<h3 style=\"text-align: center;\"><a href=\"https:\/\/aabbjf.com.br\/novo\/wp-content\/uploads\/2023\/05\/17-Edson-Penna-Filho.jpg\"><img loading=\"lazy\" decoding=\"async\" class=\"alignnone wp-image-25883 size-medium\" src=\"https:\/\/aabbjf.com.br\/novo\/wp-content\/uploads\/2023\/05\/17-Edson-Penna-Filho-204x300.jpg\" alt=\"\" width=\"204\" height=\"300\" srcset=\"https:\/\/aabbjf.com.br\/novo\/wp-content\/uploads\/2023\/05\/17-Edson-Penna-Filho-204x300.jpg 204w, https:\/\/aabbjf.com.br\/novo\/wp-content\/uploads\/2023\/05\/17-Edson-Penna-Filho-695x1024.jpg 695w, https:\/\/aabbjf.com.br\/novo\/wp-content\/uploads\/2023\/05\/17-Edson-Penna-Filho-768x1132.jpg 768w, https:\/\/aabbjf.com.br\/novo\/wp-content\/uploads\/2023\/05\/17-Edson-Penna-Filho.jpg 1018w\" sizes=\"(max-width: 204px) 100vw, 204px\" \/><\/a><\/h3>\n<h3 style=\"text-align: center;\"><strong>Edson Penna Filho<br \/><\/strong><em>2007\/2010<br \/><\/em><em>2010\/2013<br \/><\/em><em>2013\/2016<\/em><\/h3>\n<h3 style=\"text-align: center;\"><a href=\"https:\/\/aabbjf.com.br\/novo\/wp-content\/uploads\/2023\/05\/18-Edson-Almeida-Jr-scaled.jpg\"><img loading=\"lazy\" decoding=\"async\" class=\"alignnone wp-image-25884 size-medium\" src=\"https:\/\/aabbjf.com.br\/novo\/wp-content\/uploads\/2023\/05\/18-Edson-Almeida-Jr-204x300.jpg\" alt=\"\" width=\"204\" height=\"300\" srcset=\"https:\/\/aabbjf.com.br\/novo\/wp-content\/uploads\/2023\/05\/18-Edson-Almeida-Jr-204x300.jpg 204w, https:\/\/aabbjf.com.br\/novo\/wp-content\/uploads\/2023\/05\/18-Edson-Almeida-Jr-695x1024.jpg 695w, https:\/\/aabbjf.com.br\/novo\/wp-content\/uploads\/2023\/05\/18-Edson-Almeida-Jr-768x1132.jpg 768w, https:\/\/aabbjf.com.br\/novo\/wp-content\/uploads\/2023\/05\/18-Edson-Almeida-Jr-1042x1536.jpg 1042w, https:\/\/aabbjf.com.br\/novo\/wp-content\/uploads\/2023\/05\/18-Edson-Almeida-Jr-1390x2048.jpg 1390w, https:\/\/aabbjf.com.br\/novo\/wp-content\/uploads\/2023\/05\/18-Edson-Almeida-Jr-scaled.jpg 1737w\" sizes=\"(max-width: 204px) 100vw, 204px\" \/><\/a><\/h3>\n<h3 style=\"text-align: center;\"><strong>Edson Almeida J\u00fanior<br \/><\/strong><em>2016\/2019<br \/><\/em><em>2019\/2023<\/em><\/h3>\n<h3 style=\"text-align: center;\"><a href=\"https:\/\/aabbjf.com.br\/novo\/wp-content\/uploads\/2023\/05\/11-Antonio-Pereira-de-Carvalho-Filho-2.jpg\"><img loading=\"lazy\" decoding=\"async\" class=\"alignnone wp-image-25901 \" src=\"https:\/\/aabbjf.com.br\/novo\/wp-content\/uploads\/2023\/05\/11-Antonio-Pereira-de-Carvalho-Filho-2-275x300.jpg\" alt=\"\" width=\"202\" height=\"221\" srcset=\"https:\/\/aabbjf.com.br\/novo\/wp-content\/uploads\/2023\/05\/11-Antonio-Pereira-de-Carvalho-Filho-2-275x300.jpg 275w, https:\/\/aabbjf.com.br\/novo\/wp-content\/uploads\/2023\/05\/11-Antonio-Pereira-de-Carvalho-Filho-2-939x1024.jpg 939w, https:\/\/aabbjf.com.br\/novo\/wp-content\/uploads\/2023\/05\/11-Antonio-Pereira-de-Carvalho-Filho-2-768x838.jpg 768w, https:\/\/aabbjf.com.br\/novo\/wp-content\/uploads\/2023\/05\/11-Antonio-Pereira-de-Carvalho-Filho-2.jpg 1299w\" sizes=\"(max-width: 202px) 100vw, 202px\" \/><\/a><\/h3>\n<h3 style=\"text-align: center;\"><strong>Ant\u00f4nio Pereira de Carvalho Filho<br \/><\/strong><em>2023<br \/>2024\/2027<br \/><\/em><\/h3>\n\n\n<p class=\"has-text-align-center\"><\/p>\n","protected":false},"excerpt":{"rendered":"<p>Luiz de Gonzaga Monteiro1954\/1955 Carlos Alberto Menna Barreto Franco1956\/1957 Virg\u00edlio de Assis Pereira Silva J\u00fanior1958\/1959 Jahy Fran\u00e7a de Almeida1960\/1961 Jos\u00e9 M\u00e1rcio Cyrino Peralva1962\/1965 S\u00e9rgio Alberto Maestrini1966 Evandro de Toledo Louren\u00e7o1967 Jos\u00e9 M\u00e1rcio Cyrino Peralva1968\/1971 Jos\u00e9 Carlos da Cruz1972\/1973 Jos\u00e9 M\u00e1rcio Cyrino Peralva1974\/1975 Maur\u00edcio Cardoso da Silva1976\/1980 Dirceu Pereira de Souza1981\/1983 Ant\u00f4nio Pereira de Carvalho Filho1984\/19861987\/1989 [&hellip;]<\/p>\n","protected":false},"author":1,"featured_media":3598,"parent":0,"menu_order":0,"comment_status":"closed","ping_status":"closed","template":"","meta":{"footnotes":""},"_links":{"self":[{"href":"https:\/\/aabbjf.com.br\/novo\/wp-json\/wp\/v2\/pages\/1741"}],"collection":[{"href":"https:\/\/aabbjf.com.br\/novo\/wp-json\/wp\/v2\/pages"}],"about":[{"href":"https:\/\/aabbjf.com.br\/novo\/wp-json\/wp\/v2\/types\/page"}],"author":[{"embeddable":true,"href":"https:\/\/aabbjf.com.br\/novo\/wp-json\/wp\/v2\/users\/1"}],"replies":[{"embeddable":true,"href":"https:\/\/aabbjf.com.br\/novo\/wp-json\/wp\/v2\/comments?post=1741"}],"version-history":[{"count":32,"href":"https:\/\/aabbjf.com.br\/novo\/wp-json\/wp\/v2\/pages\/1741\/revisions"}],"predecessor-version":[{"id":36068,"href":"https:\/\/aabbjf.com.br\/novo\/wp-json\/wp\/v2\/pages\/1741\/revisions\/36068"}],"wp:featuredmedia":[{"embeddable":true,"href":"https:\/\/aabbjf.com.br\/novo\/wp-json\/wp\/v2\/media\/3598"}],"wp:attachment":[{"href":"https:\/\/aabbjf.com.br\/novo\/wp-json\/wp\/v2\/media?parent=1741"}],"curies":[{"name":"wp","href":"https:\/\/api.w.org\/{rel}","templated":true}]}}