{"id":1739,"date":"2017-09-27T19:06:39","date_gmt":"2017-09-27T22:06:39","guid":{"rendered":"http:\/\/aabbjf.com.br\/novo\/?page_id=1739"},"modified":"2021-05-24T11:49:54","modified_gmt":"2021-05-24T14:49:54","slug":"resumo","status":"publish","type":"page","link":"https:\/\/aabbjf.com.br\/novo\/resumo\/","title":{"rendered":"Resumo"},"content":{"rendered":"<p style=\"text-align: center;\" align=\"center\"><a href=\"https:\/\/aabbjf.com.br\/novo\/wp-content\/uploads\/2021\/05\/foto-311.jpeg\"><img fetchpriority=\"high\" decoding=\"async\" class=\"alignnone wp-image-19309 size-large\" src=\"https:\/\/aabbjf.com.br\/novo\/wp-content\/uploads\/2021\/05\/foto-311-740x1024.jpeg\" alt=\"\" width=\"620\" height=\"858\" srcset=\"https:\/\/aabbjf.com.br\/novo\/wp-content\/uploads\/2021\/05\/foto-311-740x1024.jpeg 740w, https:\/\/aabbjf.com.br\/novo\/wp-content\/uploads\/2021\/05\/foto-311-217x300.jpeg 217w, https:\/\/aabbjf.com.br\/novo\/wp-content\/uploads\/2021\/05\/foto-311-768x1062.jpeg 768w, https:\/\/aabbjf.com.br\/novo\/wp-content\/uploads\/2021\/05\/foto-311-1110x1536.jpeg 1110w, https:\/\/aabbjf.com.br\/novo\/wp-content\/uploads\/2021\/05\/foto-311.jpeg 1239w\" sizes=\"(max-width: 620px) 100vw, 620px\" \/><\/a><br \/>\n<strong>Luiz de Gonzaga Monteiro inaugura a primeira Sede da AABB Juiz de Fora (1953)<\/strong><\/p>\n<p style=\"text-align: center;\" align=\"center\"><strong>Hist\u00f3ria da AABB Juiz de Fora<\/strong><\/p>\n<p style=\"text-align: justify;\">Fundada em 25 de Maio de 1953 a Associa\u00e7\u00e3o Atl\u00e9tica Banco do Brasil &#8211; Juiz de Fora (AABB-JF) tinha como primeira Sede o 7\u00ba andar da Ag\u00eancia do Banco do Brasil na Rua Halfeld esquina com Avenida Get\u00falio Vargas, que se limitava basicamente aos eventos sociais, n\u00e3o oferecendo aos associados atividades esportivas mais abrangentes.<\/p>\n<p style=\"text-align: justify;\">A ideia de se construir uma Sede Campestre para os funcion\u00e1rios do Banco do Brasil em Juiz de Fora surgiu no final dos Anos 1950, e se concretizou em 1961, gra\u00e7as ao apoio, n\u00e3o s\u00f3 dos funcion\u00e1rios do Banco do Brasil na cidade, que cotizaram 20% do valor do im\u00f3vel da nova Sede, mas tamb\u00e9m do Banco do Brasil, que complementou os 80% restantes.<\/p>\n<p style=\"text-align: justify;\">Antes de se descobrir o terreno de dois alqueires no Bairro Teixeiras, foram visitados outros lugares que poderiam vir a ser a nova Sede da AABB de Juiz de Fora, mas nenhum interessou. Posteriormente, foi descoberta a \u00e1rea da atual Sede atrav\u00e9s do Cadastro do Banco do Brasil, pois o terreno n\u00e3o estava anunciado para venda.<\/p>\n<p style=\"text-align: justify;\">Quando foi inaugurada a nova Sede Campestre da AABB-JF, em 1962, as melhorias foram sendo feitas aos poucos, como a pintura de suas instala\u00e7\u00f5es e a constru\u00e7\u00e3o de quiosques, dentre outras benfeitorias.<\/p>\n<p style=\"text-align: center;\"><a href=\"https:\/\/aabbjf.com.br\/novo\/wp-content\/uploads\/2021\/05\/foto-285.jpeg\"><img decoding=\"async\" class=\"alignnone wp-image-19311 size-full\" src=\"https:\/\/aabbjf.com.br\/novo\/wp-content\/uploads\/2021\/05\/foto-285.jpeg\" alt=\"\" width=\"1804\" height=\"1292\" srcset=\"https:\/\/aabbjf.com.br\/novo\/wp-content\/uploads\/2021\/05\/foto-285.jpeg 1804w, https:\/\/aabbjf.com.br\/novo\/wp-content\/uploads\/2021\/05\/foto-285-300x215.jpeg 300w, https:\/\/aabbjf.com.br\/novo\/wp-content\/uploads\/2021\/05\/foto-285-1024x733.jpeg 1024w, https:\/\/aabbjf.com.br\/novo\/wp-content\/uploads\/2021\/05\/foto-285-768x550.jpeg 768w, https:\/\/aabbjf.com.br\/novo\/wp-content\/uploads\/2021\/05\/foto-285-1536x1100.jpeg 1536w\" sizes=\"(max-width: 1804px) 100vw, 1804px\" \/><\/a><strong>Sede Campestre da AABB-JF em seus prim\u00f3rdios (1965)<\/strong><\/p>\n<p style=\"text-align: justify;\">A partir de meados dos Anos 1960, com recursos do Banco do Brasil e da PLANAUTO, Plano de Carros da AABB Juiz de Fora, que entregou mais de 1600 carros em todo o Brasil, de 1968 a 1973, \u00e9 que se passou a construir o parque aqu\u00e1tico, o bar\/boite (projeto do arquiteto Pantaleone Arcuri) e o gin\u00e1sio poliesportivo, al\u00e9m da ilumina\u00e7\u00e3o e o gramado do campo de futebol, apenas para citar as obras mais vultosas em seus primeiros anos de exist\u00eancia.<\/p>\n<p style=\"text-align: justify;\">De in\u00edcio, pensou-se em fazer benfeitorias n\u00e3o muito sofisticadas na Sede Campestre da AABB Juiz de Fora, mas o Banco do Brasil negou, pois fazia quest\u00e3o que a Sede fosse de primeira linha. No local em que hoje est\u00e3o localizadas as quadras de t\u00eanis e poliesportiva, havia uma piscina enorme, mas que estava rachada. Foi criado o impasse entre recuper\u00e1-la ou construir uma nova. A segunda op\u00e7\u00e3o prevaleceu e aterrou-se a antiga e se construiu nova piscina em outro local.<\/p>\n<p style=\"text-align: justify;\">Aproveitando os tratores que terraplanaram o futuro parque aqu\u00e1tico do Clube, construiu-se o campo de futebol, para alegria dos associados, que jogavam no campo do Industrial Mineira.<\/p>\n<p style=\"text-align: justify;\">Era bastante dif\u00edcil chegar \u00e0 AABB-JF, pois o \u00fanico caminho era atrav\u00e9s da Ladeira Alexandre Leonel (ainda n\u00e3o havia sido criado o Bairro Cascatinha). Grande parte do percurso era feito em piso de terra, fazendo com que o carro escorregasse muito. N\u00e3o havia nada nessa regi\u00e3o, o Clube estava praticamente isolado. Com o passar dos anos, o Munic\u00edpio de Juiz de Fora foi se expandindo no entorno da Associa\u00e7\u00e3o, e, com isso, melhorou substancialmente o acesso.<\/p>\n<p style=\"text-align: center;\"><a href=\"https:\/\/aabbjf.com.br\/novo\/wp-content\/uploads\/2021\/05\/foto-421.jpeg\"><img decoding=\"async\" class=\"alignnone wp-image-19313 size-full\" src=\"https:\/\/aabbjf.com.br\/novo\/wp-content\/uploads\/2021\/05\/foto-421.jpeg\" alt=\"\" width=\"996\" height=\"610\" srcset=\"https:\/\/aabbjf.com.br\/novo\/wp-content\/uploads\/2021\/05\/foto-421.jpeg 996w, https:\/\/aabbjf.com.br\/novo\/wp-content\/uploads\/2021\/05\/foto-421-300x184.jpeg 300w, https:\/\/aabbjf.com.br\/novo\/wp-content\/uploads\/2021\/05\/foto-421-768x470.jpeg 768w\" sizes=\"(max-width: 996px) 100vw, 996px\" \/><\/a><strong>Inaugura\u00e7\u00e3o do Parque Aqu\u00e1tico do clube (1965)<\/strong><\/p>\n<p style=\"text-align: justify;\">O Clube, a exemplo da cidade, tamb\u00e9m se expandiu, e, ano ap\u00f3s ano, realizou v\u00e1rias benfeitorias em sua Sede: sal\u00e3o de festas\/restaurante; piscina semi-ol\u00edmpica; diversas quadras; melhorias na rede el\u00e9trica e de capta\u00e7\u00e3o e esgoto etc., e, mais recentemente, nova edifica\u00e7\u00e3o no Parque Aqu\u00e1tico.<\/p>\n<p style=\"text-align: justify;\">Como consequ\u00eancia, a AABB de Juiz de Fora pode se orgulhar de possuir hoje uma das Sedes Campestres mais arborizadas, equipadas e bem cuidadas do pa\u00eds, para satisfa\u00e7\u00e3o de seus fundadores, administradores, colaboradores e associados, que, indiferentes ao per\u00edodo em que fazem parte de seu quadro funcional ou social, aprenderam a am\u00e1-la, tornando-a verdadeiramente a \u201ccontinua\u00e7\u00e3o de suas casas\u201d, remetendo ao antigo slogan do Clube d\u00e9cadas atr\u00e1s.<\/p>\n<p style=\"text-align: center;\">[divider]<\/p>\n<p style=\"text-align: center;\"><strong>Veja tamb\u00e9m:<\/strong><\/p>\n<p style=\"text-align: center;\"><a href=\"https:\/\/aabbjf.com.br\/novo\/presidentes\/\"><strong>PRESIDENTES DA AABB-JF<\/strong><\/a><\/p>\n<p style=\"text-align: center;\"><a href=\"https:\/\/aabbjf.com.br\/novo\/o-colegao\/\"><strong>O COLEG\u00c3O<\/strong><\/a><\/p>\n<p style=\"text-align: center;\"><a href=\"https:\/\/aabbjf.com.br\/novo\/almoco-dos-aposentados\/\"><strong>ALMO\u00c7O DOS APOSENTADOS<\/strong><\/a><\/p>\n<p style=\"text-align: center;\"><a href=\"https:\/\/aabbjf.com.br\/novo\/volei-dos-aposentados\/\"><strong>V\u00d4LEI DOS APOSENTADOS<\/strong><\/a><\/p>\n<p style=\"text-align: center;\"><a href=\"https:\/\/aabbjf.com.br\/novo\/o-xaveco\/\"><strong>O XAVECO<\/strong><\/a><\/p>\n<p style=\"text-align: center;\"><a href=\"https:\/\/aabbjf.com.br\/novo\/a-charanga\/\"><strong>A CHARANGA<\/strong><\/a><\/p>\n<p style=\"text-align: center;\">[divider]<\/p>\n<p style=\"text-align: center;\"><strong>Imagens:<\/strong><\/p>\n<p style=\"text-align: center;\"><a href=\"https:\/\/aabbjf.com.br\/novo\/wp-content\/uploads\/2018\/05\/aabb65anosmai181.jpg\"><img loading=\"lazy\" decoding=\"async\" class=\"alignnone wp-image-7681 size-full\" src=\"https:\/\/aabbjf.com.br\/novo\/wp-content\/uploads\/2018\/05\/aabb65anosmai181.jpg\" alt=\"\" width=\"1300\" height=\"980\" srcset=\"https:\/\/aabbjf.com.br\/novo\/wp-content\/uploads\/2018\/05\/aabb65anosmai181.jpg 1300w, https:\/\/aabbjf.com.br\/novo\/wp-content\/uploads\/2018\/05\/aabb65anosmai181-300x226.jpg 300w, https:\/\/aabbjf.com.br\/novo\/wp-content\/uploads\/2018\/05\/aabb65anosmai181-768x579.jpg 768w, https:\/\/aabbjf.com.br\/novo\/wp-content\/uploads\/2018\/05\/aabb65anosmai181-1024x772.jpg 1024w\" sizes=\"(max-width: 1300px) 100vw, 1300px\" \/><\/a> <a href=\"https:\/\/aabbjf.com.br\/novo\/wp-content\/uploads\/2018\/05\/aabb65anosmai183.jpg\"><img loading=\"lazy\" decoding=\"async\" class=\"alignnone wp-image-7682 size-full\" src=\"https:\/\/aabbjf.com.br\/novo\/wp-content\/uploads\/2018\/05\/aabb65anosmai183.jpg\" alt=\"\" width=\"1300\" height=\"1041\" srcset=\"https:\/\/aabbjf.com.br\/novo\/wp-content\/uploads\/2018\/05\/aabb65anosmai183.jpg 1300w, https:\/\/aabbjf.com.br\/novo\/wp-content\/uploads\/2018\/05\/aabb65anosmai183-300x240.jpg 300w, https:\/\/aabbjf.com.br\/novo\/wp-content\/uploads\/2018\/05\/aabb65anosmai183-768x615.jpg 768w, https:\/\/aabbjf.com.br\/novo\/wp-content\/uploads\/2018\/05\/aabb65anosmai183-1024x820.jpg 1024w\" sizes=\"(max-width: 1300px) 100vw, 1300px\" \/><\/a> <a href=\"https:\/\/aabbjf.com.br\/novo\/wp-content\/uploads\/2018\/05\/aabb65anosmai184.jpg\"><img loading=\"lazy\" decoding=\"async\" class=\"alignnone wp-image-7683 size-full\" src=\"https:\/\/aabbjf.com.br\/novo\/wp-content\/uploads\/2018\/05\/aabb65anosmai184.jpg\" alt=\"\" width=\"1300\" height=\"835\" srcset=\"https:\/\/aabbjf.com.br\/novo\/wp-content\/uploads\/2018\/05\/aabb65anosmai184.jpg 1300w, https:\/\/aabbjf.com.br\/novo\/wp-content\/uploads\/2018\/05\/aabb65anosmai184-300x193.jpg 300w, https:\/\/aabbjf.com.br\/novo\/wp-content\/uploads\/2018\/05\/aabb65anosmai184-768x493.jpg 768w, https:\/\/aabbjf.com.br\/novo\/wp-content\/uploads\/2018\/05\/aabb65anosmai184-1024x658.jpg 1024w\" sizes=\"(max-width: 1300px) 100vw, 1300px\" \/><\/a> <a href=\"https:\/\/aabbjf.com.br\/novo\/wp-content\/uploads\/2018\/05\/aabb65anosmai185.jpg\"><img loading=\"lazy\" decoding=\"async\" class=\"alignnone wp-image-7684 size-full\" src=\"https:\/\/aabbjf.com.br\/novo\/wp-content\/uploads\/2018\/05\/aabb65anosmai185.jpg\" alt=\"\" width=\"1300\" height=\"866\" srcset=\"https:\/\/aabbjf.com.br\/novo\/wp-content\/uploads\/2018\/05\/aabb65anosmai185.jpg 1300w, https:\/\/aabbjf.com.br\/novo\/wp-content\/uploads\/2018\/05\/aabb65anosmai185-300x200.jpg 300w, https:\/\/aabbjf.com.br\/novo\/wp-content\/uploads\/2018\/05\/aabb65anosmai185-768x512.jpg 768w, https:\/\/aabbjf.com.br\/novo\/wp-content\/uploads\/2018\/05\/aabb65anosmai185-1024x682.jpg 1024w\" sizes=\"(max-width: 1300px) 100vw, 1300px\" \/><\/a> <a href=\"https:\/\/aabbjf.com.br\/novo\/wp-content\/uploads\/2018\/05\/aabb65anosmai186.jpeg\"><img loading=\"lazy\" decoding=\"async\" class=\"alignnone wp-image-7685 size-full\" src=\"https:\/\/aabbjf.com.br\/novo\/wp-content\/uploads\/2018\/05\/aabb65anosmai186.jpeg\" alt=\"\" width=\"1300\" height=\"967\" srcset=\"https:\/\/aabbjf.com.br\/novo\/wp-content\/uploads\/2018\/05\/aabb65anosmai186.jpeg 1300w, https:\/\/aabbjf.com.br\/novo\/wp-content\/uploads\/2018\/05\/aabb65anosmai186-300x223.jpeg 300w, https:\/\/aabbjf.com.br\/novo\/wp-content\/uploads\/2018\/05\/aabb65anosmai186-768x571.jpeg 768w, https:\/\/aabbjf.com.br\/novo\/wp-content\/uploads\/2018\/05\/aabb65anosmai186-1024x762.jpeg 1024w\" sizes=\"(max-width: 1300px) 100vw, 1300px\" \/><\/a> <a href=\"https:\/\/aabbjf.com.br\/novo\/wp-content\/uploads\/2018\/05\/aabb65anosmai187.jpg\"><img loading=\"lazy\" decoding=\"async\" class=\"alignnone wp-image-7686 size-full\" src=\"https:\/\/aabbjf.com.br\/novo\/wp-content\/uploads\/2018\/05\/aabb65anosmai187.jpg\" alt=\"\" width=\"1190\" height=\"1300\" srcset=\"https:\/\/aabbjf.com.br\/novo\/wp-content\/uploads\/2018\/05\/aabb65anosmai187.jpg 1190w, https:\/\/aabbjf.com.br\/novo\/wp-content\/uploads\/2018\/05\/aabb65anosmai187-275x300.jpg 275w, https:\/\/aabbjf.com.br\/novo\/wp-content\/uploads\/2018\/05\/aabb65anosmai187-768x839.jpg 768w, https:\/\/aabbjf.com.br\/novo\/wp-content\/uploads\/2018\/05\/aabb65anosmai187-937x1024.jpg 937w\" sizes=\"(max-width: 1190px) 100vw, 1190px\" \/><\/a> <a href=\"https:\/\/aabbjf.com.br\/novo\/wp-content\/uploads\/2018\/05\/aabb65anosmai188.jpg\"><img loading=\"lazy\" decoding=\"async\" class=\"alignnone wp-image-7687 size-full\" src=\"https:\/\/aabbjf.com.br\/novo\/wp-content\/uploads\/2018\/05\/aabb65anosmai188.jpg\" alt=\"\" width=\"1300\" height=\"617\" srcset=\"https:\/\/aabbjf.com.br\/novo\/wp-content\/uploads\/2018\/05\/aabb65anosmai188.jpg 1300w, https:\/\/aabbjf.com.br\/novo\/wp-content\/uploads\/2018\/05\/aabb65anosmai188-300x142.jpg 300w, https:\/\/aabbjf.com.br\/novo\/wp-content\/uploads\/2018\/05\/aabb65anosmai188-768x365.jpg 768w, https:\/\/aabbjf.com.br\/novo\/wp-content\/uploads\/2018\/05\/aabb65anosmai188-1024x486.jpg 1024w\" sizes=\"(max-width: 1300px) 100vw, 1300px\" \/><\/a> <a href=\"https:\/\/aabbjf.com.br\/novo\/wp-content\/uploads\/2018\/05\/aabb65anosmai189.jpg\"><img loading=\"lazy\" decoding=\"async\" class=\"alignnone wp-image-7688 size-full\" src=\"https:\/\/aabbjf.com.br\/novo\/wp-content\/uploads\/2018\/05\/aabb65anosmai189.jpg\" alt=\"\" width=\"1300\" height=\"947\" srcset=\"https:\/\/aabbjf.com.br\/novo\/wp-content\/uploads\/2018\/05\/aabb65anosmai189.jpg 1300w, https:\/\/aabbjf.com.br\/novo\/wp-content\/uploads\/2018\/05\/aabb65anosmai189-300x219.jpg 300w, https:\/\/aabbjf.com.br\/novo\/wp-content\/uploads\/2018\/05\/aabb65anosmai189-768x559.jpg 768w, https:\/\/aabbjf.com.br\/novo\/wp-content\/uploads\/2018\/05\/aabb65anosmai189-1024x746.jpg 1024w\" sizes=\"(max-width: 1300px) 100vw, 1300px\" \/><\/a> <a href=\"https:\/\/aabbjf.com.br\/novo\/wp-content\/uploads\/2018\/05\/aabb65anosmai1810.jpg\"><img loading=\"lazy\" decoding=\"async\" class=\"alignnone wp-image-7689 size-full\" src=\"https:\/\/aabbjf.com.br\/novo\/wp-content\/uploads\/2018\/05\/aabb65anosmai1810.jpg\" alt=\"\" width=\"1300\" height=\"841\" srcset=\"https:\/\/aabbjf.com.br\/novo\/wp-content\/uploads\/2018\/05\/aabb65anosmai1810.jpg 1300w, https:\/\/aabbjf.com.br\/novo\/wp-content\/uploads\/2018\/05\/aabb65anosmai1810-300x194.jpg 300w, https:\/\/aabbjf.com.br\/novo\/wp-content\/uploads\/2018\/05\/aabb65anosmai1810-768x497.jpg 768w, https:\/\/aabbjf.com.br\/novo\/wp-content\/uploads\/2018\/05\/aabb65anosmai1810-1024x662.jpg 1024w\" sizes=\"(max-width: 1300px) 100vw, 1300px\" \/><\/a> <a href=\"https:\/\/aabbjf.com.br\/novo\/wp-content\/uploads\/2018\/05\/aabb65anosmai1811.jpg\"><img loading=\"lazy\" decoding=\"async\" class=\"alignnone wp-image-7690 size-full\" src=\"https:\/\/aabbjf.com.br\/novo\/wp-content\/uploads\/2018\/05\/aabb65anosmai1811.jpg\" alt=\"\" width=\"1300\" height=\"977\" srcset=\"https:\/\/aabbjf.com.br\/novo\/wp-content\/uploads\/2018\/05\/aabb65anosmai1811.jpg 1300w, https:\/\/aabbjf.com.br\/novo\/wp-content\/uploads\/2018\/05\/aabb65anosmai1811-300x225.jpg 300w, https:\/\/aabbjf.com.br\/novo\/wp-content\/uploads\/2018\/05\/aabb65anosmai1811-768x577.jpg 768w, https:\/\/aabbjf.com.br\/novo\/wp-content\/uploads\/2018\/05\/aabb65anosmai1811-1024x770.jpg 1024w\" sizes=\"(max-width: 1300px) 100vw, 1300px\" \/><\/a> <a href=\"https:\/\/aabbjf.com.br\/novo\/wp-content\/uploads\/2018\/05\/aabb65anosmai1812.jpg\"><img loading=\"lazy\" decoding=\"async\" class=\"alignnone wp-image-7691 size-full\" src=\"https:\/\/aabbjf.com.br\/novo\/wp-content\/uploads\/2018\/05\/aabb65anosmai1812.jpg\" alt=\"\" width=\"1300\" height=\"947\" srcset=\"https:\/\/aabbjf.com.br\/novo\/wp-content\/uploads\/2018\/05\/aabb65anosmai1812.jpg 1300w, https:\/\/aabbjf.com.br\/novo\/wp-content\/uploads\/2018\/05\/aabb65anosmai1812-300x219.jpg 300w, https:\/\/aabbjf.com.br\/novo\/wp-content\/uploads\/2018\/05\/aabb65anosmai1812-768x559.jpg 768w, https:\/\/aabbjf.com.br\/novo\/wp-content\/uploads\/2018\/05\/aabb65anosmai1812-1024x746.jpg 1024w\" sizes=\"(max-width: 1300px) 100vw, 1300px\" \/><\/a> <a href=\"https:\/\/aabbjf.com.br\/novo\/wp-content\/uploads\/2018\/05\/aabb65anosmai1813.jpg\"><img loading=\"lazy\" decoding=\"async\" class=\"alignnone wp-image-7692 size-full\" src=\"https:\/\/aabbjf.com.br\/novo\/wp-content\/uploads\/2018\/05\/aabb65anosmai1813.jpg\" alt=\"\" width=\"1300\" height=\"891\" srcset=\"https:\/\/aabbjf.com.br\/novo\/wp-content\/uploads\/2018\/05\/aabb65anosmai1813.jpg 1300w, https:\/\/aabbjf.com.br\/novo\/wp-content\/uploads\/2018\/05\/aabb65anosmai1813-300x206.jpg 300w, https:\/\/aabbjf.com.br\/novo\/wp-content\/uploads\/2018\/05\/aabb65anosmai1813-768x526.jpg 768w, https:\/\/aabbjf.com.br\/novo\/wp-content\/uploads\/2018\/05\/aabb65anosmai1813-1024x702.jpg 1024w\" sizes=\"(max-width: 1300px) 100vw, 1300px\" \/><\/a> <a href=\"https:\/\/aabbjf.com.br\/novo\/wp-content\/uploads\/2018\/05\/aabb65anosmai1814.jpg\"><img loading=\"lazy\" decoding=\"async\" class=\"alignnone wp-image-7693 size-full\" src=\"https:\/\/aabbjf.com.br\/novo\/wp-content\/uploads\/2018\/05\/aabb65anosmai1814.jpg\" alt=\"\" width=\"1300\" height=\"933\" srcset=\"https:\/\/aabbjf.com.br\/novo\/wp-content\/uploads\/2018\/05\/aabb65anosmai1814.jpg 1300w, https:\/\/aabbjf.com.br\/novo\/wp-content\/uploads\/2018\/05\/aabb65anosmai1814-300x215.jpg 300w, https:\/\/aabbjf.com.br\/novo\/wp-content\/uploads\/2018\/05\/aabb65anosmai1814-768x551.jpg 768w, https:\/\/aabbjf.com.br\/novo\/wp-content\/uploads\/2018\/05\/aabb65anosmai1814-1024x735.jpg 1024w\" sizes=\"(max-width: 1300px) 100vw, 1300px\" \/><\/a> <a href=\"https:\/\/aabbjf.com.br\/novo\/wp-content\/uploads\/2018\/05\/aabb65anosmai1815.jpg\"><img loading=\"lazy\" decoding=\"async\" class=\"alignnone wp-image-7694 size-full\" src=\"https:\/\/aabbjf.com.br\/novo\/wp-content\/uploads\/2018\/05\/aabb65anosmai1815.jpg\" alt=\"\" width=\"1300\" height=\"755\" srcset=\"https:\/\/aabbjf.com.br\/novo\/wp-content\/uploads\/2018\/05\/aabb65anosmai1815.jpg 1300w, https:\/\/aabbjf.com.br\/novo\/wp-content\/uploads\/2018\/05\/aabb65anosmai1815-300x174.jpg 300w, https:\/\/aabbjf.com.br\/novo\/wp-content\/uploads\/2018\/05\/aabb65anosmai1815-768x446.jpg 768w, https:\/\/aabbjf.com.br\/novo\/wp-content\/uploads\/2018\/05\/aabb65anosmai1815-1024x595.jpg 1024w\" sizes=\"(max-width: 1300px) 100vw, 1300px\" \/><\/a> <a href=\"https:\/\/aabbjf.com.br\/novo\/wp-content\/uploads\/2018\/05\/aabb65anosmai1816.jpg\"><img loading=\"lazy\" decoding=\"async\" class=\"alignnone wp-image-7695 size-full\" src=\"https:\/\/aabbjf.com.br\/novo\/wp-content\/uploads\/2018\/05\/aabb65anosmai1816.jpg\" alt=\"\" width=\"1300\" height=\"925\" srcset=\"https:\/\/aabbjf.com.br\/novo\/wp-content\/uploads\/2018\/05\/aabb65anosmai1816.jpg 1300w, https:\/\/aabbjf.com.br\/novo\/wp-content\/uploads\/2018\/05\/aabb65anosmai1816-300x213.jpg 300w, https:\/\/aabbjf.com.br\/novo\/wp-content\/uploads\/2018\/05\/aabb65anosmai1816-768x546.jpg 768w, https:\/\/aabbjf.com.br\/novo\/wp-content\/uploads\/2018\/05\/aabb65anosmai1816-1024x729.jpg 1024w\" sizes=\"(max-width: 1300px) 100vw, 1300px\" \/><\/a> <a href=\"https:\/\/aabbjf.com.br\/novo\/wp-content\/uploads\/2018\/05\/aabb65anosmai1817.jpg\"><img loading=\"lazy\" decoding=\"async\" class=\"alignnone wp-image-7696 size-full\" src=\"https:\/\/aabbjf.com.br\/novo\/wp-content\/uploads\/2018\/05\/aabb65anosmai1817.jpg\" alt=\"\" width=\"1300\" height=\"896\" srcset=\"https:\/\/aabbjf.com.br\/novo\/wp-content\/uploads\/2018\/05\/aabb65anosmai1817.jpg 1300w, https:\/\/aabbjf.com.br\/novo\/wp-content\/uploads\/2018\/05\/aabb65anosmai1817-300x207.jpg 300w, https:\/\/aabbjf.com.br\/novo\/wp-content\/uploads\/2018\/05\/aabb65anosmai1817-768x529.jpg 768w, https:\/\/aabbjf.com.br\/novo\/wp-content\/uploads\/2018\/05\/aabb65anosmai1817-1024x706.jpg 1024w\" sizes=\"(max-width: 1300px) 100vw, 1300px\" \/><\/a> <a href=\"https:\/\/aabbjf.com.br\/novo\/wp-content\/uploads\/2018\/05\/aabb65anosmai1818.jpg\"><img loading=\"lazy\" decoding=\"async\" class=\"alignnone wp-image-7697 size-full\" src=\"https:\/\/aabbjf.com.br\/novo\/wp-content\/uploads\/2018\/05\/aabb65anosmai1818.jpg\" alt=\"\" width=\"1300\" height=\"851\" srcset=\"https:\/\/aabbjf.com.br\/novo\/wp-content\/uploads\/2018\/05\/aabb65anosmai1818.jpg 1300w, https:\/\/aabbjf.com.br\/novo\/wp-content\/uploads\/2018\/05\/aabb65anosmai1818-300x196.jpg 300w, https:\/\/aabbjf.com.br\/novo\/wp-content\/uploads\/2018\/05\/aabb65anosmai1818-768x503.jpg 768w, https:\/\/aabbjf.com.br\/novo\/wp-content\/uploads\/2018\/05\/aabb65anosmai1818-1024x670.jpg 1024w\" sizes=\"(max-width: 1300px) 100vw, 1300px\" \/><\/a> <a href=\"https:\/\/aabbjf.com.br\/novo\/wp-content\/uploads\/2018\/05\/aabb65anosmai1819.jpg\"><img loading=\"lazy\" decoding=\"async\" class=\"alignnone wp-image-7698 size-full\" src=\"https:\/\/aabbjf.com.br\/novo\/wp-content\/uploads\/2018\/05\/aabb65anosmai1819.jpg\" alt=\"\" width=\"1300\" height=\"947\" srcset=\"https:\/\/aabbjf.com.br\/novo\/wp-content\/uploads\/2018\/05\/aabb65anosmai1819.jpg 1300w, https:\/\/aabbjf.com.br\/novo\/wp-content\/uploads\/2018\/05\/aabb65anosmai1819-300x219.jpg 300w, https:\/\/aabbjf.com.br\/novo\/wp-content\/uploads\/2018\/05\/aabb65anosmai1819-768x559.jpg 768w, https:\/\/aabbjf.com.br\/novo\/wp-content\/uploads\/2018\/05\/aabb65anosmai1819-1024x746.jpg 1024w\" sizes=\"(max-width: 1300px) 100vw, 1300px\" \/><\/a> <a href=\"https:\/\/aabbjf.com.br\/novo\/wp-content\/uploads\/2018\/05\/aabb65anosmai1820.jpeg\"><img loading=\"lazy\" decoding=\"async\" class=\"alignnone wp-image-7699 size-full\" src=\"https:\/\/aabbjf.com.br\/novo\/wp-content\/uploads\/2018\/05\/aabb65anosmai1820.jpeg\" alt=\"\" width=\"1300\" height=\"860\" srcset=\"https:\/\/aabbjf.com.br\/novo\/wp-content\/uploads\/2018\/05\/aabb65anosmai1820.jpeg 1300w, https:\/\/aabbjf.com.br\/novo\/wp-content\/uploads\/2018\/05\/aabb65anosmai1820-300x198.jpeg 300w, https:\/\/aabbjf.com.br\/novo\/wp-content\/uploads\/2018\/05\/aabb65anosmai1820-768x508.jpeg 768w, https:\/\/aabbjf.com.br\/novo\/wp-content\/uploads\/2018\/05\/aabb65anosmai1820-1024x677.jpeg 1024w\" sizes=\"(max-width: 1300px) 100vw, 1300px\" \/><\/a><\/p>\n","protected":false},"excerpt":{"rendered":"<p>Luiz de Gonzaga Monteiro inaugura a primeira Sede da AABB Juiz de Fora (1953) Hist\u00f3ria da AABB Juiz de Fora Fundada em 25 de Maio de 1953 a Associa\u00e7\u00e3o Atl\u00e9tica Banco do Brasil &#8211; Juiz de Fora (AABB-JF) tinha como primeira Sede o 7\u00ba andar da Ag\u00eancia do Banco do Brasil na Rua Halfeld esquina [&hellip;]<\/p>\n","protected":false},"author":1,"featured_media":3598,"parent":0,"menu_order":0,"comment_status":"closed","ping_status":"closed","template":"","meta":{"footnotes":""},"_links":{"self":[{"href":"https:\/\/aabbjf.com.br\/novo\/wp-json\/wp\/v2\/pages\/1739"}],"collection":[{"href":"https:\/\/aabbjf.com.br\/novo\/wp-json\/wp\/v2\/pages"}],"about":[{"href":"https:\/\/aabbjf.com.br\/novo\/wp-json\/wp\/v2\/types\/page"}],"author":[{"embeddable":true,"href":"https:\/\/aabbjf.com.br\/novo\/wp-json\/wp\/v2\/users\/1"}],"replies":[{"embeddable":true,"href":"https:\/\/aabbjf.com.br\/novo\/wp-json\/wp\/v2\/comments?post=1739"}],"version-history":[{"count":17,"href":"https:\/\/aabbjf.com.br\/novo\/wp-json\/wp\/v2\/pages\/1739\/revisions"}],"predecessor-version":[{"id":19314,"href":"https:\/\/aabbjf.com.br\/novo\/wp-json\/wp\/v2\/pages\/1739\/revisions\/19314"}],"wp:featuredmedia":[{"embeddable":true,"href":"https:\/\/aabbjf.com.br\/novo\/wp-json\/wp\/v2\/media\/3598"}],"wp:attachment":[{"href":"https:\/\/aabbjf.com.br\/novo\/wp-json\/wp\/v2\/media?parent=1739"}],"curies":[{"name":"wp","href":"https:\/\/api.w.org\/{rel}","templated":true}]}}