{"id":1737,"date":"2017-09-27T19:06:14","date_gmt":"2017-09-27T22:06:14","guid":{"rendered":"http:\/\/aabbjf.com.br\/novo\/?page_id=1737"},"modified":"2026-01-09T16:11:38","modified_gmt":"2026-01-09T19:11:38","slug":"regimento-interno","status":"publish","type":"page","link":"https:\/\/aabbjf.com.br\/novo\/regimento-interno\/","title":{"rendered":"Regimento Interno"},"content":{"rendered":"<div dir=\"auto\" style=\"text-align: center;\">REGIMENTO INTERNO EM ATUALIZA\u00c7\u00c3O (MANUTEN\u00c7\u00c3O), CONFORME EXIG\u00caNCIA NO C\u00d3DIGO CIVIL BRASILEIRO.<\/div>\n<div dir=\"auto\"><\/div>\n<div dir=\"auto\" style=\"text-align: center;\">Qualquer necessidade de informa\u00e7\u00e3o \u00e0 respeito, entrar em contato com a Administra\u00e7\u00e3o da AABB Juiz de Fora (32 99911-6775).<\/div>\n","protected":false},"excerpt":{"rendered":"<p>REGIMENTO INTERNO EM ATUALIZA\u00c7\u00c3O (MANUTEN\u00c7\u00c3O), CONFORME EXIG\u00caNCIA NO C\u00d3DIGO CIVIL BRASILEIRO. Qualquer necessidade de informa\u00e7\u00e3o \u00e0 respeito, entrar em contato com a Administra\u00e7\u00e3o da AABB Juiz de Fora (32 99911-6775).<\/p>\n","protected":false},"author":1,"featured_media":37224,"parent":0,"menu_order":0,"comment_status":"closed","ping_status":"closed","template":"","meta":{"footnotes":""},"_links":{"self":[{"href":"https:\/\/aabbjf.com.br\/novo\/wp-json\/wp\/v2\/pages\/1737"}],"collection":[{"href":"https:\/\/aabbjf.com.br\/novo\/wp-json\/wp\/v2\/pages"}],"about":[{"href":"https:\/\/aabbjf.com.br\/novo\/wp-json\/wp\/v2\/types\/page"}],"author":[{"embeddable":true,"href":"https:\/\/aabbjf.com.br\/novo\/wp-json\/wp\/v2\/users\/1"}],"replies":[{"embeddable":true,"href":"https:\/\/aabbjf.com.br\/novo\/wp-json\/wp\/v2\/comments?post=1737"}],"version-history":[{"count":16,"href":"https:\/\/aabbjf.com.br\/novo\/wp-json\/wp\/v2\/pages\/1737\/revisions"}],"predecessor-version":[{"id":37239,"href":"https:\/\/aabbjf.com.br\/novo\/wp-json\/wp\/v2\/pages\/1737\/revisions\/37239"}],"wp:featuredmedia":[{"embeddable":true,"href":"https:\/\/aabbjf.com.br\/novo\/wp-json\/wp\/v2\/media\/37224"}],"wp:attachment":[{"href":"https:\/\/aabbjf.com.br\/novo\/wp-json\/wp\/v2\/media?parent=1737"}],"curies":[{"name":"wp","href":"https:\/\/api.w.org\/{rel}","templated":true}]}}