{"id":1731,"date":"2017-09-27T19:05:33","date_gmt":"2017-09-27T22:05:33","guid":{"rendered":"http:\/\/aabbjf.com.br\/novo\/?page_id=1731"},"modified":"2024-10-08T10:17:04","modified_gmt":"2024-10-08T13:17:04","slug":"estrutura","status":"publish","type":"page","link":"https:\/\/aabbjf.com.br\/novo\/estrutura\/","title":{"rendered":"Estrutura"},"content":{"rendered":"<p style=\"text-align: justify;\">A AABB Juiz de Fora possui uma \u00e1rea de dois alqueires, a maioria de mata atl\u00e2ntica intoc\u00e1vel e protegida por lei. Al\u00e9m disso, s\u00e3o muitas as benfeitorias: campo de futebol (gramado); campo de futebol society (grama sint\u00e9tica); quadras de areia (futev\u00f4lei e beach tennis); quadras de t\u00eanis (saibro); quadra de cimento poliesportiva (futsal, v\u00f4lei e basquete); quadra coberta de <em>squash<\/em>; gin\u00e1sio poliesportivo; sala de t\u00eanis de mesa; sal\u00e3o com mesas de sinuca, buraco e espa\u00e7o de tv e leitura; deck voltado para as quadras poliesportivas; piscina adulto, infantil e semiol\u00edmpica (aquecida); tv a cabo; internet (<em>wireless<\/em>); sauna seca e a vapor; parquinhos; bares; restaurante; sal\u00e3o de festas; churrasqueiras; trilhas para caminhadas e amplo estacionamento. Tudo isso a cinco minutos do Centro de Juiz de Fora!<\/p>\n<p style=\"text-align: center;\"><strong>AABB para voc\u00ea!<\/strong><\/p>\n\n\n<figure class=\"wp-block-image size-large\"><a href=\"https:\/\/aabbjf.com.br\/novo\/wp-content\/uploads\/2024\/10\/1-3.jpg\"><img fetchpriority=\"high\" decoding=\"async\" width=\"1024\" height=\"1024\" src=\"https:\/\/aabbjf.com.br\/novo\/wp-content\/uploads\/2024\/10\/1-3-1024x1024.jpg\" alt=\"\" class=\"wp-image-32470\" srcset=\"https:\/\/aabbjf.com.br\/novo\/wp-content\/uploads\/2024\/10\/1-3-1024x1024.jpg 1024w, https:\/\/aabbjf.com.br\/novo\/wp-content\/uploads\/2024\/10\/1-3-300x300.jpg 300w, https:\/\/aabbjf.com.br\/novo\/wp-content\/uploads\/2024\/10\/1-3-150x150.jpg 150w, https:\/\/aabbjf.com.br\/novo\/wp-content\/uploads\/2024\/10\/1-3-768x768.jpg 768w, https:\/\/aabbjf.com.br\/novo\/wp-content\/uploads\/2024\/10\/1-3.jpg 1080w\" sizes=\"(max-width: 1024px) 100vw, 1024px\" \/><\/a><\/figure>\n\n\n\n<figure class=\"wp-block-image size-large\"><a href=\"https:\/\/aabbjf.com.br\/novo\/wp-content\/uploads\/2024\/10\/2-3.jpg\"><img decoding=\"async\" width=\"1024\" height=\"1024\" src=\"https:\/\/aabbjf.com.br\/novo\/wp-content\/uploads\/2024\/10\/2-3-1024x1024.jpg\" alt=\"\" class=\"wp-image-32471\" srcset=\"https:\/\/aabbjf.com.br\/novo\/wp-content\/uploads\/2024\/10\/2-3-1024x1024.jpg 1024w, https:\/\/aabbjf.com.br\/novo\/wp-content\/uploads\/2024\/10\/2-3-300x300.jpg 300w, https:\/\/aabbjf.com.br\/novo\/wp-content\/uploads\/2024\/10\/2-3-150x150.jpg 150w, https:\/\/aabbjf.com.br\/novo\/wp-content\/uploads\/2024\/10\/2-3-768x768.jpg 768w, https:\/\/aabbjf.com.br\/novo\/wp-content\/uploads\/2024\/10\/2-3.jpg 1080w\" sizes=\"(max-width: 1024px) 100vw, 1024px\" \/><\/a><\/figure>\n\n\n\n<figure class=\"wp-block-image size-large\"><a href=\"https:\/\/aabbjf.com.br\/novo\/wp-content\/uploads\/2024\/10\/3-2.jpg\"><img decoding=\"async\" width=\"1024\" height=\"1024\" src=\"https:\/\/aabbjf.com.br\/novo\/wp-content\/uploads\/2024\/10\/3-2-1024x1024.jpg\" alt=\"\" class=\"wp-image-32472\" srcset=\"https:\/\/aabbjf.com.br\/novo\/wp-content\/uploads\/2024\/10\/3-2-1024x1024.jpg 1024w, https:\/\/aabbjf.com.br\/novo\/wp-content\/uploads\/2024\/10\/3-2-300x300.jpg 300w, https:\/\/aabbjf.com.br\/novo\/wp-content\/uploads\/2024\/10\/3-2-150x150.jpg 150w, https:\/\/aabbjf.com.br\/novo\/wp-content\/uploads\/2024\/10\/3-2-768x768.jpg 768w, https:\/\/aabbjf.com.br\/novo\/wp-content\/uploads\/2024\/10\/3-2.jpg 1080w\" sizes=\"(max-width: 1024px) 100vw, 1024px\" \/><\/a><\/figure>\n\n\n\n<figure class=\"wp-block-image size-large\"><a href=\"https:\/\/aabbjf.com.br\/novo\/wp-content\/uploads\/2024\/10\/4-1.jpg\"><img loading=\"lazy\" decoding=\"async\" width=\"1024\" height=\"1024\" src=\"https:\/\/aabbjf.com.br\/novo\/wp-content\/uploads\/2024\/10\/4-1-1024x1024.jpg\" alt=\"\" class=\"wp-image-32508\" srcset=\"https:\/\/aabbjf.com.br\/novo\/wp-content\/uploads\/2024\/10\/4-1-1024x1024.jpg 1024w, https:\/\/aabbjf.com.br\/novo\/wp-content\/uploads\/2024\/10\/4-1-300x300.jpg 300w, https:\/\/aabbjf.com.br\/novo\/wp-content\/uploads\/2024\/10\/4-1-150x150.jpg 150w, https:\/\/aabbjf.com.br\/novo\/wp-content\/uploads\/2024\/10\/4-1-768x768.jpg 768w, https:\/\/aabbjf.com.br\/novo\/wp-content\/uploads\/2024\/10\/4-1.jpg 1080w\" sizes=\"(max-width: 1024px) 100vw, 1024px\" \/><\/a><\/figure>\n\n\n\n<p class=\"has-text-align-center\">Amplo espa\u00e7o para os momentos de divers\u00e3o e lazer.<\/p>\n\n\n\n<figure class=\"wp-block-image size-large\"><a href=\"https:\/\/aabbjf.com.br\/novo\/wp-content\/uploads\/2024\/10\/1-4.jpg\"><img loading=\"lazy\" decoding=\"async\" width=\"1024\" height=\"1024\" src=\"https:\/\/aabbjf.com.br\/novo\/wp-content\/uploads\/2024\/10\/1-4-1024x1024.jpg\" alt=\"\" class=\"wp-image-32474\" srcset=\"https:\/\/aabbjf.com.br\/novo\/wp-content\/uploads\/2024\/10\/1-4-1024x1024.jpg 1024w, https:\/\/aabbjf.com.br\/novo\/wp-content\/uploads\/2024\/10\/1-4-300x300.jpg 300w, https:\/\/aabbjf.com.br\/novo\/wp-content\/uploads\/2024\/10\/1-4-150x150.jpg 150w, https:\/\/aabbjf.com.br\/novo\/wp-content\/uploads\/2024\/10\/1-4-768x768.jpg 768w, https:\/\/aabbjf.com.br\/novo\/wp-content\/uploads\/2024\/10\/1-4.jpg 1080w\" sizes=\"(max-width: 1024px) 100vw, 1024px\" \/><\/a><\/figure>\n\n\n\n<figure class=\"wp-block-image size-large\"><a href=\"https:\/\/aabbjf.com.br\/novo\/wp-content\/uploads\/2024\/10\/2-4.jpg\"><img loading=\"lazy\" decoding=\"async\" width=\"1024\" height=\"1024\" src=\"https:\/\/aabbjf.com.br\/novo\/wp-content\/uploads\/2024\/10\/2-4-1024x1024.jpg\" alt=\"\" class=\"wp-image-32475\" srcset=\"https:\/\/aabbjf.com.br\/novo\/wp-content\/uploads\/2024\/10\/2-4-1024x1024.jpg 1024w, https:\/\/aabbjf.com.br\/novo\/wp-content\/uploads\/2024\/10\/2-4-300x300.jpg 300w, https:\/\/aabbjf.com.br\/novo\/wp-content\/uploads\/2024\/10\/2-4-150x150.jpg 150w, https:\/\/aabbjf.com.br\/novo\/wp-content\/uploads\/2024\/10\/2-4-768x768.jpg 768w, https:\/\/aabbjf.com.br\/novo\/wp-content\/uploads\/2024\/10\/2-4.jpg 1080w\" sizes=\"(max-width: 1024px) 100vw, 1024px\" \/><\/a><\/figure>\n\n\n\n<p class=\"has-text-align-center\">Churrasqueiras na sede social, no campo society e no gin\u00e1sio.<\/p>\n\n\n\n<figure class=\"wp-block-image size-large\"><a href=\"https:\/\/aabbjf.com.br\/novo\/wp-content\/uploads\/2024\/10\/1-5.jpg\"><img loading=\"lazy\" decoding=\"async\" width=\"1024\" height=\"1024\" src=\"https:\/\/aabbjf.com.br\/novo\/wp-content\/uploads\/2024\/10\/1-5-1024x1024.jpg\" alt=\"\" class=\"wp-image-32476\" srcset=\"https:\/\/aabbjf.com.br\/novo\/wp-content\/uploads\/2024\/10\/1-5-1024x1024.jpg 1024w, https:\/\/aabbjf.com.br\/novo\/wp-content\/uploads\/2024\/10\/1-5-300x300.jpg 300w, https:\/\/aabbjf.com.br\/novo\/wp-content\/uploads\/2024\/10\/1-5-150x150.jpg 150w, https:\/\/aabbjf.com.br\/novo\/wp-content\/uploads\/2024\/10\/1-5-768x768.jpg 768w, https:\/\/aabbjf.com.br\/novo\/wp-content\/uploads\/2024\/10\/1-5.jpg 1080w\" sizes=\"(max-width: 1024px) 100vw, 1024px\" \/><\/a><\/figure>\n\n\n\n<figure class=\"wp-block-image size-large\"><a href=\"https:\/\/aabbjf.com.br\/novo\/wp-content\/uploads\/2024\/10\/2-5.jpg\"><img loading=\"lazy\" decoding=\"async\" width=\"1024\" height=\"1024\" src=\"https:\/\/aabbjf.com.br\/novo\/wp-content\/uploads\/2024\/10\/2-5-1024x1024.jpg\" alt=\"\" class=\"wp-image-32477\" srcset=\"https:\/\/aabbjf.com.br\/novo\/wp-content\/uploads\/2024\/10\/2-5-1024x1024.jpg 1024w, https:\/\/aabbjf.com.br\/novo\/wp-content\/uploads\/2024\/10\/2-5-300x300.jpg 300w, https:\/\/aabbjf.com.br\/novo\/wp-content\/uploads\/2024\/10\/2-5-150x150.jpg 150w, https:\/\/aabbjf.com.br\/novo\/wp-content\/uploads\/2024\/10\/2-5-768x768.jpg 768w, https:\/\/aabbjf.com.br\/novo\/wp-content\/uploads\/2024\/10\/2-5.jpg 1080w\" sizes=\"(max-width: 1024px) 100vw, 1024px\" \/><\/a><\/figure>\n\n\n\n<p class=\"has-text-align-center\">Parquinhos para as crian\u00e7as.<\/p>\n\n\n\n<figure class=\"wp-block-image size-large\"><a href=\"https:\/\/aabbjf.com.br\/novo\/wp-content\/uploads\/2024\/10\/1-6.jpg\"><img loading=\"lazy\" decoding=\"async\" width=\"1024\" height=\"1024\" src=\"https:\/\/aabbjf.com.br\/novo\/wp-content\/uploads\/2024\/10\/1-6-1024x1024.jpg\" alt=\"\" class=\"wp-image-32478\" srcset=\"https:\/\/aabbjf.com.br\/novo\/wp-content\/uploads\/2024\/10\/1-6-1024x1024.jpg 1024w, https:\/\/aabbjf.com.br\/novo\/wp-content\/uploads\/2024\/10\/1-6-300x300.jpg 300w, https:\/\/aabbjf.com.br\/novo\/wp-content\/uploads\/2024\/10\/1-6-150x150.jpg 150w, https:\/\/aabbjf.com.br\/novo\/wp-content\/uploads\/2024\/10\/1-6-768x768.jpg 768w, https:\/\/aabbjf.com.br\/novo\/wp-content\/uploads\/2024\/10\/1-6.jpg 1080w\" sizes=\"(max-width: 1024px) 100vw, 1024px\" \/><\/a><\/figure>\n\n\n\n<p class=\"has-text-align-center\">Saunas seca e a vapor.<\/p>\n\n\n\n<figure class=\"wp-block-image size-large\"><a href=\"https:\/\/aabbjf.com.br\/novo\/wp-content\/uploads\/2024\/10\/1-7.jpg\"><img loading=\"lazy\" decoding=\"async\" width=\"1024\" height=\"1024\" src=\"https:\/\/aabbjf.com.br\/novo\/wp-content\/uploads\/2024\/10\/1-7-1024x1024.jpg\" alt=\"\" class=\"wp-image-32479\" srcset=\"https:\/\/aabbjf.com.br\/novo\/wp-content\/uploads\/2024\/10\/1-7-1024x1024.jpg 1024w, https:\/\/aabbjf.com.br\/novo\/wp-content\/uploads\/2024\/10\/1-7-300x300.jpg 300w, https:\/\/aabbjf.com.br\/novo\/wp-content\/uploads\/2024\/10\/1-7-150x150.jpg 150w, https:\/\/aabbjf.com.br\/novo\/wp-content\/uploads\/2024\/10\/1-7-768x768.jpg 768w, https:\/\/aabbjf.com.br\/novo\/wp-content\/uploads\/2024\/10\/1-7.jpg 1080w\" sizes=\"(max-width: 1024px) 100vw, 1024px\" \/><\/a><\/figure>\n\n\n\n<p class=\"has-text-align-center\">Campo de futebol society com grama sint\u00e9tica.<\/p>\n\n\n\n<figure class=\"wp-block-image size-large\"><a href=\"https:\/\/aabbjf.com.br\/novo\/wp-content\/uploads\/2024\/10\/1-8.jpg\"><img loading=\"lazy\" decoding=\"async\" width=\"1024\" height=\"1024\" src=\"https:\/\/aabbjf.com.br\/novo\/wp-content\/uploads\/2024\/10\/1-8-1024x1024.jpg\" alt=\"\" class=\"wp-image-32480\" srcset=\"https:\/\/aabbjf.com.br\/novo\/wp-content\/uploads\/2024\/10\/1-8-1024x1024.jpg 1024w, https:\/\/aabbjf.com.br\/novo\/wp-content\/uploads\/2024\/10\/1-8-300x300.jpg 300w, https:\/\/aabbjf.com.br\/novo\/wp-content\/uploads\/2024\/10\/1-8-150x150.jpg 150w, https:\/\/aabbjf.com.br\/novo\/wp-content\/uploads\/2024\/10\/1-8-768x768.jpg 768w, https:\/\/aabbjf.com.br\/novo\/wp-content\/uploads\/2024\/10\/1-8.jpg 1080w\" sizes=\"(max-width: 1024px) 100vw, 1024px\" \/><\/a><\/figure>\n\n\n\n<p class=\"has-text-align-center\">Quadra aberta de futsal e basquete.<\/p>\n\n\n\n<figure class=\"wp-block-image size-large\"><a href=\"https:\/\/aabbjf.com.br\/novo\/wp-content\/uploads\/2024\/10\/1-9.jpg\"><img loading=\"lazy\" decoding=\"async\" width=\"1024\" height=\"1024\" src=\"https:\/\/aabbjf.com.br\/novo\/wp-content\/uploads\/2024\/10\/1-9-1024x1024.jpg\" alt=\"\" class=\"wp-image-32481\" srcset=\"https:\/\/aabbjf.com.br\/novo\/wp-content\/uploads\/2024\/10\/1-9-1024x1024.jpg 1024w, https:\/\/aabbjf.com.br\/novo\/wp-content\/uploads\/2024\/10\/1-9-300x300.jpg 300w, https:\/\/aabbjf.com.br\/novo\/wp-content\/uploads\/2024\/10\/1-9-150x150.jpg 150w, https:\/\/aabbjf.com.br\/novo\/wp-content\/uploads\/2024\/10\/1-9-768x768.jpg 768w, https:\/\/aabbjf.com.br\/novo\/wp-content\/uploads\/2024\/10\/1-9.jpg 1080w\" sizes=\"(max-width: 1024px) 100vw, 1024px\" \/><\/a><\/figure>\n\n\n\n<figure class=\"wp-block-image size-large\"><a href=\"https:\/\/aabbjf.com.br\/novo\/wp-content\/uploads\/2024\/10\/3-3.jpg\"><img loading=\"lazy\" decoding=\"async\" width=\"1024\" height=\"1024\" src=\"https:\/\/aabbjf.com.br\/novo\/wp-content\/uploads\/2024\/10\/3-3-1024x1024.jpg\" alt=\"\" class=\"wp-image-32482\" srcset=\"https:\/\/aabbjf.com.br\/novo\/wp-content\/uploads\/2024\/10\/3-3-1024x1024.jpg 1024w, https:\/\/aabbjf.com.br\/novo\/wp-content\/uploads\/2024\/10\/3-3-300x300.jpg 300w, https:\/\/aabbjf.com.br\/novo\/wp-content\/uploads\/2024\/10\/3-3-150x150.jpg 150w, https:\/\/aabbjf.com.br\/novo\/wp-content\/uploads\/2024\/10\/3-3-768x769.jpg 768w, https:\/\/aabbjf.com.br\/novo\/wp-content\/uploads\/2024\/10\/3-3.jpg 1080w\" sizes=\"(max-width: 1024px) 100vw, 1024px\" \/><\/a><\/figure>\n\n\n\n<p class=\"has-text-align-center\">Gin\u00e1sio poliesportivo coberto.<\/p>\n\n\n\n<figure class=\"wp-block-image size-large\"><a href=\"https:\/\/aabbjf.com.br\/novo\/wp-content\/uploads\/2024\/10\/1-10.jpg\"><img loading=\"lazy\" decoding=\"async\" width=\"1024\" height=\"1024\" src=\"https:\/\/aabbjf.com.br\/novo\/wp-content\/uploads\/2024\/10\/1-10-1024x1024.jpg\" alt=\"\" class=\"wp-image-32484\" srcset=\"https:\/\/aabbjf.com.br\/novo\/wp-content\/uploads\/2024\/10\/1-10-1024x1024.jpg 1024w, https:\/\/aabbjf.com.br\/novo\/wp-content\/uploads\/2024\/10\/1-10-300x300.jpg 300w, https:\/\/aabbjf.com.br\/novo\/wp-content\/uploads\/2024\/10\/1-10-150x150.jpg 150w, https:\/\/aabbjf.com.br\/novo\/wp-content\/uploads\/2024\/10\/1-10-768x768.jpg 768w, https:\/\/aabbjf.com.br\/novo\/wp-content\/uploads\/2024\/10\/1-10.jpg 1080w\" sizes=\"(max-width: 1024px) 100vw, 1024px\" \/><\/a><\/figure>\n\n\n\n<p class=\"has-text-align-center\">Quadras de t\u00eanis de saibro.<\/p>\n\n\n\n<figure class=\"wp-block-image size-large\"><a href=\"https:\/\/aabbjf.com.br\/novo\/wp-content\/uploads\/2024\/10\/1-11.jpg\"><img loading=\"lazy\" decoding=\"async\" width=\"1024\" height=\"1024\" src=\"https:\/\/aabbjf.com.br\/novo\/wp-content\/uploads\/2024\/10\/1-11-1024x1024.jpg\" alt=\"\" class=\"wp-image-32485\" srcset=\"https:\/\/aabbjf.com.br\/novo\/wp-content\/uploads\/2024\/10\/1-11-1024x1024.jpg 1024w, https:\/\/aabbjf.com.br\/novo\/wp-content\/uploads\/2024\/10\/1-11-300x300.jpg 300w, https:\/\/aabbjf.com.br\/novo\/wp-content\/uploads\/2024\/10\/1-11-150x150.jpg 150w, https:\/\/aabbjf.com.br\/novo\/wp-content\/uploads\/2024\/10\/1-11-768x768.jpg 768w, https:\/\/aabbjf.com.br\/novo\/wp-content\/uploads\/2024\/10\/1-11.jpg 1080w\" sizes=\"(max-width: 1024px) 100vw, 1024px\" \/><\/a><\/figure>\n\n\n\n<p class=\"has-text-align-center\">Futmesa ao ar livre.<\/p>\n\n\n\n<figure class=\"wp-block-image size-large\"><a href=\"https:\/\/aabbjf.com.br\/novo\/wp-content\/uploads\/2024\/10\/1-12.jpg\"><img loading=\"lazy\" decoding=\"async\" width=\"1021\" height=\"1024\" src=\"https:\/\/aabbjf.com.br\/novo\/wp-content\/uploads\/2024\/10\/1-12-1021x1024.jpg\" alt=\"\" class=\"wp-image-32486\" srcset=\"https:\/\/aabbjf.com.br\/novo\/wp-content\/uploads\/2024\/10\/1-12-1021x1024.jpg 1021w, https:\/\/aabbjf.com.br\/novo\/wp-content\/uploads\/2024\/10\/1-12-300x300.jpg 300w, https:\/\/aabbjf.com.br\/novo\/wp-content\/uploads\/2024\/10\/1-12-150x150.jpg 150w, https:\/\/aabbjf.com.br\/novo\/wp-content\/uploads\/2024\/10\/1-12-768x770.jpg 768w, https:\/\/aabbjf.com.br\/novo\/wp-content\/uploads\/2024\/10\/1-12.jpg 1080w\" sizes=\"(max-width: 1021px) 100vw, 1021px\" \/><\/a><\/figure>\n\n\n\n<p class=\"has-text-align-center\">Quadra de squash coberta.<\/p>\n\n\n\n<figure class=\"wp-block-image size-large\"><a href=\"https:\/\/aabbjf.com.br\/novo\/wp-content\/uploads\/2024\/10\/1-13.jpg\"><img loading=\"lazy\" decoding=\"async\" width=\"1024\" height=\"1024\" src=\"https:\/\/aabbjf.com.br\/novo\/wp-content\/uploads\/2024\/10\/1-13-1024x1024.jpg\" alt=\"\" class=\"wp-image-32488\" srcset=\"https:\/\/aabbjf.com.br\/novo\/wp-content\/uploads\/2024\/10\/1-13-1024x1024.jpg 1024w, https:\/\/aabbjf.com.br\/novo\/wp-content\/uploads\/2024\/10\/1-13-300x300.jpg 300w, https:\/\/aabbjf.com.br\/novo\/wp-content\/uploads\/2024\/10\/1-13-150x150.jpg 150w, https:\/\/aabbjf.com.br\/novo\/wp-content\/uploads\/2024\/10\/1-13-768x768.jpg 768w, https:\/\/aabbjf.com.br\/novo\/wp-content\/uploads\/2024\/10\/1-13.jpg 1080w\" sizes=\"(max-width: 1024px) 100vw, 1024px\" \/><\/a><\/figure>\n\n\n\n<p class=\"has-text-align-center\">Quadras de esportes de areia.<\/p>\n\n\n\n<figure class=\"wp-block-image size-large\"><a href=\"https:\/\/aabbjf.com.br\/novo\/wp-content\/uploads\/2024\/10\/1-14.jpg\"><img loading=\"lazy\" decoding=\"async\" width=\"1024\" height=\"1024\" src=\"https:\/\/aabbjf.com.br\/novo\/wp-content\/uploads\/2024\/10\/1-14-1024x1024.jpg\" alt=\"\" class=\"wp-image-32489\" srcset=\"https:\/\/aabbjf.com.br\/novo\/wp-content\/uploads\/2024\/10\/1-14-1024x1024.jpg 1024w, https:\/\/aabbjf.com.br\/novo\/wp-content\/uploads\/2024\/10\/1-14-300x300.jpg 300w, https:\/\/aabbjf.com.br\/novo\/wp-content\/uploads\/2024\/10\/1-14-150x150.jpg 150w, https:\/\/aabbjf.com.br\/novo\/wp-content\/uploads\/2024\/10\/1-14-768x768.jpg 768w, https:\/\/aabbjf.com.br\/novo\/wp-content\/uploads\/2024\/10\/1-14.jpg 1080w\" sizes=\"(max-width: 1024px) 100vw, 1024px\" \/><\/a><\/figure>\n\n\n\n<figure class=\"wp-block-image size-large\"><a href=\"https:\/\/aabbjf.com.br\/novo\/wp-content\/uploads\/2024\/10\/2-6.jpg\"><img loading=\"lazy\" decoding=\"async\" width=\"1024\" height=\"1024\" src=\"https:\/\/aabbjf.com.br\/novo\/wp-content\/uploads\/2024\/10\/2-6-1024x1024.jpg\" alt=\"\" class=\"wp-image-32490\" srcset=\"https:\/\/aabbjf.com.br\/novo\/wp-content\/uploads\/2024\/10\/2-6-1024x1024.jpg 1024w, https:\/\/aabbjf.com.br\/novo\/wp-content\/uploads\/2024\/10\/2-6-300x300.jpg 300w, https:\/\/aabbjf.com.br\/novo\/wp-content\/uploads\/2024\/10\/2-6-150x150.jpg 150w, https:\/\/aabbjf.com.br\/novo\/wp-content\/uploads\/2024\/10\/2-6-768x768.jpg 768w, https:\/\/aabbjf.com.br\/novo\/wp-content\/uploads\/2024\/10\/2-6.jpg 1080w\" sizes=\"(max-width: 1024px) 100vw, 1024px\" \/><\/a><\/figure>\n\n\n\n<figure class=\"wp-block-image size-large\"><a href=\"https:\/\/aabbjf.com.br\/novo\/wp-content\/uploads\/2024\/10\/3-4.jpg\"><img loading=\"lazy\" decoding=\"async\" width=\"1024\" height=\"1024\" src=\"https:\/\/aabbjf.com.br\/novo\/wp-content\/uploads\/2024\/10\/3-4-1024x1024.jpg\" alt=\"\" class=\"wp-image-32491\" srcset=\"https:\/\/aabbjf.com.br\/novo\/wp-content\/uploads\/2024\/10\/3-4-1024x1024.jpg 1024w, https:\/\/aabbjf.com.br\/novo\/wp-content\/uploads\/2024\/10\/3-4-300x300.jpg 300w, https:\/\/aabbjf.com.br\/novo\/wp-content\/uploads\/2024\/10\/3-4-150x150.jpg 150w, https:\/\/aabbjf.com.br\/novo\/wp-content\/uploads\/2024\/10\/3-4-768x768.jpg 768w, https:\/\/aabbjf.com.br\/novo\/wp-content\/uploads\/2024\/10\/3-4.jpg 1080w\" sizes=\"(max-width: 1024px) 100vw, 1024px\" \/><\/a><\/figure>\n\n\n\n<p class=\"has-text-align-center\">Piscinas semiol\u00edmpica (aquecida), adulto e infantil.<\/p>\n\n\n\n<figure class=\"wp-block-image size-large\"><a href=\"https:\/\/aabbjf.com.br\/novo\/wp-content\/uploads\/2024\/10\/1-15.jpg\"><img loading=\"lazy\" decoding=\"async\" width=\"1024\" height=\"1024\" src=\"https:\/\/aabbjf.com.br\/novo\/wp-content\/uploads\/2024\/10\/1-15-1024x1024.jpg\" alt=\"\" class=\"wp-image-32492\" srcset=\"https:\/\/aabbjf.com.br\/novo\/wp-content\/uploads\/2024\/10\/1-15-1024x1024.jpg 1024w, https:\/\/aabbjf.com.br\/novo\/wp-content\/uploads\/2024\/10\/1-15-300x300.jpg 300w, https:\/\/aabbjf.com.br\/novo\/wp-content\/uploads\/2024\/10\/1-15-150x150.jpg 150w, https:\/\/aabbjf.com.br\/novo\/wp-content\/uploads\/2024\/10\/1-15-768x768.jpg 768w, https:\/\/aabbjf.com.br\/novo\/wp-content\/uploads\/2024\/10\/1-15.jpg 1080w\" sizes=\"(max-width: 1024px) 100vw, 1024px\" \/><\/a><\/figure>\n\n\n\n<p class=\"has-text-align-center\">Academia ao ar livre.<\/p>\n\n\n\n<figure class=\"wp-block-image size-large\"><a href=\"https:\/\/aabbjf.com.br\/novo\/wp-content\/uploads\/2024\/10\/1-16.jpg\"><img loading=\"lazy\" decoding=\"async\" width=\"1024\" height=\"1024\" src=\"https:\/\/aabbjf.com.br\/novo\/wp-content\/uploads\/2024\/10\/1-16-1024x1024.jpg\" alt=\"\" class=\"wp-image-32493\" srcset=\"https:\/\/aabbjf.com.br\/novo\/wp-content\/uploads\/2024\/10\/1-16-1024x1024.jpg 1024w, https:\/\/aabbjf.com.br\/novo\/wp-content\/uploads\/2024\/10\/1-16-300x300.jpg 300w, https:\/\/aabbjf.com.br\/novo\/wp-content\/uploads\/2024\/10\/1-16-150x150.jpg 150w, https:\/\/aabbjf.com.br\/novo\/wp-content\/uploads\/2024\/10\/1-16-768x768.jpg 768w, https:\/\/aabbjf.com.br\/novo\/wp-content\/uploads\/2024\/10\/1-16.jpg 1080w\" sizes=\"(max-width: 1024px) 100vw, 1024px\" \/><\/a><\/figure>\n\n\n\n<figure class=\"wp-block-image size-large\"><a href=\"https:\/\/aabbjf.com.br\/novo\/wp-content\/uploads\/2024\/10\/2-7.jpg\"><img loading=\"lazy\" decoding=\"async\" width=\"1024\" height=\"1024\" src=\"https:\/\/aabbjf.com.br\/novo\/wp-content\/uploads\/2024\/10\/2-7-1024x1024.jpg\" alt=\"\" class=\"wp-image-32494\" srcset=\"https:\/\/aabbjf.com.br\/novo\/wp-content\/uploads\/2024\/10\/2-7-1024x1024.jpg 1024w, https:\/\/aabbjf.com.br\/novo\/wp-content\/uploads\/2024\/10\/2-7-300x300.jpg 300w, https:\/\/aabbjf.com.br\/novo\/wp-content\/uploads\/2024\/10\/2-7-150x150.jpg 150w, https:\/\/aabbjf.com.br\/novo\/wp-content\/uploads\/2024\/10\/2-7-768x767.jpg 768w, https:\/\/aabbjf.com.br\/novo\/wp-content\/uploads\/2024\/10\/2-7.jpg 1081w\" sizes=\"(max-width: 1024px) 100vw, 1024px\" \/><\/a><\/figure>\n\n\n\n<p class=\"has-text-align-center\">Sal\u00e3o de jogos, tv e leitura.<\/p>\n\n\n\n<figure class=\"wp-block-image size-large\"><a href=\"https:\/\/aabbjf.com.br\/novo\/wp-content\/uploads\/2024\/10\/1-17.jpg\"><img loading=\"lazy\" decoding=\"async\" width=\"1024\" height=\"1024\" src=\"https:\/\/aabbjf.com.br\/novo\/wp-content\/uploads\/2024\/10\/1-17-1024x1024.jpg\" alt=\"\" class=\"wp-image-32495\" srcset=\"https:\/\/aabbjf.com.br\/novo\/wp-content\/uploads\/2024\/10\/1-17-1024x1024.jpg 1024w, https:\/\/aabbjf.com.br\/novo\/wp-content\/uploads\/2024\/10\/1-17-300x300.jpg 300w, https:\/\/aabbjf.com.br\/novo\/wp-content\/uploads\/2024\/10\/1-17-150x150.jpg 150w, https:\/\/aabbjf.com.br\/novo\/wp-content\/uploads\/2024\/10\/1-17-768x768.jpg 768w, https:\/\/aabbjf.com.br\/novo\/wp-content\/uploads\/2024\/10\/1-17.jpg 1080w\" sizes=\"(max-width: 1024px) 100vw, 1024px\" \/><\/a><\/figure>\n\n\n\n<p class=\"has-text-align-center\">Sal\u00e3o de t\u00eanis de mesa.<\/p>\n\n\n\n<figure class=\"wp-block-image size-large\"><a href=\"https:\/\/aabbjf.com.br\/novo\/wp-content\/uploads\/2024\/10\/1-19.jpg\"><img loading=\"lazy\" decoding=\"async\" width=\"1024\" height=\"1024\" src=\"https:\/\/aabbjf.com.br\/novo\/wp-content\/uploads\/2024\/10\/1-19-1024x1024.jpg\" alt=\"\" class=\"wp-image-32497\" srcset=\"https:\/\/aabbjf.com.br\/novo\/wp-content\/uploads\/2024\/10\/1-19-1024x1024.jpg 1024w, https:\/\/aabbjf.com.br\/novo\/wp-content\/uploads\/2024\/10\/1-19-300x300.jpg 300w, https:\/\/aabbjf.com.br\/novo\/wp-content\/uploads\/2024\/10\/1-19-150x150.jpg 150w, https:\/\/aabbjf.com.br\/novo\/wp-content\/uploads\/2024\/10\/1-19-768x768.jpg 768w, https:\/\/aabbjf.com.br\/novo\/wp-content\/uploads\/2024\/10\/1-19.jpg 1080w\" sizes=\"(max-width: 1024px) 100vw, 1024px\" \/><\/a><\/figure>\n\n\n\n<p class=\"has-text-align-center\">Ampla mata preservada.<\/p>\n","protected":false},"excerpt":{"rendered":"<p>A AABB Juiz de Fora possui uma \u00e1rea de dois alqueires, a maioria de mata atl\u00e2ntica intoc\u00e1vel e protegida por lei. Al\u00e9m disso, s\u00e3o muitas as benfeitorias: campo de futebol (gramado); campo de futebol society (grama sint\u00e9tica); quadras de areia (futev\u00f4lei e beach tennis); quadras de t\u00eanis (saibro); quadra de cimento poliesportiva (futsal, v\u00f4lei e [&hellip;]<\/p>\n","protected":false},"author":1,"featured_media":3598,"parent":0,"menu_order":0,"comment_status":"closed","ping_status":"closed","template":"","meta":{"footnotes":""},"_links":{"self":[{"href":"https:\/\/aabbjf.com.br\/novo\/wp-json\/wp\/v2\/pages\/1731"}],"collection":[{"href":"https:\/\/aabbjf.com.br\/novo\/wp-json\/wp\/v2\/pages"}],"about":[{"href":"https:\/\/aabbjf.com.br\/novo\/wp-json\/wp\/v2\/types\/page"}],"author":[{"embeddable":true,"href":"https:\/\/aabbjf.com.br\/novo\/wp-json\/wp\/v2\/users\/1"}],"replies":[{"embeddable":true,"href":"https:\/\/aabbjf.com.br\/novo\/wp-json\/wp\/v2\/comments?post=1731"}],"version-history":[{"count":27,"href":"https:\/\/aabbjf.com.br\/novo\/wp-json\/wp\/v2\/pages\/1731\/revisions"}],"predecessor-version":[{"id":32513,"href":"https:\/\/aabbjf.com.br\/novo\/wp-json\/wp\/v2\/pages\/1731\/revisions\/32513"}],"wp:featuredmedia":[{"embeddable":true,"href":"https:\/\/aabbjf.com.br\/novo\/wp-json\/wp\/v2\/media\/3598"}],"wp:attachment":[{"href":"https:\/\/aabbjf.com.br\/novo\/wp-json\/wp\/v2\/media?parent=1731"}],"curies":[{"name":"wp","href":"https:\/\/api.w.org\/{rel}","templated":true}]}}