{"id":1727,"date":"2017-09-27T19:05:11","date_gmt":"2017-09-27T22:05:11","guid":{"rendered":"http:\/\/aabbjf.com.br\/novo\/?page_id=1727"},"modified":"2025-11-24T10:24:12","modified_gmt":"2025-11-24T13:24:12","slug":"diretoria","status":"publish","type":"page","link":"https:\/\/aabbjf.com.br\/novo\/diretoria\/","title":{"rendered":"Diretoria"},"content":{"rendered":"<p style=\"text-align: center;\"><strong>Administra\u00e7\u00e3o AABB Juiz de Fora<\/strong><\/p>\n<p style=\"text-align: center;\"><strong>Quadri\u00eanio 2024 \/ 2027<br \/>\n<\/strong><strong>\u201cAABB PARA O FUTURO\u201d<\/strong><\/p>\n<p style=\"text-align: center;\"><strong>CONSELHO DE ADMINISTRA\u00c7\u00c3O:<\/strong><\/p>\n<p style=\"text-align: center;\"><strong>Presidente:<\/strong><\/p>\n<p style=\"text-align: center;\"><a href=\"https:\/\/aabbjf.com.br\/novo\/wp-content\/uploads\/2024\/12\/1-8.jpg\"><img fetchpriority=\"high\" decoding=\"async\" class=\"alignnone  wp-image-32928\" src=\"https:\/\/aabbjf.com.br\/novo\/wp-content\/uploads\/2024\/12\/1-8.jpg\" alt=\"\" width=\"400\" height=\"364\" srcset=\"https:\/\/aabbjf.com.br\/novo\/wp-content\/uploads\/2024\/12\/1-8.jpg 809w, https:\/\/aabbjf.com.br\/novo\/wp-content\/uploads\/2024\/12\/1-8-300x273.jpg 300w, https:\/\/aabbjf.com.br\/novo\/wp-content\/uploads\/2024\/12\/1-8-768x699.jpg 768w\" sizes=\"(max-width: 400px) 100vw, 400px\" \/><\/a><\/p>\n<p style=\"text-align: center;\"><a href=\"https:\/\/aabbjf.com.br\/novo\/wp-content\/uploads\/2024\/12\/2-2.jpg\"><img decoding=\"async\" class=\"alignnone  wp-image-32930\" src=\"https:\/\/aabbjf.com.br\/novo\/wp-content\/uploads\/2024\/12\/2-2.jpg\" alt=\"\" width=\"400\" height=\"364\" srcset=\"https:\/\/aabbjf.com.br\/novo\/wp-content\/uploads\/2024\/12\/2-2.jpg 809w, https:\/\/aabbjf.com.br\/novo\/wp-content\/uploads\/2024\/12\/2-2-300x273.jpg 300w, https:\/\/aabbjf.com.br\/novo\/wp-content\/uploads\/2024\/12\/2-2-768x699.jpg 768w\" sizes=\"(max-width: 400px) 100vw, 400px\" \/><\/a><\/p>\n<p style=\"text-align: center;\"><a href=\"https:\/\/aabbjf.com.br\/novo\/wp-content\/uploads\/2024\/12\/3-2.jpg\"><img decoding=\"async\" class=\"alignnone  wp-image-32931\" src=\"https:\/\/aabbjf.com.br\/novo\/wp-content\/uploads\/2024\/12\/3-2.jpg\" alt=\"\" width=\"400\" height=\"364\" srcset=\"https:\/\/aabbjf.com.br\/novo\/wp-content\/uploads\/2024\/12\/3-2.jpg 809w, https:\/\/aabbjf.com.br\/novo\/wp-content\/uploads\/2024\/12\/3-2-300x273.jpg 300w, https:\/\/aabbjf.com.br\/novo\/wp-content\/uploads\/2024\/12\/3-2-768x699.jpg 768w\" sizes=\"(max-width: 400px) 100vw, 400px\" \/><\/a><\/p>\n<p style=\"text-align: center;\"><a href=\"https:\/\/aabbjf.com.br\/novo\/wp-content\/uploads\/2024\/12\/4-3.jpg\"><img loading=\"lazy\" decoding=\"async\" class=\"alignnone  wp-image-32932\" src=\"https:\/\/aabbjf.com.br\/novo\/wp-content\/uploads\/2024\/12\/4-3.jpg\" alt=\"\" width=\"400\" height=\"364\" srcset=\"https:\/\/aabbjf.com.br\/novo\/wp-content\/uploads\/2024\/12\/4-3.jpg 809w, https:\/\/aabbjf.com.br\/novo\/wp-content\/uploads\/2024\/12\/4-3-300x273.jpg 300w, https:\/\/aabbjf.com.br\/novo\/wp-content\/uploads\/2024\/12\/4-3-768x699.jpg 768w\" sizes=\"(max-width: 400px) 100vw, 400px\" \/><\/a><\/p>\n<p style=\"text-align: center;\"><a href=\"https:\/\/aabbjf.com.br\/novo\/wp-content\/uploads\/2024\/12\/5-5.jpg\"><img loading=\"lazy\" decoding=\"async\" class=\"alignnone  wp-image-32936\" src=\"https:\/\/aabbjf.com.br\/novo\/wp-content\/uploads\/2024\/12\/5-5.jpg\" alt=\"\" width=\"400\" height=\"364\" srcset=\"https:\/\/aabbjf.com.br\/novo\/wp-content\/uploads\/2024\/12\/5-5.jpg 809w, https:\/\/aabbjf.com.br\/novo\/wp-content\/uploads\/2024\/12\/5-5-300x273.jpg 300w, https:\/\/aabbjf.com.br\/novo\/wp-content\/uploads\/2024\/12\/5-5-768x699.jpg 768w\" sizes=\"(max-width: 400px) 100vw, 400px\" \/><\/a><\/p>\n<p style=\"text-align: center;\"><strong>Suplentes:<\/strong><\/p>\n<p style=\"text-align: center;\">Pedro Luiz Maroco Moreto<\/p>\n<p style=\"text-align: center;\">Geraldo Expedito Ferreira<\/p>\n<p style=\"text-align: center;\">Marcelo Augusto da Silva<\/p>\n<p style=\"text-align: center;\"><strong>CONSELHO DELIBERATIVO:<\/strong><\/p>\n<p style=\"text-align: center;\">Edson de Almeida J\u00fanior<br \/>\nS\u00e9rgio Alair Moreira Ribeiro<br \/>\nBruno Almeida dos Santos<br \/>\nLuiz Miguel de Andrade<br \/>\nJo\u00e3o Luis Xavier Soares<br \/>\nF\u00e1bio Luiz Dias Caputo<br \/>\nMaria de Lourdes Evangelista<br \/>\nRonaldo Barboza das Chagas<br \/>\nS\u00e1vio Freitas Reis<\/p>\n<p style=\"text-align: center;\"><strong>Suplentes:<\/strong><\/p>\n<p style=\"text-align: center;\">Luiz Paulo Knop de M. Cabral<br \/>\nLuiz Carlos Fazza<br \/>\nRodrigo Marco Fernandes<\/p>\n<p style=\"text-align: center;\"><strong>CONSELHO FISCAL:<\/strong><\/p>\n<p style=\"text-align: center;\">Evandro Savino da Matta<br \/>\nAnderson Cleiton de Oliveira<\/p>\n<p style=\"text-align: center;\"><strong>Suplentes:<\/strong><\/p>\n<p style=\"text-align: center;\">Rog\u00e9rio Carvalho de Souza<br \/>\nHenrique Oliveira<\/p>\n<p style=\"text-align: center;\"><strong>DEPARTAMENTO DE ESPORTES:<\/strong><\/p>\n<p style=\"text-align: center;\">Wilsinei Marcelino Nepomuceno (Sinei)<br \/>\n<strong>Coordenador<\/strong><\/p>\n<p style=\"text-align: center;\">S\u00e9rgio Augusto de Almeida Carmo (Serginho)<br \/>\n<strong>Supervisor<\/strong><\/p>\n<p style=\"text-align: center;\">Walter Fernandes Junior (Waltinho)<br \/>\n<strong>Supervisor<\/strong><\/p>\n<p style=\"text-align: center;\"><strong>ASSESSORIA DE COMUNICA\u00c7\u00c3O:<\/strong><\/p>\n<p style=\"text-align: center;\">S\u00e9rgio Peralva<\/p>\n","protected":false},"excerpt":{"rendered":"<p>Administra\u00e7\u00e3o AABB Juiz de Fora Quadri\u00eanio 2024 \/ 2027 \u201cAABB PARA O FUTURO\u201d CONSELHO DE ADMINISTRA\u00c7\u00c3O: Presidente: Suplentes: Pedro Luiz Maroco Moreto Geraldo Expedito Ferreira Marcelo Augusto da Silva CONSELHO DELIBERATIVO: Edson de Almeida J\u00fanior S\u00e9rgio Alair Moreira Ribeiro Bruno Almeida dos Santos Luiz Miguel de Andrade Jo\u00e3o Luis Xavier Soares F\u00e1bio Luiz Dias Caputo [&hellip;]<\/p>\n","protected":false},"author":1,"featured_media":3598,"parent":0,"menu_order":0,"comment_status":"closed","ping_status":"closed","template":"","meta":{"footnotes":""},"_links":{"self":[{"href":"https:\/\/aabbjf.com.br\/novo\/wp-json\/wp\/v2\/pages\/1727"}],"collection":[{"href":"https:\/\/aabbjf.com.br\/novo\/wp-json\/wp\/v2\/pages"}],"about":[{"href":"https:\/\/aabbjf.com.br\/novo\/wp-json\/wp\/v2\/types\/page"}],"author":[{"embeddable":true,"href":"https:\/\/aabbjf.com.br\/novo\/wp-json\/wp\/v2\/users\/1"}],"replies":[{"embeddable":true,"href":"https:\/\/aabbjf.com.br\/novo\/wp-json\/wp\/v2\/comments?post=1727"}],"version-history":[{"count":25,"href":"https:\/\/aabbjf.com.br\/novo\/wp-json\/wp\/v2\/pages\/1727\/revisions"}],"predecessor-version":[{"id":36422,"href":"https:\/\/aabbjf.com.br\/novo\/wp-json\/wp\/v2\/pages\/1727\/revisions\/36422"}],"wp:featuredmedia":[{"embeddable":true,"href":"https:\/\/aabbjf.com.br\/novo\/wp-json\/wp\/v2\/media\/3598"}],"wp:attachment":[{"href":"https:\/\/aabbjf.com.br\/novo\/wp-json\/wp\/v2\/media?parent=1727"}],"curies":[{"name":"wp","href":"https:\/\/api.w.org\/{rel}","templated":true}]}}