{"id":1699,"date":"2017-09-27T17:32:53","date_gmt":"2017-09-27T20:32:53","guid":{"rendered":"http:\/\/aabbjf.com.br\/novo\/?page_id=1699"},"modified":"2024-07-23T11:51:30","modified_gmt":"2024-07-23T14:51:30","slug":"contato","status":"publish","type":"page","link":"https:\/\/aabbjf.com.br\/novo\/contato\/","title":{"rendered":"Contato"},"content":{"rendered":"<p style=\"text-align: center;\"><strong>Associa\u00e7\u00e3o Atl\u00e9tica Banco do Brasil &#8211; Juiz de Fora MG<\/strong><br \/>\n<strong>(AABB-JF)<\/strong><\/p>\n<p style=\"text-align: center;\">Avenida Deusdedit Salgado, 1690 \u2013 Teixeiras<br \/>\n36033-000 \u2013 Juiz de Fora \u2013 MG<br \/>\n<span style=\"text-decoration: underline;\">aabb@aabbjf.com.br<\/span><br \/>\n(32) 3236-1404 \/ (32) 3217-5186<br \/>\n(32) 99811-9571 (Whatsapp)<\/p>\n","protected":false},"excerpt":{"rendered":"<p>Associa\u00e7\u00e3o Atl\u00e9tica Banco do Brasil &#8211; Juiz de Fora MG (AABB-JF) Avenida Deusdedit Salgado, 1690 \u2013 Teixeiras 36033-000 \u2013 Juiz de Fora \u2013 MG aabb@aabbjf.com.br (32) 3236-1404 \/ (32) 3217-5186 (32) 99811-9571 (Whatsapp)<\/p>\n","protected":false},"author":1,"featured_media":25762,"parent":0,"menu_order":0,"comment_status":"closed","ping_status":"closed","template":"","meta":{"footnotes":""},"_links":{"self":[{"href":"https:\/\/aabbjf.com.br\/novo\/wp-json\/wp\/v2\/pages\/1699"}],"collection":[{"href":"https:\/\/aabbjf.com.br\/novo\/wp-json\/wp\/v2\/pages"}],"about":[{"href":"https:\/\/aabbjf.com.br\/novo\/wp-json\/wp\/v2\/types\/page"}],"author":[{"embeddable":true,"href":"https:\/\/aabbjf.com.br\/novo\/wp-json\/wp\/v2\/users\/1"}],"replies":[{"embeddable":true,"href":"https:\/\/aabbjf.com.br\/novo\/wp-json\/wp\/v2\/comments?post=1699"}],"version-history":[{"count":37,"href":"https:\/\/aabbjf.com.br\/novo\/wp-json\/wp\/v2\/pages\/1699\/revisions"}],"predecessor-version":[{"id":31711,"href":"https:\/\/aabbjf.com.br\/novo\/wp-json\/wp\/v2\/pages\/1699\/revisions\/31711"}],"wp:featuredmedia":[{"embeddable":true,"href":"https:\/\/aabbjf.com.br\/novo\/wp-json\/wp\/v2\/media\/25762"}],"wp:attachment":[{"href":"https:\/\/aabbjf.com.br\/novo\/wp-json\/wp\/v2\/media?parent=1699"}],"curies":[{"name":"wp","href":"https:\/\/api.w.org\/{rel}","templated":true}]}}