{"id":1685,"date":"2017-09-27T17:22:02","date_gmt":"2017-09-27T20:22:02","guid":{"rendered":"http:\/\/aabbjf.com.br\/novo\/?page_id=1685"},"modified":"2025-03-12T11:55:17","modified_gmt":"2025-03-12T14:55:17","slug":"aulas","status":"publish","type":"page","link":"https:\/\/aabbjf.com.br\/novo\/aulas\/","title":{"rendered":"Aulas"},"content":{"rendered":"<p style=\"text-align: center;\"><strong>FUTSAL<\/strong><\/p>\n<p style=\"text-align: center;\">Alunos de 4 a 16 anos<\/p>\n<p style=\"text-align: center;\">Aulas ter\u00e7as (noite) e s\u00e1bados (manh\u00e3)<\/p>\n<p style=\"text-align: center;\">Informa\u00e7\u00f5es e inscri\u00e7\u00f5es:<\/p>\n<p style=\"text-align: center;\">Prof\u00ba. L\u00e9o Geara: 98825-2248<\/p>\n<p style=\"text-align: center;\"><strong>T\u00caNIS<\/strong><\/p>\n<p style=\"text-align: center;\">Alunos de todas as idades<\/p>\n<p style=\"text-align: center;\">Aulas de segunda a sexta (diversos hor\u00e1rios)<\/p>\n<p style=\"text-align: center;\">Informa\u00e7\u00f5es e inscri\u00e7\u00f5es:<\/p>\n<p style=\"text-align: center;\">Prof\u00ba. Jo\u00e3o Gabriel: 98862-1098<\/p>\n<p style=\"text-align: center;\"><strong>BEACH TENNIS<\/strong><\/p>\n<p style=\"text-align: center;\">Alunos de todas as idades<\/p>\n<p style=\"text-align: center;\">Aulas quartas e sextas<br \/>\n(7:30 \u00e0s 8:30 \/ 8:30 \u00e0s 9:30)<\/p>\n<p style=\"text-align: center;\">Informa\u00e7\u00f5es e inscri\u00e7\u00f5es:<\/p>\n<p style=\"text-align: center;\">Prof\u00aa. Helange: 98843-7794<\/p>\n<p style=\"text-align: center;\"><strong>NATA\u00c7\u00c3O<\/strong><\/p>\n<p style=\"text-align: center;\">Alunos de todas as idades<\/p>\n<p style=\"text-align: center;\">Aulas de segunda a sexta (diversos hor\u00e1rios a partir das 7h)<\/p>\n<p style=\"text-align: center;\">Informa\u00e7\u00f5es e inscri\u00e7\u00f5es:<\/p>\n<p style=\"text-align: center;\">Prof\u00ba. Waltinho: 98806-7151<br \/>\nProf\u00aa. Ludmila: 98832-6113<\/p>\n<p style=\"text-align: center;\"><strong>HIDROGIN\u00c1STICA<\/strong><\/p>\n<p style=\"text-align: center;\">Alunos de todas as idades<\/p>\n<p style=\"text-align: center;\">Aulas segunda e quarta (parte da tarde) e ter\u00e7a, quarta e sexta (parte da manh\u00e3)<\/p>\n<p style=\"text-align: center;\">Informa\u00e7\u00f5es e inscri\u00e7\u00f5es:<\/p>\n<p style=\"text-align: center;\">Prof\u00ba. Waltinho: 98806-7151<br \/>\nProf\u00aa. Ludmila: 98832-6113<\/p>\n<p style=\"text-align: center;\"><strong>TREINAMENTO FUNCIONAL<\/strong><\/p>\n<p style=\"text-align: center;\">Alunos e alunas de todas as idades<\/p>\n<p style=\"text-align: center;\">Aulas segunda e quarta (19:00 \u00e0s 20:00)<\/p>\n<p style=\"text-align: center;\">Informa\u00e7\u00f5es e inscri\u00e7\u00f5es:<\/p>\n<p style=\"text-align: center;\">Prof\u00ba Daniel: 99162-6681<\/p>\n","protected":false},"excerpt":{"rendered":"<p>FUTSAL Alunos de 4 a 16 anos Aulas ter\u00e7as (noite) e s\u00e1bados (manh\u00e3) Informa\u00e7\u00f5es e inscri\u00e7\u00f5es: Prof\u00ba. L\u00e9o Geara: 98825-2248 T\u00caNIS Alunos de todas as idades Aulas de segunda a sexta (diversos hor\u00e1rios) Informa\u00e7\u00f5es e inscri\u00e7\u00f5es: Prof\u00ba. Jo\u00e3o Gabriel: 98862-1098 BEACH TENNIS Alunos de todas as idades Aulas quartas e sextas (7:30 \u00e0s 8:30 \/ [&hellip;]<\/p>\n","protected":false},"author":1,"featured_media":19910,"parent":0,"menu_order":0,"comment_status":"closed","ping_status":"closed","template":"","meta":{"footnotes":""},"_links":{"self":[{"href":"https:\/\/aabbjf.com.br\/novo\/wp-json\/wp\/v2\/pages\/1685"}],"collection":[{"href":"https:\/\/aabbjf.com.br\/novo\/wp-json\/wp\/v2\/pages"}],"about":[{"href":"https:\/\/aabbjf.com.br\/novo\/wp-json\/wp\/v2\/types\/page"}],"author":[{"embeddable":true,"href":"https:\/\/aabbjf.com.br\/novo\/wp-json\/wp\/v2\/users\/1"}],"replies":[{"embeddable":true,"href":"https:\/\/aabbjf.com.br\/novo\/wp-json\/wp\/v2\/comments?post=1685"}],"version-history":[{"count":38,"href":"https:\/\/aabbjf.com.br\/novo\/wp-json\/wp\/v2\/pages\/1685\/revisions"}],"predecessor-version":[{"id":33781,"href":"https:\/\/aabbjf.com.br\/novo\/wp-json\/wp\/v2\/pages\/1685\/revisions\/33781"}],"wp:featuredmedia":[{"embeddable":true,"href":"https:\/\/aabbjf.com.br\/novo\/wp-json\/wp\/v2\/media\/19910"}],"wp:attachment":[{"href":"https:\/\/aabbjf.com.br\/novo\/wp-json\/wp\/v2\/media?parent=1685"}],"curies":[{"name":"wp","href":"https:\/\/api.w.org\/{rel}","templated":true}]}}